{"id":7774,"date":"2026-03-30T12:26:20","date_gmt":"2026-03-30T10:26:20","guid":{"rendered":"https:\/\/www.horn-wzm.de\/shop\/unkategorisiert\/fmb-turbo-3-26-3200-a-bj-07-intnr231540\/"},"modified":"2026-03-30T12:26:21","modified_gmt":"2026-03-30T10:26:21","slug":"fmb-turbo-3-26-3200-a-bj-07-intnr231540","status":"publish","type":"product","link":"https:\/\/www.horn-wzm.de\/fr\/shop\/stangenzufuehrungen\/fmb-turbo-3-26-3200-a-bj-07-intnr231540\/","title":{"rendered":"FMB Turbo 3 26 3200 A Bj. `07, IntNr231540"},"content":{"rendered":"<p><b>Emplacement :<\/b> Allemagne, Baden-W\u00fcrttemberg S\u00fcdwest<\/p>\n<p><b>Zustand:<\/b> Occasion<\/p>\n<p><b>Hersteller:<\/b> FMB<\/p>\n<p><b>Modell:<\/b> FMB<\/p>\n<p><b>Ann\u00e9e de construction :<\/b> 2007<\/p>\n<p>FMB Stangenlademagazin TURBO 3-26 3200 A, Bj. 2007<\/p>\n<p>Pays de production : Allemagne<br \/>\nTechnische Daten<br \/>\nStangendurchmesser : 3-26 mm<br \/>\nStangenl\u00e4nge : 3200 mm<br \/>\nzuletzt angebaut an CNC-Langdrehmaschine STAR SR 20RII<\/p>\n<p>POIDS ET DIMENSIONS<br \/>\nAbmessungen Lademagazin: ca. 4300 x 701 x 1400 mm<br \/>\nGewicht Lademagazin: ca. 980 kg<\/p>\n<p>Die Maschine kann nach Terminvereinbarung Strom besichtigt werden.<br \/>\nAenderungen und Irrtuemer in den technischen Daten und Angaben sowie Zwischenverkauf vorbehalten!<\/p>\n<p>FMB TURBO 3-26 3200 A bar loader, built in 2007<\/p>\n<p>Pays de fabrication : Allemagne<br \/>\nDonn\u00e9es techniques<br \/>\nBar diameter: 3-26 mm<br \/>\nBar length: 3200 mm<br \/>\nLast installed on a CNC sliding head lathe STAR SR 20R II<\/p>\n<p>POIDS ET DIMENSIONS<br \/>\nDimensions of loading magazine: approx. 4300 x 701 x 1400 mm<br \/>\nWeight of loading magazine: approx. 980 kg<\/p>\n<p>La machine peut \u00eatre visit\u00e9e sur rendez-vous.<br \/>\nSous r\u00e9serve de modifications et d'erreurs dans les donn\u00e9es techniques et les sp\u00e9cifications, ainsi que de vente pr\u00e9alable !<\/p>","protected":false},"excerpt":{"rendered":"<p>Standort: Deutschland, Baden-W\u00fcrttemberg S\u00fcdwest Zustand: Gebraucht Hersteller: FMB Modell: FMB Baujahr: 2007 FMB Stangenlademagazin TURBO 3-26 3200 A, Bj. 2007 Herstellerland: Deutschland Technische Daten Stangendurchmesser : 3-26 mm Stangenl\u00e4nge : 3200 mm zuletzt angebaut an CNC-Langdrehmaschine STAR SR 20RII GEWICHT UND ABMESSUNGEN Abmessungen Lademagazin: ca. 4300 x 701 x 1400 mm Gewicht Lademagazin: ca. 980 [&hellip;]<\/p>\n","protected":false},"featured_media":7769,"template":"","meta":[],"product_brand":[],"product_cat":[85],"product_tag":[],"class_list":{"0":"post-7774","1":"product","2":"type-product","3":"status-publish","4":"has-post-thumbnail","6":"product_cat-stangenzufuehrungen","8":"first","9":"instock","10":"taxable","11":"shipping-taxable","12":"product-type-simple"},"aioseo_notices":[],"_links":{"self":[{"href":"https:\/\/www.horn-wzm.de\/fr\/wp-json\/wp\/v2\/product\/7774","targetHints":{"allow":["GET"]}}],"collection":[{"href":"https:\/\/www.horn-wzm.de\/fr\/wp-json\/wp\/v2\/product"}],"about":[{"href":"https:\/\/www.horn-wzm.de\/fr\/wp-json\/wp\/v2\/types\/product"}],"version-history":[{"count":1,"href":"https:\/\/www.horn-wzm.de\/fr\/wp-json\/wp\/v2\/product\/7774\/revisions"}],"predecessor-version":[{"id":7775,"href":"https:\/\/www.horn-wzm.de\/fr\/wp-json\/wp\/v2\/product\/7774\/revisions\/7775"}],"wp:featuredmedia":[{"embeddable":true,"href":"https:\/\/www.horn-wzm.de\/fr\/wp-json\/wp\/v2\/media\/7769"}],"wp:attachment":[{"href":"https:\/\/www.horn-wzm.de\/fr\/wp-json\/wp\/v2\/media?parent=7774"}],"wp:term":[{"taxonomy":"product_brand","embeddable":true,"href":"https:\/\/www.horn-wzm.de\/fr\/wp-json\/wp\/v2\/product_brand?post=7774"},{"taxonomy":"product_cat","embeddable":true,"href":"https:\/\/www.horn-wzm.de\/fr\/wp-json\/wp\/v2\/product_cat?post=7774"},{"taxonomy":"product_tag","embeddable":true,"href":"https:\/\/www.horn-wzm.de\/fr\/wp-json\/wp\/v2\/product_tag?post=7774"}],"curies":[{"name":"wp","href":"https:\/\/api.w.org\/{rel}","templated":true}]}}