{"id":7536,"date":"2026-03-13T11:55:45","date_gmt":"2026-03-13T10:55:45","guid":{"rendered":"https:\/\/www.horn-wzm.de\/shop\/unkategorisiert\/cnc-lns-hydrobar-6-42-hs-4-6-bj-2011-intnr2314500\/"},"modified":"2026-03-13T11:55:46","modified_gmt":"2026-03-13T10:55:46","slug":"cnc-lns-hydrobar-6-42-hs-4-6-bj-2011-intnr2314500","status":"publish","type":"product","link":"https:\/\/www.horn-wzm.de\/fr\/shop\/stangenzufuehrungen\/cnc-lns-hydrobar-6-42-hs-4-6-bj-2011-intnr2314500\/","title":{"rendered":"CNC LNS Hydrobar 6.42 HS -4.6 Bj. 2011 IntNr2314500"},"content":{"rendered":"<p><b>Emplacement :<\/b> Allemagne, Baden-W\u00fcrttemberg S\u00fcdwest<\/p>\n<p><b>Zustand:<\/b> Occasion<\/p>\n<p><b>Hersteller:<\/b> HAAS<\/p>\n<p><b>Modell:<\/b> HAAS<\/p>\n<p><b>Ann\u00e9e de construction :<\/b> 2009<\/p>\n<p>Zum Verkauf steht ein bew\u00e4hrtes Hochleistungs-Stangenlademagazin<br \/>\nLNS, Typ Hydrobar 6.42 HS-4.6. <\/p>\n<p>Technische Daten<\/p>\n<p>Hersteller\tLNS (Schweiz)<br \/>\nModell\tHydrobar 6.42 HS-4.6<br \/>\nAnn\u00e9e de construction 2011<br \/>\nArbeitsbereich (Durchmesser)\t\u00d8 6 mm bis \u00d8 42 mm<br \/>\nMax. Stangenl\u00e4nge\t3.000 mm<br \/>\nF\u00fchrungsprinzip\tHydrobarisch (vollst\u00e4ndiges \u00d6lbad)<br \/>\nVorschubantrieb\tHydraulisch<br \/>\n\u00d6lf\u00fcllmenge\tca. 150 &#8211; 170 Liter (HLP 46 oder vergleichbar)<br \/>\nGesamtl\u00e4nge des Magazins\tca. 4.850 mm<br \/>\nGewicht (leer)\tca. 650 kg<\/p>\n<p>Die Maschine kann nach Terminvereinbarung unter Strom besichtigt werden.<br \/>\nAenderungen und Irrtuemer in den technischen Daten und Angaben sowie Zwischenverkauf vorbehalten!<\/p>\n<p>A tried-and-tested high-performance bar-loading magazine<br \/>\nLNS, model Hydrobar 6.42 HS-4.6, is for sale. <\/p>\n<p>Sp\u00e9cifications techniques<\/p>\n<p>Manufacturer    LNS (Switzerland)<br \/>\nModel    Hydrobar 6.42 HS-4.6<br \/>\nYear of manufacture    2011<br \/>\nWorking range (diameter)    \u00d8 6 mm to \u00d8 42 mm<br \/>\nMax. bar length    3,000 mm<br \/>\nGuide principle    Hydrobaric (full oil bath)<br \/>\nFeed drive    Hydraulic<br \/>\nOil capacity    approx. 150\u2013170 litres (HLP 46 or equivalent)<br \/>\nTotal length of the magazine    approx. 4,850 mm<br \/>\nWeight (empty)    approx. 650 kg<\/p>\n<p>The machine can be viewed in operation by appointment.<br \/>\nSous r\u00e9serve de modifications et d'erreurs dans les donn\u00e9es techniques et les sp\u00e9cifications, ainsi que de vente pr\u00e9alable !<\/p>","protected":false},"excerpt":{"rendered":"<p>Standort: Deutschland, Baden-W\u00fcrttemberg S\u00fcdwest Zustand: Gebraucht Hersteller: HAAS Modell: HAAS Baujahr: 2009 Zum Verkauf steht ein bew\u00e4hrtes Hochleistungs-Stangenlademagazin LNS, Typ Hydrobar 6.42 HS-4.6. Technische Daten Hersteller LNS (Schweiz) Modell Hydrobar 6.42 HS-4.6 Baujahr 2011 Arbeitsbereich (Durchmesser) \u00d8 6 mm bis \u00d8 42 mm Max. Stangenl\u00e4nge 3.000 mm F\u00fchrungsprinzip Hydrobarisch (vollst\u00e4ndiges \u00d6lbad) Vorschubantrieb Hydraulisch \u00d6lf\u00fcllmenge ca. [&hellip;]<\/p>\n","protected":false},"featured_media":7532,"template":"","meta":[],"product_brand":[],"product_cat":[85],"product_tag":[],"class_list":{"0":"post-7536","1":"product","2":"type-product","3":"status-publish","4":"has-post-thumbnail","6":"product_cat-stangenzufuehrungen","8":"first","9":"instock","10":"taxable","11":"shipping-taxable","12":"product-type-simple"},"aioseo_notices":[],"_links":{"self":[{"href":"https:\/\/www.horn-wzm.de\/fr\/wp-json\/wp\/v2\/product\/7536","targetHints":{"allow":["GET"]}}],"collection":[{"href":"https:\/\/www.horn-wzm.de\/fr\/wp-json\/wp\/v2\/product"}],"about":[{"href":"https:\/\/www.horn-wzm.de\/fr\/wp-json\/wp\/v2\/types\/product"}],"version-history":[{"count":1,"href":"https:\/\/www.horn-wzm.de\/fr\/wp-json\/wp\/v2\/product\/7536\/revisions"}],"predecessor-version":[{"id":7537,"href":"https:\/\/www.horn-wzm.de\/fr\/wp-json\/wp\/v2\/product\/7536\/revisions\/7537"}],"wp:featuredmedia":[{"embeddable":true,"href":"https:\/\/www.horn-wzm.de\/fr\/wp-json\/wp\/v2\/media\/7532"}],"wp:attachment":[{"href":"https:\/\/www.horn-wzm.de\/fr\/wp-json\/wp\/v2\/media?parent=7536"}],"wp:term":[{"taxonomy":"product_brand","embeddable":true,"href":"https:\/\/www.horn-wzm.de\/fr\/wp-json\/wp\/v2\/product_brand?post=7536"},{"taxonomy":"product_cat","embeddable":true,"href":"https:\/\/www.horn-wzm.de\/fr\/wp-json\/wp\/v2\/product_cat?post=7536"},{"taxonomy":"product_tag","embeddable":true,"href":"https:\/\/www.horn-wzm.de\/fr\/wp-json\/wp\/v2\/product_tag?post=7536"}],"curies":[{"name":"wp","href":"https:\/\/api.w.org\/{rel}","templated":true}]}}