{"id":7419,"date":"2026-02-24T12:43:21","date_gmt":"2026-02-24T11:43:21","guid":{"rendered":"https:\/\/www.horn-wzm.de\/shop\/unkategorisiert\/gebr-haas-vf-2ss-he_4_5-achsen_bj-11_2006_-intnr231427-2\/"},"modified":"2026-02-24T12:43:21","modified_gmt":"2026-02-24T11:43:21","slug":"gebr-haas-vf-2ss-he_4_5-achsen_bj-11_2006_-intnr231427-2","status":"publish","type":"product","link":"https:\/\/www.horn-wzm.de\/fr\/shop\/cnc-bearbeitungszentrum\/gebr-haas-vf-2ss-he_4_5-achsen_bj-11_2006_-intnr231427-2\/","title":{"rendered":"d'occasion Haas VF-2SS HE_4_5-Axis_Bj.11_2006_ IntNr231427"},"content":{"rendered":"<p><b>Emplacement :<\/b> Allemagne, Baden-W\u00fcrttemberg S\u00fcdwest<\/p>\n<p><b>Zustand:<\/b> Occasion<\/p>\n<p><b>Hersteller:<\/b> HAAS<\/p>\n<p><b>Modell:<\/b> HAAS<\/p>\n<p><b>Ann\u00e9e de construction :<\/b> 2006<\/p>\n<p>Haas VF-2SS HE (ann\u00e9e 2006) - 4\/5 axes<br \/>\nheures de fonctionnement :<br \/>\nType de machine : Centre d'usinage vertical (CNC) - Haas VF-2SS HE<br \/>\nAnn\u00e9e de construction : 2006<br \/>\nCommande : Haas NGC<br \/>\nType d'entra\u00eenement : broche \u00e0 grande vitesse (High Efficiency)<br \/>\nCapacit\u00e9 d'axe : usinage 4 \/ 5 axes <\/p>\n<p>Donn\u00e9es m\u00e9caniques<br \/>\nCourse de d\u00e9placement :<br \/>\nAxe X : 762 mm<br \/>\naxe Y : 406 mm<br \/>\naxe Z : 508 mm<br \/>\nSurface de la table : 762 x 406 mm<br \/>\ncharge de la table : jusqu'\u00e0 450 kg<br \/>\nBroche \/ entra\u00eenement<br \/>\nType de broche : broche en ligne \u00e0 grande vitesse<br \/>\nPlage de vitesse : jusqu'\u00e0 12 000 tr\/min <\/p>\n<p>Entra\u00eenements d'axes<br \/>\nAxe X\/Y\/Z : vis \u00e0 billes, guidages de pr\u00e9cision<br \/>\n4e\/5e axe : table pivotante\/table tournante int\u00e9gr\u00e9e, command\u00e9e par CNC<\/p>\n<p>Magasin de revolvers<br \/>\nCapacit\u00e9 : 24 emplacements d'outils<br \/>\nSp\u00e4nef\u00f6rderer<\/p>\n<p>Tensions \u00e9lectriques : 400 V, 50 Hz, triphas\u00e9<\/p>\n<p>Surface au sol \/ dimensions d'installation : env. 2.200 mm x 2.000 mm (l x p)<\/p>\n<p>Poids de la machine : env. 3 600 kg<\/p>\n<p>Machine enti\u00e8rement fonctionnelle \u00e9lectriquement et m\u00e9caniquement<br \/>\nDocumentation technique <\/p>\n<p>Die Maschine kann nach Terminvereinbarung Strom besichtigt werden.<br \/>\nAenderungen und Irrtuemer in den technischen Daten und Angaben sowie Zwischenverkauf vorbehalten!<\/p>\n<p>Haas VF-2SS HE (Ann\u00e9e 2006) - 4\/5-axes<br \/>\nHeures d'ouverture : sur demande<br \/>\nType de machine : Centre d'usinage vertical (CNC) - Haas VF-2SS HE<br \/>\nAnn\u00e9e de fabrication : 2006<br \/>\nContr\u00f4le : Haas NGC<br \/>\nSyst\u00e8me d'entra\u00eenement : Broche \u00e0 grande vitesse (High Efficiency)<br \/>\nCapacit\u00e9 d'axe : usinage 4 \/ 5 axes<br \/>\nDonn\u00e9es m\u00e9caniques<br \/>\nVoyages :<br \/>\naxe des X : 762 mm<br \/>\naxe Y : 406 mm<br \/>\naxe Z : 508 mm<br \/>\nTaille de la table : 762 \u00d7 406 mm<br \/>\nCharge de la tablette : jusqu'\u00e0 450 kg<br \/>\nBroche \/ Entra\u00eenement<br \/>\nType de broche : Broche \u00e0 grande vitesse en ligne<br \/>\nGamme de vitesses : jusqu'\u00e0 12,000 rpm<br \/>\nAxis Drives<br \/>\nAxes X\/Y\/Z : entra\u00eenements par vis \u00e0 billes, guides lin\u00e9aires de pr\u00e9cision<br \/>\n4th \/ 5th axis : Table rotative\/\u00e0 inclinaison int\u00e9gr\u00e9e, contr\u00f4l\u00e9e par CNC<br \/>\nTool Magazine<br \/>\nCapacit\u00e9 : 24 positions d'outils<br \/>\nConvoyeur de puces:Yes<br \/>\nDonn\u00e9es \u00e9lectriques<br \/>\nAlimentation \u00e9lectrique : 400 V, 50 Hz, 3 phases<br \/>\n Dimensions \/ Poids<\/p>\n<p>Espace au sol : env. 2,200 \u00d7 2,000 mm (L \u00d7 P)<br \/>\nPoids de la machine : env. 3,600 kg<\/p>\n<p>Condition \/ Notes<br \/>\nla machine est enti\u00e8rement fonctionnelle sur le plan \u00e9lectrique et m\u00e9canique<br \/>\nDocumentation technique disponible<\/p>\n<p>La machine peut \u00eatre inspect\u00e9e sous tension sur rendez-vous avant la vente. Les donn\u00e9es techniques et les descriptions sont sujettes \u00e0 des modifications et \u00e0 des erreurs.<\/p>","protected":false},"excerpt":{"rendered":"<p>Standort: Deutschland, Baden-W\u00fcrttemberg S\u00fcdwest Zustand: Gebraucht Hersteller: HAAS Modell: HAAS Baujahr: 2006 Haas VF-2SS HE (Bj. 2006) \u2013 4\/5-Achsen Betriebsstunden: Maschinentyp: Vertikales Bearbeitungszentrum (CNC) \u2013 Haas VF-2SS HE Baujahr: 2006 Steuerung: Haas NGC Antriebsart: Hochgeschwindigkeits-Spindel (High Efficiency) Achsf\u00e4higkeit: 4- \/ 5-Achsen Bearbeitung Mechanische Daten Verfahrwege: X-Achse: 762 mm Y-Achse: 406 mm Z-Achse: 508 mm Tischfl\u00e4che: [&hellip;]<\/p>\n","protected":false},"featured_media":7414,"template":"","meta":[],"product_brand":[],"product_cat":[88],"product_tag":[],"class_list":{"0":"post-7419","1":"product","2":"type-product","3":"status-publish","4":"has-post-thumbnail","6":"product_cat-cnc-bearbeitungszentrum","8":"first","9":"instock","10":"taxable","11":"shipping-taxable","12":"product-type-simple"},"aioseo_notices":[],"_links":{"self":[{"href":"https:\/\/www.horn-wzm.de\/fr\/wp-json\/wp\/v2\/product\/7419","targetHints":{"allow":["GET"]}}],"collection":[{"href":"https:\/\/www.horn-wzm.de\/fr\/wp-json\/wp\/v2\/product"}],"about":[{"href":"https:\/\/www.horn-wzm.de\/fr\/wp-json\/wp\/v2\/types\/product"}],"version-history":[{"count":1,"href":"https:\/\/www.horn-wzm.de\/fr\/wp-json\/wp\/v2\/product\/7419\/revisions"}],"predecessor-version":[{"id":7420,"href":"https:\/\/www.horn-wzm.de\/fr\/wp-json\/wp\/v2\/product\/7419\/revisions\/7420"}],"wp:featuredmedia":[{"embeddable":true,"href":"https:\/\/www.horn-wzm.de\/fr\/wp-json\/wp\/v2\/media\/7414"}],"wp:attachment":[{"href":"https:\/\/www.horn-wzm.de\/fr\/wp-json\/wp\/v2\/media?parent=7419"}],"wp:term":[{"taxonomy":"product_brand","embeddable":true,"href":"https:\/\/www.horn-wzm.de\/fr\/wp-json\/wp\/v2\/product_brand?post=7419"},{"taxonomy":"product_cat","embeddable":true,"href":"https:\/\/www.horn-wzm.de\/fr\/wp-json\/wp\/v2\/product_cat?post=7419"},{"taxonomy":"product_tag","embeddable":true,"href":"https:\/\/www.horn-wzm.de\/fr\/wp-json\/wp\/v2\/product_tag?post=7419"}],"curies":[{"name":"wp","href":"https:\/\/api.w.org\/{rel}","templated":true}]}}