{"id":7102,"date":"2026-01-12T13:40:26","date_gmt":"2026-01-12T12:40:26","guid":{"rendered":"https:\/\/www.horn-wzm.de\/shop\/unkategorisiert\/gebr-cnc-kurzdrehmaschine-used-cnc-lathe-star-sr32-jn-2015-intnr231186\/"},"modified":"2026-01-12T13:40:26","modified_gmt":"2026-01-12T12:40:26","slug":"gebr-cnc-tour-court-used-cnc-lathe-star-sr32-jn-2015-intnr231186","status":"publish","type":"product","link":"https:\/\/www.horn-wzm.de\/fr\/shop\/cnc-kurzdrehmaschinen\/gebr-cnc-kurzdrehmaschine-used-cnc-lathe-star-sr32-jn-2015-intnr231186\/","title":{"rendered":"machine d'occasion \u00e0 tour court CNC\/used cnc lathe STAR SR32-JN, 2015 (IntNr231186)"},"content":{"rendered":"<p><b>Emplacement :<\/b> Allemagne, Baden-W\u00fcrttemberg S\u00fcdwest<\/p>\n<p><b>Zustand:<\/b> Comme neuf<\/p>\n<p><b>Hersteller:<\/b> STAR Micronics<\/p>\n<p><b>Modell:<\/b> STAR Micronics<\/p>\n<p><b>Ann\u00e9e de construction :<\/b> 2015<\/p>\n<p><b>heures de fonctionnement :<\/b> 16000<\/p>\n<p>Tour CNC \u00e0 poup\u00e9e mobile STAR SR32JN New d'occasion, ann\u00e9e 2015<br \/>\nCommande, Fabr. Fanuc, s\u00e9rie 32i-B,<br \/>\n7 axes (X\/Z\/Y\/C1\/X1\/Z1\/C2,<br \/>\n\u00d8 max. de la barre : 32 mm,<br \/>\nLongueur de tournage max. 80 mm,<br \/>\nHauptspindel, Drehzahl max. 7.000 U\/min, C-Achse 0,001 Grad,<br \/>\n\u00d8 max. de la contre-broche 32 mm,<br \/>\nVitesse de rotation de la contre-broche max. 7.000 tr\/min, axe C,<br \/>\nPorte-outils pour un total de 23 outils (porte-outils lin\u00e9aires, appareil frontal, usinage de la face arri\u00e8re),<br \/>\nPompe de refroidissement \u00e0 d\u00e9bit accru<br \/>\nTeilef\u00f6rderband,<br \/>\nConvoyeur de copeaux Mayfran,<br \/>\n***Set de service paquet d'\u00e9mulsion***<br \/>\nMagasin de chargement FMB turbo 3-36\/3200 \/ A \/Sous-structure \u00e0 rotation courte<br \/>\nUtilisation du liquide de refroidissement de la machine : \u00e9mulsion<\/p>\n<p>Die Maschine kann nach Terminvereinbarung unter Strom besichtigt werden.<br \/>\nAenderungen und Irrtuemer in den technischen Daten und Angaben sowie Zwischenverkauf vorbehalten!<\/p>\n<p>Used CNC Swiss type lathe STAR SR32-JN New, year 2015<br \/>\ncontr\u00f4le, faites Fanuc, s\u00e9rie 32i-B,<br \/>\n7 axes (X\/Z\/Y\/C1\/X1\/Z1\/C2,<br \/>\nbar-\u00d8 max. 32 mm,<br \/>\nlongueur de tournage max. 80 mm,<br \/>\nbroche principale, vitesse max. 7.000 rpm, axe C 0,001 degr\u00e9,<br \/>\nbroche arri\u00e8re \u00d8 max. 32 mm,<br \/>\nvitesse max. 7.000 rpm, axe C,<br \/>\nporte-outils pour un total de 23 outils (porte-outils lin\u00e9aire, fixation frontale, usinage arri\u00e8re),<br \/>\nparts conveyor belt,<br \/>\nConvoyeur \u00e0 puces Mayfran,<br \/>\n***Set de service paquet \u00e9mulsion***<br \/>\nbarloader magazine FMB turbo 3-36\/3200 \/ A \/accessories to support<br \/>\ntourner sans bush de guidage.<br \/>\nUtilisation de r\u00e9frig\u00e9rant dans la machine : \u00e9mulsion<\/p>\n<p>La machine peut \u00eatre inspect\u00e9e sous tension sur rendez-vous.<br \/>\nChanges and errors in the technical data and information and subject to prior sale!<\/p>","protected":false},"excerpt":{"rendered":"<p>Standort: Deutschland, Baden-W\u00fcrttemberg S\u00fcdwest Zustand: Neuwertig Hersteller: STAR Micronics Modell: STAR Micronics Baujahr: 2015 Betriebsstunden: 16000 gebr. CNC-Langdrehmaschine STAR SR32JN New, Bj. 2015 Steuerung, Fabr. Fanuc, Serie 32i-B, 7 Achsen (X\/Z\/Y\/C1\/X1\/Z1\/C2, Stangen-\u00d8 max. 32 mm, Drehl\u00e4nge max. 80 mm, Hauptspindel, Drehzahl max. 7.000 U\/min, C-Achse 0,001 Grad, Gegenspindel-\u00d8 max. 32 mm, Gegenspindeldrehzahl max. 7.000 U\/min, [&hellip;]<\/p>\n","protected":false},"featured_media":7095,"template":"","meta":[],"product_brand":[],"product_cat":[87],"product_tag":[],"class_list":{"0":"post-7102","1":"product","2":"type-product","3":"status-publish","4":"has-post-thumbnail","6":"product_cat-cnc-kurzdrehmaschinen","8":"first","9":"instock","10":"taxable","11":"shipping-taxable","12":"product-type-simple"},"aioseo_notices":[],"_links":{"self":[{"href":"https:\/\/www.horn-wzm.de\/fr\/wp-json\/wp\/v2\/product\/7102","targetHints":{"allow":["GET"]}}],"collection":[{"href":"https:\/\/www.horn-wzm.de\/fr\/wp-json\/wp\/v2\/product"}],"about":[{"href":"https:\/\/www.horn-wzm.de\/fr\/wp-json\/wp\/v2\/types\/product"}],"version-history":[{"count":1,"href":"https:\/\/www.horn-wzm.de\/fr\/wp-json\/wp\/v2\/product\/7102\/revisions"}],"predecessor-version":[{"id":7103,"href":"https:\/\/www.horn-wzm.de\/fr\/wp-json\/wp\/v2\/product\/7102\/revisions\/7103"}],"wp:featuredmedia":[{"embeddable":true,"href":"https:\/\/www.horn-wzm.de\/fr\/wp-json\/wp\/v2\/media\/7095"}],"wp:attachment":[{"href":"https:\/\/www.horn-wzm.de\/fr\/wp-json\/wp\/v2\/media?parent=7102"}],"wp:term":[{"taxonomy":"product_brand","embeddable":true,"href":"https:\/\/www.horn-wzm.de\/fr\/wp-json\/wp\/v2\/product_brand?post=7102"},{"taxonomy":"product_cat","embeddable":true,"href":"https:\/\/www.horn-wzm.de\/fr\/wp-json\/wp\/v2\/product_cat?post=7102"},{"taxonomy":"product_tag","embeddable":true,"href":"https:\/\/www.horn-wzm.de\/fr\/wp-json\/wp\/v2\/product_tag?post=7102"}],"curies":[{"name":"wp","href":"https:\/\/api.w.org\/{rel}","templated":true}]}}