{"id":7093,"date":"2026-01-09T14:41:21","date_gmt":"2026-01-09T13:41:21","guid":{"rendered":"https:\/\/www.horn-wzm.de\/shop\/unkategorisiert\/index-abc_fanuc_-cnc-drehmaschine-bj-2017-_intnr231463\/"},"modified":"2026-01-09T14:41:21","modified_gmt":"2026-01-09T13:41:21","slug":"index-abc_fanuc_-tour-cnc-bj-2017-_intnr231463","status":"publish","type":"product","link":"https:\/\/www.horn-wzm.de\/fr\/shop\/cnc-drehmaschinen-0-199mm-drehd\/index-abc_fanuc_-cnc-drehmaschine-bj-2017-_intnr231463\/","title":{"rendered":"Index ABC_Fanuc_ Tour CNC Bj.2017 _IntNr231463"},"content":{"rendered":"<p><b>Emplacement :<\/b> Allemagne, Baden-W\u00fcrttemberg S\u00fcdwest<\/p>\n<p><b>Zustand:<\/b> Occasion<\/p>\n<p><b>Hersteller:<\/b> Hardinge<\/p>\n<p><b>Modell:<\/b> Hardinge<\/p>\n<p><b>Ann\u00e9e de construction :<\/b> 2017<\/p>\n<p><b>heures de fonctionnement :<\/b> 15000<\/p>\n<p>D\u00e9signation de machine : Tour court CNC<br \/>\nFabricant : Index<br \/>\nModell: ABC<br \/>\nBaujahr: 2017<br \/>\nSteuerung: Fanuc 32 i- B<br \/>\nFonctionnement : enti\u00e8rement fonctionnel<br \/>\nBearbeitungsstunden: ca.  Stunden<\/p>\n<p>Technische Daten<br \/>\nSpindelbohrung: \u00d8 42 mm<br \/>\nVerfahr- und Vorschubdaten<br \/>\nX-Achse Verfahrweg: ca. 90 mm<br \/>\nZ-Achse Verfahrweg: ca. 280 mm<br \/>\nEilgang X: ca. 27 m\/min<br \/>\nEilgang Z: ca. 36 m\/min<\/p>\n<p>Oberer Revolver (Hauptwerkzeugtr\u00e4ger):<br \/>\nAnzahl Stationen: 8 (davon 1 synchronisierbare Position)<br \/>\nWerkzeugaufnahme: VDI 25<br \/>\nUnterst\u00fctzt angetriebene Werkzeuge.<\/p>\n<p>Unterer Revolver :<br \/>\nAnzahl Stationen: 6<br \/>\nohne Antrieb<\/p>\n<p>R\u00fcckseite:<br \/>\n5 Stationen f\u00fcr hintere Bearbeitungen<\/p>\n<p>Simultanes Bearbeiten mit bis zu 3 Werkzeugen gleichzeitig<\/p>\n<p>K\u00fchlmittelsystem- Sp\u00e4nef\u00f6rderer <\/p>\n<p>Stangenlademagazin IRCO ILS MUK 7012-II Bj. 2015<br \/>\nAccessoires \/ Outils \/ Manuels<\/p>\n<p>Poids et dimensions de la machine<br \/>\nAbmessungen Maschine: ca. 2830 \u00d7 1500 \u00d7 2200 mm<br \/>\nGewicht Maschine: ca. 3500 kg<\/p>\n<p>Gewicht und Abmessungen K\u00fchlmittelsystem- Sp\u00e4nef\u00f6rderer<br \/>\nAbmessungen Maschine: ca. 1600 \u00d7 1250 \u00d7 1780 mm<br \/>\nGewicht Maschine: ca. 680 kg<\/p>\n<p>Gewicht und Abmessungen Stangenlademagazin IRCO ILS MUK<br \/>\nAbmessungen Maschine: ca. 1800 \u00d7 1000 \u00d7 1280 mm<br \/>\nGewicht Maschine: ca. 650 kg<\/p>\n<p>La machine est enti\u00e8rement fonctionnelle et se trouve dans un bon \u00e9tat d'utilisation.<br \/>\nNous nous tenons \u00e0 votre disposition pour toute information compl\u00e9mentaire ou pour une visite sous tension.<br \/>\nSous r\u00e9serve de modifications et d'erreurs dans les donn\u00e9es techniques et les indications ainsi que de vente interm\u00e9diaire !<\/p>\n<p>Machine Designation: CNC Short-Turning Lathe<br \/>\nFabricant : Index<br \/>\nModel: ABC<br \/>\nYear of Manufacture: 2017<br \/>\nControl System: Fanuc 32i-B<br \/>\nStatut op\u00e9rationnel : Enti\u00e8rement op\u00e9rationnel<br \/>\nOperating Hours: approx. ___ hours<\/p>\n<p>Donn\u00e9es techniques<\/p>\n<p>Spindle Bore: \u00d8 42 mm<\/p>\n<p>Travel and Feed Data:<\/p>\n<p>X-Axis Travel: approx. 90 mm<\/p>\n<p>Z-Axis Travel: approx. 280 mm<\/p>\n<p>Rapid Feed X: approx. 27 m\/min<\/p>\n<p>Rapid Feed Z: approx. 36 m\/min<\/p>\n<p>Upper Turret (Main Tool Carrier):<\/p>\n<p>Number of Stations: 8 (1 synchronizable)<\/p>\n<p>Tool Holder: VDI 25<\/p>\n<p>Supports driven tools<\/p>\n<p>Lower Turret:<\/p>\n<p>Number of Stations: 6<\/p>\n<p>Non-driven<\/p>\n<p>Rear Side:<\/p>\n<p>5 stations for back-side operations<\/p>\n<p>Simultaneous Machining: Up to 3 tools simultaneously<\/p>\n<p>Coolant System &amp; Chip Conveyor<\/p>\n<p>Bar Feeder: IRCO ILS MUK 7012-II, Year 2015<\/p>\n<p>Accessoires \/ Outils \/ Manuels<\/p>\n<p>Machine Dimensions &amp; Weight<\/p>\n<p>Machine: approx. 2830 \u00d7 1500 \u00d7 2200 mm, Weight: approx. 3500 kg<\/p>\n<p>Coolant System &amp; Chip Conveyor: approx. 1600 \u00d7 1250 \u00d7 1780 mm, Weight: approx. 680 kg<\/p>\n<p>Bar Feeder IRCO ILS MUK: approx. 1800 \u00d7 1000 \u00d7 1280 mm, Weight: approx. 650 kg<\/p>\n<p>La machine est enti\u00e8rement op\u00e9rationnelle et en bon \u00e9tat d'usage.<br \/>\nFor further information or a live demonstration under power, please feel free to contact us.<br \/>\nTechnical data and information are subject to change and errors. Prior sale reserved.<\/p>","protected":false},"excerpt":{"rendered":"<p>Standort: Deutschland, Baden-W\u00fcrttemberg S\u00fcdwest Zustand: Gebraucht Hersteller: Hardinge Modell: Hardinge Baujahr: 2017 Betriebsstunden: 15000 Maschinenbezeichnung: CNC-Kurzdrehmaschine Hersteller: Index Modell: ABC Baujahr: 2017 Steuerung: Fanuc 32 i- B Funktionsf\u00e4higkeit: voll funktionsf\u00e4hig Bearbeitungsstunden: ca. Stunden Technische Daten Spindelbohrung: \u00d8 42 mm Verfahr- und Vorschubdaten X-Achse Verfahrweg: ca. 90 mm Z-Achse Verfahrweg: ca. 280 mm Eilgang X: ca. [&hellip;]<\/p>\n","protected":false},"featured_media":7087,"template":"","meta":[],"product_brand":[],"product_cat":[80],"product_tag":[],"class_list":{"0":"post-7093","1":"product","2":"type-product","3":"status-publish","4":"has-post-thumbnail","6":"product_cat-cnc-drehmaschinen-0-199mm-drehd","8":"first","9":"instock","10":"taxable","11":"shipping-taxable","12":"product-type-simple"},"aioseo_notices":[],"_links":{"self":[{"href":"https:\/\/www.horn-wzm.de\/fr\/wp-json\/wp\/v2\/product\/7093","targetHints":{"allow":["GET"]}}],"collection":[{"href":"https:\/\/www.horn-wzm.de\/fr\/wp-json\/wp\/v2\/product"}],"about":[{"href":"https:\/\/www.horn-wzm.de\/fr\/wp-json\/wp\/v2\/types\/product"}],"version-history":[{"count":1,"href":"https:\/\/www.horn-wzm.de\/fr\/wp-json\/wp\/v2\/product\/7093\/revisions"}],"predecessor-version":[{"id":7094,"href":"https:\/\/www.horn-wzm.de\/fr\/wp-json\/wp\/v2\/product\/7093\/revisions\/7094"}],"wp:featuredmedia":[{"embeddable":true,"href":"https:\/\/www.horn-wzm.de\/fr\/wp-json\/wp\/v2\/media\/7087"}],"wp:attachment":[{"href":"https:\/\/www.horn-wzm.de\/fr\/wp-json\/wp\/v2\/media?parent=7093"}],"wp:term":[{"taxonomy":"product_brand","embeddable":true,"href":"https:\/\/www.horn-wzm.de\/fr\/wp-json\/wp\/v2\/product_brand?post=7093"},{"taxonomy":"product_cat","embeddable":true,"href":"https:\/\/www.horn-wzm.de\/fr\/wp-json\/wp\/v2\/product_cat?post=7093"},{"taxonomy":"product_tag","embeddable":true,"href":"https:\/\/www.horn-wzm.de\/fr\/wp-json\/wp\/v2\/product_tag?post=7093"}],"curies":[{"name":"wp","href":"https:\/\/api.w.org\/{rel}","templated":true}]}}