{"id":7032,"date":"2025-12-12T15:28:23","date_gmt":"2025-12-12T14:28:23","guid":{"rendered":"https:\/\/www.horn-wzm.de\/shop\/unkategorisiert\/traub-tns-26-dgy_bj-1992_-intnr231415\/"},"modified":"2025-12-12T15:28:23","modified_gmt":"2025-12-12T14:28:23","slug":"traub-tns-26-dgy_bj-1992_-intnr231415","status":"publish","type":"product","link":"https:\/\/www.horn-wzm.de\/fr\/shop\/cnc-kurzdrehmaschinen\/traub-tns-26-dgy_bj-1992_-intnr231415\/","title":{"rendered":"Traub TNS 26 DGY_Bj.1992_ IntNr231415"},"content":{"rendered":"<p><b>Emplacement :<\/b> Allemagne, Baden-W\u00fcrttemberg S\u00fcdwest<\/p>\n<p><b>Zustand:<\/b> Occasion<\/p>\n<p><b>Hersteller:<\/b> TRAUB<\/p>\n<p><b>Modell:<\/b> TRAUB<\/p>\n<p><b>Ann\u00e9e de construction :<\/b> 1992<\/p>\n<p><b>heures de fonctionnement :<\/b> 83492<\/p>\n<p>Tour CNC Traub TNS 26 DGY 2 tourelles broche principale et contre-broche<br \/>\nAnn\u00e9e de construction : 1992<br \/>\nTemps de traitement : 83492<br \/>\nCommande Mitsubishi FR - SF Syst\u00e8me TX 8F<br \/>\nType de machine : centre de tournage \u00e0 double broche avec axe Y et outils entra\u00een\u00e9s<\/p>\n<p>Broche principale<br \/>\nPassage de barre \u00d8 env. 26 mm.<br \/>\nlongueur de rotation max. 270mm<br \/>\nvitesse de rotation maximale jusqu'\u00e0 environ 7.000 tr\/min<br \/>\nExt\u00e9rieur de la broche \u00d8 60mm<br \/>\nEntra\u00eenement Puissance env. 11 kW <\/p>\n<p>Contre-broche<br \/>\nmax. \u00d8 env. 26 mm de passage.<br \/>\nVitesse de rotation env. 7.000 tr\/min.<br \/>\nEntra\u00eenement Puissance env. 5,5 kW<\/p>\n<p>Tourelles \/ Tourelles \u00e0 outils :<\/p>\n<p>2 stations revolver (en haut et en bas ou deux tours) avec outils entra\u00een\u00e9s.<br \/>\nTourelle sup\u00e9rieure avec axe Y<br \/>\nPorte-outil par ex. selon DIN 69880 : 25 x48 et 16 \u00d7 16 mm<br \/>\nPorte-outils entra\u00een\u00e9s par tourelle 12<br \/>\nvitesse de rotation max. : 8000 tr\/min<br \/>\nPuissance 2,6 kW<br \/>\nCouple de rotation 4 Nm<br \/>\nBroche principale et contre-broche : axe C<\/p>\n<p>Ravitailleur de barres STAMAG DN 26<br \/>\nConvoyeur \u00e0 copeaux Ruez<br \/>\nHandb\u00fccher<\/p>\n<p>La machine est enti\u00e8rement fonctionnelle \u00e9lectriquement et m\u00e9caniquement et peut \u00eatre visit\u00e9e sous tension sur rendez-vous.<br \/>\nAenderungen und Irrtuemer in den technischen Daten und Angaben sowie Zwischenverkauf vorbehalten!<\/p>\n<p>Latte CNC Traub TNS 26 DGY 2 Turret Broche principale et contre-broche<br \/>\nAnn\u00e9e de fabrication : 1992<br \/>\nTemps d'usinage : 83,492<br \/>\nContr\u00f4le Mitsubishi FR - SF Syst\u00e8me TX 8F<br \/>\nType de machine : Centre de tournage \u00e0 double broche avec axe Y et outils entra\u00een\u00e9s<\/p>\n<p>Broche principale<br \/>\nCapacit\u00e9 du bar \u00d8 env. 26 mm.<br \/>\nLongueur max. de rotation 270 mm<br \/>\nVitesse maximale jusqu'\u00e0 environ 7,000 rpm<br \/>\nExt\u00e9rieur de la broche \u00d8 60 mm<br \/>\nPuissance d'entra\u00eenement env. 11 kW <\/p>\n<p>Broche du compteur<br \/>\nMax. \u00d8 approx. 26 mm capacit\u00e9.<br \/>\nVitesse approx. 7,000 rpm.<br \/>\nPuissance d'entra\u00eenement env. 5.5 kW<\/p>\n<p>Tourelles \/ tool revolver :<\/p>\n<p>2 postes de revolver (haut et bas ou deux tourelles) avec outils d'entra\u00eenement.<br \/>\ntourelle sup\u00e9rieure avec axe Y<br \/>\nPorte-outils, par exemple, selon la norme DIN 69880 : 25 x 48 et 16 \u00d7 16 mm<br \/>\nPorte-outils aliment\u00e9s par tourelle 12<br \/>\nVitesse maximale : 8000 rpm<br \/>\nPuissance 2.6 kW<br \/>\nCouple 4 Nm<br \/>\nBroche principale et contre-broche : axe C<\/p>\n<p>Bar loading magazine STAMAG DN 26<br \/>\nChip conveyor Ruez<br \/>\nManuels<\/p>\n<p>La machine est enti\u00e8rement fonctionnelle, tant \u00e9lectriquement que m\u00e9caniquement, et peut \u00eatre vue sous tension sur rendez-vous.<br \/>\nSous r\u00e9serve de modifications et d'erreurs dans les donn\u00e9es techniques et les sp\u00e9cifications, ainsi que de vente pr\u00e9alable !<\/p>","protected":false},"excerpt":{"rendered":"<p>Standort: Deutschland, Baden-W\u00fcrttemberg S\u00fcdwest Zustand: Gebraucht Hersteller: TRAUB Modell: TRAUB Baujahr: 1992 Betriebsstunden: 83492 CNC-Drehmaschine Traub TNS 26 DGY 2 Revolver Haupt- und Gegenspindel Baujahr: 1992 Bearbeitungszeit: 83492 Steuerung Mitsubishi FR &#8211; SF System TX 8F Maschinenbauart: Doppelspindel-Drehzentrum mit Y-Achse und angetriebenen Werkzeugen Hauptspindel Stangendurchlass \u00d8 ca. 26 mm. max. Drehl\u00e4nge 270mm Maximaldrehzahl bis ca. [&hellip;]<\/p>\n","protected":false},"featured_media":7022,"template":"","meta":[],"product_brand":[],"product_cat":[87],"product_tag":[],"class_list":{"0":"post-7032","1":"product","2":"type-product","3":"status-publish","4":"has-post-thumbnail","6":"product_cat-cnc-kurzdrehmaschinen","8":"first","9":"instock","10":"taxable","11":"shipping-taxable","12":"product-type-simple"},"aioseo_notices":[],"_links":{"self":[{"href":"https:\/\/www.horn-wzm.de\/fr\/wp-json\/wp\/v2\/product\/7032","targetHints":{"allow":["GET"]}}],"collection":[{"href":"https:\/\/www.horn-wzm.de\/fr\/wp-json\/wp\/v2\/product"}],"about":[{"href":"https:\/\/www.horn-wzm.de\/fr\/wp-json\/wp\/v2\/types\/product"}],"version-history":[{"count":1,"href":"https:\/\/www.horn-wzm.de\/fr\/wp-json\/wp\/v2\/product\/7032\/revisions"}],"predecessor-version":[{"id":7033,"href":"https:\/\/www.horn-wzm.de\/fr\/wp-json\/wp\/v2\/product\/7032\/revisions\/7033"}],"wp:featuredmedia":[{"embeddable":true,"href":"https:\/\/www.horn-wzm.de\/fr\/wp-json\/wp\/v2\/media\/7022"}],"wp:attachment":[{"href":"https:\/\/www.horn-wzm.de\/fr\/wp-json\/wp\/v2\/media?parent=7032"}],"wp:term":[{"taxonomy":"product_brand","embeddable":true,"href":"https:\/\/www.horn-wzm.de\/fr\/wp-json\/wp\/v2\/product_brand?post=7032"},{"taxonomy":"product_cat","embeddable":true,"href":"https:\/\/www.horn-wzm.de\/fr\/wp-json\/wp\/v2\/product_cat?post=7032"},{"taxonomy":"product_tag","embeddable":true,"href":"https:\/\/www.horn-wzm.de\/fr\/wp-json\/wp\/v2\/product_tag?post=7032"}],"curies":[{"name":"wp","href":"https:\/\/api.w.org\/{rel}","templated":true}]}}