{"id":6868,"date":"2025-10-31T17:40:10","date_gmt":"2025-10-31T16:40:10","guid":{"rendered":"https:\/\/www.horn-wzm.de\/shop\/unkategorisiert\/teilereinigungsanlage-pero-r1-414-ex_bj-2079_intnr231417\/"},"modified":"2025-10-31T17:40:10","modified_gmt":"2025-10-31T16:40:10","slug":"systeme-de-nettoyage-de-pieces-pero-r1-414-ex_bj-2079_intnr231417","status":"publish","type":"product","link":"https:\/\/www.horn-wzm.de\/fr\/shop\/industrielle-reinigungsanlagen\/teilereinigungsanlage-pero-r1-414-ex_bj-2079_intnr231417\/","title":{"rendered":"Syst\u00e8me de nettoyage de pi\u00e8ces PERO R1 \/ 414 EX_Bj. 2079_IntNr231417"},"content":{"rendered":"<p><b>Emplacement :<\/b> Allemagne, Baden-W\u00fcrttemberg S\u00fcdwest<\/p>\n<p><b>Zustand:<\/b> Occasion<\/p>\n<p><b>Hersteller:<\/b> Pero<\/p>\n<p><b>Modell:<\/b> Pero<\/p>\n<p><b>Ann\u00e9e de construction :<\/b> 2017<\/p>\n<p>Description technique - PERO RO<br \/>\nFabricant : PERO AG<br \/>\nMod\u00e8le : RO R1 \/ 414-EX<br \/>\nAnn\u00e9e de construction 2017 \/ 10<\/p>\n<p>Type de machine : Installation de nettoyage \/ d\u00e9graissage<br \/>\nProc\u00e9d\u00e9s : Nettoyage au solvant (p. ex. alcools modifi\u00e9s ou hydrocarbures)<\/p>\n<p>Caract\u00e9ristiques techniques (typiques de cette s\u00e9rie) :<\/p>\n<p>Syst\u00e8me de nettoyage : circuit ferm\u00e9, enti\u00e8rement automatique<\/p>\n<p>taille de la chambre de travail : environ 530 \u00d7 320 \u00d7 200 mm<\/p>\n<p>Max. Poids de la charge : env. 50 - 80 kg<\/p>\n<p>Solvants : alcool modifi\u00e9 (\u00e0 base d'hydrocarbures)<\/p>\n<p>S\u00e9chage : S\u00e9chage sous vide<\/p>\n<p>Commande : commande API avec \u00e9cran tactile<\/p>\n<p>\u00c9quipement : unit\u00e9 de distillation int\u00e9gr\u00e9e, syst\u00e8me de filtration, s\u00e9paration de l'huile<\/p>\n<p>Puissance absorb\u00e9e : env. 10 - 15 kW<\/p>\n<p>Pompe \u00e0 vide : int\u00e9gr\u00e9e<\/p>\n<p>\u00c9tat : tr\u00e8s bon \u00e9tat, bien entretenu - de la production courante<\/p>\n<p>Particularit\u00e9s :<\/p>\n<p>Syst\u00e8me de nettoyage \u00e0 \u00e9conomie d'\u00e9nergie avec circuit ferm\u00e9 de solvants<\/p>\n<p>Haute qualit\u00e9 de nettoyage avec une consommation minimale de solvants<\/p>\n<p>Id\u00e9al pour les entreprises de m\u00e9canique de pr\u00e9cision et d'usinage<\/p>\n<p>Die Maschine kann nach Terminvereinbarung Strom besichtigt werden.<br \/>\nAenderungen und Irrtuemer in den technischen Daten und Angaben sowie Zwischenverkauf vorbehalten!<\/p>\n<p>Fabricant : PERO AG<br \/>\nMod\u00e8le : RO R1 \/ 414-EX<br \/>\nAnn\u00e9e de fabrication : 10 \/ 2017<\/p>\n<p>Type de machine : Syst\u00e8me de nettoyage \/ Unit\u00e9 de d\u00e9gommage<br \/>\nProcessus : Nettoyage de solvants (par ex. alcools ou hydrocarbures modifi\u00e9s)<\/p>\n<p>Donn\u00e9es techniques (typiques pour cette s\u00e9rie) :<\/p>\n<p>Syst\u00e8me de nettoyage : syst\u00e8me en boucle ferm\u00e9e, enti\u00e8rement automatique<\/p>\n<p>Dimensions de la chambre de travail : env. 530 \u00d7 320 \u00d7 200 mm<\/p>\n<p>Poids maximal du lot : env. 50 - 80 kg<\/p>\n<p>Solvant : Alcool modifi\u00e9 (\u00e0 base d'hydrocarbures)<\/p>\n<p>S\u00e9chage : S\u00e9chage sous vide<\/p>\n<p>Syst\u00e8me de contr\u00f4le : contr\u00f4le PLC avec \u00e9cran tactile<\/p>\n<p>\u00c9quipement : Unit\u00e9 de distillation int\u00e9gr\u00e9e, syst\u00e8me de filtration, s\u00e9parateur d'huile<\/p>\n<p>Consommation \u00e9lectrique : env. 10 - 15 kW<\/p>\n<p>Pompe \u00e0 vide : Int\u00e9gr\u00e9e<\/p>\n<p>Condition : Tr\u00e8s bon \u00e9tat, bien entretenu - de la production en cours<\/p>\n<p>Caract\u00e9ristiques sp\u00e9ciales :<\/p>\n<p>Syst\u00e8me de nettoyage \u00e0 haut rendement \u00e9nerg\u00e9tique avec circuit de solvant ferm\u00e9<\/p>\n<p>Excellente qualit\u00e9 de nettoyage avec une consommation minimale de solvant<\/p>\n<p>Id\u00e9al pour l'ing\u00e9nierie de pr\u00e9cision et les industries de d\u00e9coupe des m\u00e9taux<\/p>\n<p>La machine peut \u00eatre inspect\u00e9e sous tension sur rendez-vous.<br \/>\nLes donn\u00e9es techniques et les sp\u00e9cifications sont sujettes \u00e0 des modifications et \u00e0 des erreurs. Sous r\u00e9serve de vente ant\u00e9rieure.<\/p>","protected":false},"excerpt":{"rendered":"<p>Standort: Deutschland, Baden-W\u00fcrttemberg S\u00fcdwest Zustand: Gebraucht Hersteller: Pero Modell: Pero Baujahr: 2017 Technische Beschreibung \u2013 PERO RO Hersteller: PERO AG Modell: RO R1 \/ 414-EX Bj. 2017 \/ 10 Maschinentyp: Reinigungsanlage \/ Entfettungsanlage Verfahren: L\u00f6semittelreinigung (z. B. modifizierte Alkohole oder Kohlenwasserstoffe) Technische Daten (typisch f\u00fcr diese Baureihe): Reinigungssystem: geschlossener Kreislauf, vollautomatisch Arbeitskammergr\u00f6\u00dfe: ca. 530 \u00d7 [&hellip;]<\/p>\n","protected":false},"featured_media":6864,"template":"","meta":[],"product_brand":[],"product_cat":[97],"product_tag":[],"class_list":{"0":"post-6868","1":"product","2":"type-product","3":"status-publish","4":"has-post-thumbnail","6":"product_cat-industrielle-reinigungsanlagen","8":"first","9":"instock","10":"taxable","11":"shipping-taxable","12":"product-type-simple"},"aioseo_notices":[],"_links":{"self":[{"href":"https:\/\/www.horn-wzm.de\/fr\/wp-json\/wp\/v2\/product\/6868","targetHints":{"allow":["GET"]}}],"collection":[{"href":"https:\/\/www.horn-wzm.de\/fr\/wp-json\/wp\/v2\/product"}],"about":[{"href":"https:\/\/www.horn-wzm.de\/fr\/wp-json\/wp\/v2\/types\/product"}],"version-history":[{"count":1,"href":"https:\/\/www.horn-wzm.de\/fr\/wp-json\/wp\/v2\/product\/6868\/revisions"}],"predecessor-version":[{"id":6869,"href":"https:\/\/www.horn-wzm.de\/fr\/wp-json\/wp\/v2\/product\/6868\/revisions\/6869"}],"wp:featuredmedia":[{"embeddable":true,"href":"https:\/\/www.horn-wzm.de\/fr\/wp-json\/wp\/v2\/media\/6864"}],"wp:attachment":[{"href":"https:\/\/www.horn-wzm.de\/fr\/wp-json\/wp\/v2\/media?parent=6868"}],"wp:term":[{"taxonomy":"product_brand","embeddable":true,"href":"https:\/\/www.horn-wzm.de\/fr\/wp-json\/wp\/v2\/product_brand?post=6868"},{"taxonomy":"product_cat","embeddable":true,"href":"https:\/\/www.horn-wzm.de\/fr\/wp-json\/wp\/v2\/product_cat?post=6868"},{"taxonomy":"product_tag","embeddable":true,"href":"https:\/\/www.horn-wzm.de\/fr\/wp-json\/wp\/v2\/product_tag?post=6868"}],"curies":[{"name":"wp","href":"https:\/\/api.w.org\/{rel}","templated":true}]}}