{"id":6677,"date":"2025-10-18T11:40:49","date_gmt":"2025-10-18T09:40:49","guid":{"rendered":"https:\/\/www.horn-wzm.de\/shop\/unkategorisiert\/star-sv-32jii_bj-2002_-typ-440_intnr231159\/"},"modified":"2025-10-18T11:40:49","modified_gmt":"2025-10-18T09:40:49","slug":"star-sv-32jii_bj-2002_-type-440_intnr231159","status":"publish","type":"product","link":"https:\/\/www.horn-wzm.de\/fr\/shop\/cnc-langdrehmaschinen\/star-sv-32jii_bj-2002_-typ-440_intnr231159\/","title":{"rendered":"Star SV-32JII_ann\u00e9e 2002_ type 440_IntNr231159"},"content":{"rendered":"<p><b>Emplacement :<\/b> Allemagne, Baden-W\u00fcrttemberg S\u00fcdwest<\/p>\n<p><b>Zustand:<\/b> Occasion<\/p>\n<p><b>Hersteller:<\/b> STAR Micronics<\/p>\n<p><b>Modell:<\/b> STAR Micronics<\/p>\n<p><b>Ann\u00e9e de construction :<\/b> 2002<\/p>\n<p><b>heures de fonctionnement :<\/b> 18000<\/p>\n<p>IntNr231159<br \/>\nType de machine Tour automatique \u00e0 poup\u00e9e mobile CNC<br \/>\nFabricant STAR Micronics<br \/>\nMod\u00e8le SV32 JII<br \/>\nAnn\u00e9e de construction 2002<br \/>\n\u00e9tat tr\u00e8s bon (occasion)<br \/>\nMachine tr\u00e8s bien entretenue directement par l'utilisateur<br \/>\nLa machine n'a fonctionn\u00e9 qu'avec de l'huile<br \/>\nHeures de fonctionnement d'environ 18.000 heures<br \/>\nAccessoires standard machine<br \/>\n. Canon de guidage \u00e0 entra\u00eenement synchrone<br \/>\n. Axe C sur broche principale et broche de reprise<br \/>\n. Convoyeur de pi\u00e8ces<br \/>\n. Douille de pince de serrage broche principale F37 (673-53)<br \/>\n. Douille de pince de serrage Broche de reprise F37 (673-73)<br \/>\n. Unit\u00e9 de per\u00e7age transversal \u00e0 3 broches<br \/>\n. Porte-outils \u00e0 4 stations 16x16mm<br \/>\n. Broche de pr\u00e9hension avec capacit\u00e9 de pr\u00e9hension 32mm<br \/>\n. Dispositif de soufflage des pi\u00e8ces vers l'avant<br \/>\n. Ejecteur de pi\u00e8ces , S\u00e9curit\u00e9 d'\u00e9jection des pi\u00e8ces ,<br \/>\n. S\u00e9curit\u00e9 anti-rupture de l'acier de d\u00e9colletage<br \/>\n. R\u00e9servoir d'huile de refroidissement s\u00e9par\u00e9 avec contr\u00f4le du niveau et du d\u00e9bit<br \/>\n. Unit\u00e9 de lubrification centrale automatique avec contr\u00f4le du niveau d'huile<br \/>\n. Boulons et plaques de nivellement, caisse \u00e0 outils<br \/>\n. Interface pour ravitailleur de barres<br \/>\n. Interface RS232C<\/p>\n<p>Magasin de chargement FMB Turbo 3-26 Ann\u00e9e de construction 2004<br \/>\nInstallation d'extinction d'incendie Kraft &amp; Bauer \/ GUT protection contre l'incendie<br \/>\nConvoyeur \u00e0 copeaux Mayfran<\/p>\n<p>Die Maschine kann nach Terminvereinbarung Strom besichtigt werden.<br \/>\nAenderungen und Irrtuemer in den technischen Daten und Angaben sowie Zwischenverkauf vorbehalten!<\/p>\n<p>IntNr231159<br \/>\nType de machine CNC t\u00eate coulissante lathe automatique<br \/>\nFabricant STAR Micronics<br \/>\nMod\u00e8le SV32 JII<br \/>\nann\u00e9e de construction 2002<br \/>\nCondition tr\u00e8s bonne (utilis\u00e9e)<br \/>\nMachine tr\u00e8s bien entretenue directement par l'utilisateur<br \/>\nLa machine n'a fonctionn\u00e9 qu'avec de l'huile<br \/>\nHeures d'exploitation d'environ 18 000 heures<br \/>\nMachine \u00e0 accessoires standard<br \/>\n. Douille de guidage \u00e0 entra\u00eenement synchronis\u00e9<br \/>\n. Axe C sur la broche principale et la broche de pick-up<br \/>\n. Convoyeur \u00e0 bande pour pi\u00e8ces de travail<br \/>\n. Manchon de collet broche principale F37 (673-53)<br \/>\n. Collet sleeve pick-up spindle F37 (673-73)<br \/>\n. Unit\u00e9 de per\u00e7age crois\u00e9 \u00e0 3 broches<br \/>\n. 4-station tool holder 16x16mm<br \/>\n. Broche de ramassage avec capacit\u00e9 de ramassage de 32 mm<br \/>\n. Dispositif de soufflage de la pi\u00e8ce \u00e0 l'avant<br \/>\n. Parts ejector, parts ejection guard ,<br \/>\n. Protection contre la rupture de l'acier de coupe<br \/>\n. R\u00e9servoir d'huile de refroidissement s\u00e9par\u00e9 avec contr\u00f4le du niveau et du d\u00e9bit<br \/>\n. Unit\u00e9 de lubrification centrale automatique avec contr\u00f4le du niveau d'huile<br \/>\n. Boulons et plaques de nivellement, bo\u00eete \u00e0 outils<br \/>\n. Interface pour alimentateur de bar<br \/>\n. Interface RS232C<\/p>\n<p>FMB loading magazine Turbo 3-26 year 2004<br \/>\nSyst\u00e8me d'extinction d'incendie Kraft &amp; Bauer \/ GUT Protection incendie<br \/>\nConvoyeur \u00e0 puces Mayfran<\/p>\n<p>The machine can be inspected by appointment.<br \/>\nChanges and errors in the technical data and information as well as prior sale reserved!<\/p>","protected":false},"excerpt":{"rendered":"<p>Standort: Deutschland, Baden-W\u00fcrttemberg S\u00fcdwest Zustand: Gebraucht Hersteller: STAR Micronics Modell: STAR Micronics Baujahr: 2002 Betriebsstunden: 18000 IntNr231159 Maschinentyp CNC-Langdrehautomat Hersteller STAR Micronics Modell SV32 JII Baujahr 2002 Zustand sehr gut (gebraucht) Sehr gepflegte Maschine direkt vom Anwender Maschine ist nur mit \u00d6l gelaufen Betriebsstunden um die 18.000std. Standardzubeh\u00f6r Maschine . Synchron angetriebene F\u00fchrungsb\u00fcchse . C-Achse [&hellip;]<\/p>\n","protected":false},"featured_media":6671,"template":"","meta":[],"product_brand":[],"product_cat":[81],"product_tag":[],"class_list":{"0":"post-6677","1":"product","2":"type-product","3":"status-publish","4":"has-post-thumbnail","6":"product_cat-cnc-langdrehmaschinen","8":"first","9":"instock","10":"taxable","11":"shipping-taxable","12":"product-type-simple"},"aioseo_notices":[],"_links":{"self":[{"href":"https:\/\/www.horn-wzm.de\/fr\/wp-json\/wp\/v2\/product\/6677","targetHints":{"allow":["GET"]}}],"collection":[{"href":"https:\/\/www.horn-wzm.de\/fr\/wp-json\/wp\/v2\/product"}],"about":[{"href":"https:\/\/www.horn-wzm.de\/fr\/wp-json\/wp\/v2\/types\/product"}],"version-history":[{"count":1,"href":"https:\/\/www.horn-wzm.de\/fr\/wp-json\/wp\/v2\/product\/6677\/revisions"}],"predecessor-version":[{"id":6678,"href":"https:\/\/www.horn-wzm.de\/fr\/wp-json\/wp\/v2\/product\/6677\/revisions\/6678"}],"wp:featuredmedia":[{"embeddable":true,"href":"https:\/\/www.horn-wzm.de\/fr\/wp-json\/wp\/v2\/media\/6671"}],"wp:attachment":[{"href":"https:\/\/www.horn-wzm.de\/fr\/wp-json\/wp\/v2\/media?parent=6677"}],"wp:term":[{"taxonomy":"product_brand","embeddable":true,"href":"https:\/\/www.horn-wzm.de\/fr\/wp-json\/wp\/v2\/product_brand?post=6677"},{"taxonomy":"product_cat","embeddable":true,"href":"https:\/\/www.horn-wzm.de\/fr\/wp-json\/wp\/v2\/product_cat?post=6677"},{"taxonomy":"product_tag","embeddable":true,"href":"https:\/\/www.horn-wzm.de\/fr\/wp-json\/wp\/v2\/product_tag?post=6677"}],"curies":[{"name":"wp","href":"https:\/\/api.w.org\/{rel}","templated":true}]}}