{"id":6400,"date":"2025-09-22T14:10:34","date_gmt":"2025-09-22T12:10:34","guid":{"rendered":"https:\/\/www.horn-wzm.de\/shop\/unkategorisiert\/gebr-weiler-ergodor_bj-1998-intnr231387\/"},"modified":"2025-09-22T14:10:34","modified_gmt":"2025-09-22T12:10:34","slug":"gebr-weiler-ergodor_bj-1998-intnr231387","status":"publish","type":"product","link":"https:\/\/www.horn-wzm.de\/fr\/shop\/drehmaschinen\/gebr-weiler-ergodor_bj-1998-intnr231387\/","title":{"rendered":"hameau ERGODOR_ann\u00e9e 1998, IntNr231387"},"content":{"rendered":"<p><b>Emplacement :<\/b> Allemagne, Baden-W\u00fcrttemberg S\u00fcdwest<\/p>\n<p><b>Zustand:<\/b> Occasion<\/p>\n<p><b>Modell:<\/b> z\u00e9ro<\/p>\n<p><b>Ann\u00e9e de construction :<\/b> 1998<\/p>\n<p>Tour de m\u00e9canicien WEILER, ERGODOR, ann\u00e9e 1998<br \/>\nTour \u00e0 pointes de pr\u00e9cision de conception ergonomique<\/p>\n<p>Technische Daten<br \/>\nLongueur max. Diam\u00e8tre de rotation au-dessus du banc : env. 320 mm<br \/>\nLongueur max. Diam\u00e8tre de rotation au-dessus du support : env. 160 mm<br \/>\nLongueur max. Longueur de tournage : env. 470 mm<br \/>\npassage de barre : environ 36 mm<br \/>\nBroche : Plage de vitesse : env. 30 - 3550 tr\/min<br \/>\nnez de broche : A 2 - 5<br \/>\nPuissance d'entra\u00eenement : env. 3,0 kW<br \/>\nAvances longitudinales &amp; planes automatiques :<br \/>\nPlage d'avance : env. 0,020 - 2,0 mm\/tr<\/p>\n<p>Die Maschine kann nach Terminvereinbarung Strom besichtigt werden.<br \/>\nAenderungen und Irrtuemer in den technischen Daten und Angaben sowie Zwischenverkauf vorbehalten!<\/p>\n<p>Latte m\u00e9canique WEILER ERGODOR, construite en 1998<br \/>\nLisse centrale de haute pr\u00e9cision au design ergonomique<\/p>\n<p>Donn\u00e9es techniques<br \/>\nDiam\u00e8tre max. de rotation au-dessus du banc : env. 320 mm<br \/>\nDiam\u00e8tre max. de rotation au-dessus du support : env. 160 mm<br \/>\nLongueur max. de rotation : env. 470 mm<br \/>\nPassage de barre : env. 36 mm<br \/>\nBroche : Gamme de vitesse : env. 30 - 3550 rpm<br \/>\nNez de broche : A 2 - 5<br \/>\nPuissance d'entra\u00eenement : env. 3.0 kW<br \/>\nAlimentation longitudinale et crois\u00e9e automatique :<br \/>\nGamme d'alimentation : env. 0.020 - 2.0 mm\/rev<\/p>\n<p>La machine peut \u00eatre visit\u00e9e sur rendez-vous.<br \/>\nSous r\u00e9serve de modifications et d'erreurs dans les donn\u00e9es techniques et les sp\u00e9cifications, ainsi que de vente pr\u00e9alable !<\/p>","protected":false},"excerpt":{"rendered":"<p>Standort: Deutschland, Baden-W\u00fcrttemberg S\u00fcdwest Zustand: Gebraucht Modell: null Baujahr: 1998 Mechanikerdrehmaschine WEILER, ERGODOR, Bj. 1998 Genauigkeits-Spitzendrehmaschine in ergonomischer Bauart Technische Daten Max. Drehdurchmesser \u00fcber Bett: ca. 320 mm Max. Drehdurchmesser \u00fcber Support: ca. 160 mm Max. Drehl\u00e4nge: ca. 470 mm Stangendurchlass: ca. 36 mm Spindel: Drehzahlbereich: ca. 30 &#8211; 3550 U\/min Spindelnase: A 2 &#8211; [&hellip;]<\/p>\n","protected":false},"featured_media":6395,"template":"","meta":[],"product_brand":[],"product_cat":[95],"product_tag":[],"class_list":{"0":"post-6400","1":"product","2":"type-product","3":"status-publish","4":"has-post-thumbnail","6":"product_cat-drehmaschinen","8":"first","9":"instock","10":"taxable","11":"shipping-taxable","12":"product-type-simple"},"aioseo_notices":[],"_links":{"self":[{"href":"https:\/\/www.horn-wzm.de\/fr\/wp-json\/wp\/v2\/product\/6400","targetHints":{"allow":["GET"]}}],"collection":[{"href":"https:\/\/www.horn-wzm.de\/fr\/wp-json\/wp\/v2\/product"}],"about":[{"href":"https:\/\/www.horn-wzm.de\/fr\/wp-json\/wp\/v2\/types\/product"}],"version-history":[{"count":1,"href":"https:\/\/www.horn-wzm.de\/fr\/wp-json\/wp\/v2\/product\/6400\/revisions"}],"predecessor-version":[{"id":6401,"href":"https:\/\/www.horn-wzm.de\/fr\/wp-json\/wp\/v2\/product\/6400\/revisions\/6401"}],"wp:featuredmedia":[{"embeddable":true,"href":"https:\/\/www.horn-wzm.de\/fr\/wp-json\/wp\/v2\/media\/6395"}],"wp:attachment":[{"href":"https:\/\/www.horn-wzm.de\/fr\/wp-json\/wp\/v2\/media?parent=6400"}],"wp:term":[{"taxonomy":"product_brand","embeddable":true,"href":"https:\/\/www.horn-wzm.de\/fr\/wp-json\/wp\/v2\/product_brand?post=6400"},{"taxonomy":"product_cat","embeddable":true,"href":"https:\/\/www.horn-wzm.de\/fr\/wp-json\/wp\/v2\/product_cat?post=6400"},{"taxonomy":"product_tag","embeddable":true,"href":"https:\/\/www.horn-wzm.de\/fr\/wp-json\/wp\/v2\/product_tag?post=6400"}],"curies":[{"name":"wp","href":"https:\/\/api.w.org\/{rel}","templated":true}]}}