{"id":6131,"date":"2025-07-29T13:24:39","date_gmt":"2025-07-29T11:24:39","guid":{"rendered":"https:\/\/www.horn-wzm.de\/?post_type=product&#038;p=6131"},"modified":"2025-07-29T13:24:49","modified_gmt":"2025-07-29T11:24:49","slug":"magasin-cellro-avec-robot-fanuc-annee-2005_intnr231261","status":"publish","type":"product","link":"https:\/\/www.horn-wzm.de\/fr\/shop\/zubehoer-sonstiges\/cellro-magazin-mit-fanuc-roboter-baujahr-2005_intnr231261\/","title":{"rendered":"Magasin Cellro avec robot FANUC ann\u00e9e 2005_IntNr231261"},"content":{"rendered":"<p><b>Emplacement :<\/b> Allemagne, Baden-W\u00fcrttemberg S\u00fcdwest<\/p>\n<p><b>Zustand:<\/b> Occasion<\/p>\n<p><b>Hersteller:<\/b> CELLRO<\/p>\n<p><b>Modell:<\/b> CELLRO<\/p>\n<p><b>Ann\u00e9e de construction :<\/b> 2005<\/p>\n<p>Cellro Magazine avec le robot FANUC 2005<\/p>\n<p>Magasin Cellro syst\u00e8me de stockage automatis\u00e9 un magasin robotis\u00e9 pour 300 porte-outils<br \/>\nDescription technique du magasin Cellro avec robot Fanuc<\/p>\n<p>Caract\u00e9ristiques :<br \/>\n- Type : Syst\u00e8me de stockage automatis\u00e9 (magasin robotis\u00e9)<br \/>\n- Capacit\u00e9 : 300 porte-outils (pour le stockage et le remplacement rapide des outils)<br \/>\n- Domaine d'application : machines-outils \u00e0 commande num\u00e9rique, tours, fraiseuses, automatisation des processus de fabrication<\/p>\n<p>la fonctionnalit\u00e9 :<br \/>\n- Automatisation : le syst\u00e8me permet la mise \u00e0 disposition et le remplacement automatiques des outils sans intervention manuelle. Ceci est r\u00e9alis\u00e9 gr\u00e2ce \u00e0 un bras robotis\u00e9.<br \/>\n- Stockage : les outils sont d\u00e9pos\u00e9s dans des emplacements sp\u00e9ciaux (places) du magasin et peuvent \u00eatre retir\u00e9s rapidement et efficacement.<br \/>\n- Changement d'outils : le changement d'outils s'effectue en un temps record gr\u00e2ce au processus automatis\u00e9. <\/p>\n<p>Die Maschine kann nach Terminvereinbarung unter Strom besichtigt werden.<br \/>\nSous r\u00e9serve de modifications et d'erreurs dans les donn\u00e9es techniques et les indications ainsi que de vente interm\u00e9diaire !<\/p>\n<p>Cellro magazine avec robot FANUC 2005<\/p>\n<p>Cellro magazine automated storage system a robot magazine for 300 tool holders<br \/>\nDescription technique du magazine Cellro avec robot Fanuc<\/p>\n<p>Caract\u00e9ristiques :<br \/>\n- Type : Syst\u00e8me de stockage automatis\u00e9 (magazine robot)<br \/>\n- Capacit\u00e9 : 300 porte-outils (pour le stockage et le remplacement rapide des outils)<br \/>\n- Domaine d'application : outils de machines CNC, lathes, machines d'usinage, automatisation des processus de fabrication<\/p>\n<p>Fonctionnalit\u00e9 :<br \/>\n- Automatisation : le syst\u00e8me permet l'approvisionnement et le remplacement automatiques des outils sans intervention manuelle. Cela est possible gr\u00e2ce \u00e0 un bras robotis\u00e9.<br \/>\n- Stockage : les outils sont stock\u00e9s dans des emplacements sp\u00e9ciaux dans le magasin et peuvent \u00eatre r\u00e9cup\u00e9r\u00e9s rapidement et efficacement.<br \/>\n- Changement d'outil : les outils sont chang\u00e9s dans les plus brefs d\u00e9lais gr\u00e2ce au processus automatis\u00e9. <\/p>\n<p>La machine peut \u00eatre inspect\u00e9e sous tension sur rendez-vous.<br \/>\nSous r\u00e9serve de modifications et d'erreurs dans les donn\u00e9es techniques et les sp\u00e9cifications ainsi que de vente pr\u00e9alable !<\/p>","protected":false},"excerpt":{"rendered":"<p>Standort: Deutschland, Baden-W\u00fcrttemberg S\u00fcdwest Zustand: Gebraucht Hersteller: CELLRO Modell: CELLRO Baujahr: 2005 Cellro Magazin mit FANUC-Roboter 2005 Cellro Magazin automatisiertes Lagersystem ein Robotermagazin f\u00fcr 300 Werkzeugaufnahmen Technische Beschreibung des Cellro Magazin mit Fanuc Roboter Eigenschaften: \u2022 Typ: Automatisiertes Lagersystem (Robotermagazin) \u2022 Kapazit\u00e4t: 300 Werkzeugaufnahmen (f\u00fcr die Lagerung und den schnellen Austausch von Werkzeugen) \u2022 Einsatzgebiet: [&hellip;]<\/p>\n","protected":false},"featured_media":5835,"template":"","meta":[],"product_brand":[],"product_cat":[94],"product_tag":[],"class_list":{"0":"post-6131","1":"product","2":"type-product","3":"status-publish","4":"has-post-thumbnail","6":"product_cat-zubehoer-sonstiges","8":"first","9":"instock","10":"taxable","11":"shipping-taxable","12":"product-type-simple"},"aioseo_notices":[],"_links":{"self":[{"href":"https:\/\/www.horn-wzm.de\/fr\/wp-json\/wp\/v2\/product\/6131","targetHints":{"allow":["GET"]}}],"collection":[{"href":"https:\/\/www.horn-wzm.de\/fr\/wp-json\/wp\/v2\/product"}],"about":[{"href":"https:\/\/www.horn-wzm.de\/fr\/wp-json\/wp\/v2\/types\/product"}],"version-history":[{"count":1,"href":"https:\/\/www.horn-wzm.de\/fr\/wp-json\/wp\/v2\/product\/6131\/revisions"}],"predecessor-version":[{"id":6139,"href":"https:\/\/www.horn-wzm.de\/fr\/wp-json\/wp\/v2\/product\/6131\/revisions\/6139"}],"wp:featuredmedia":[{"embeddable":true,"href":"https:\/\/www.horn-wzm.de\/fr\/wp-json\/wp\/v2\/media\/5835"}],"wp:attachment":[{"href":"https:\/\/www.horn-wzm.de\/fr\/wp-json\/wp\/v2\/media?parent=6131"}],"wp:term":[{"taxonomy":"product_brand","embeddable":true,"href":"https:\/\/www.horn-wzm.de\/fr\/wp-json\/wp\/v2\/product_brand?post=6131"},{"taxonomy":"product_cat","embeddable":true,"href":"https:\/\/www.horn-wzm.de\/fr\/wp-json\/wp\/v2\/product_cat?post=6131"},{"taxonomy":"product_tag","embeddable":true,"href":"https:\/\/www.horn-wzm.de\/fr\/wp-json\/wp\/v2\/product_tag?post=6131"}],"curies":[{"name":"wp","href":"https:\/\/api.w.org\/{rel}","templated":true}]}}