{"id":5960,"date":"2025-05-13T13:51:07","date_gmt":"2025-05-13T11:51:07","guid":{"rendered":"https:\/\/www.horn-wzm.de\/shop\/unkategorisiert\/gebr-biglia-wkz-halter-praezisionsbohrstangenhalter-2-x-o-32-used-toolholder-oesterle-art-354-5522-d32-bi09_intnr231287\/"},"modified":"2025-05-13T13:51:08","modified_gmt":"2025-05-13T11:51:08","slug":"gebr-biglia-wkz-support-porte-barre-dalesage-de-precision-2-x-o-32-used-toolholder-oesterle-art-354-5522-d32-bi09_intnr231287","status":"publish","type":"product","link":"https:\/\/www.horn-wzm.de\/fr\/shop\/werkzeughalter\/gebr-biglia-wkz-halter-praezisionsbohrstangenhalter-2-x-o-32-used-toolholder-oesterle-art-354-5522-d32-bi09_intnr231287\/","title":{"rendered":"Porte-plaquettes Biglia Porte-barres d'al\u00e9sage de pr\u00e9cision 2 x \u00d8 32 \/used toolholder Oesterle Art. 354 5522 D32 BI09_IntNr231287"},"content":{"rendered":"<p><b>Emplacement :<\/b> Allemagne, Baden-W\u00fcrttemberg S\u00fcdwest<\/p>\n<p><b>Zustand:<\/b> Occasion<\/p>\n<p><b>Hersteller:<\/b> Oesterle<\/p>\n<p><b>Ann\u00e9e de construction :<\/b> 2015<\/p>\n<p>Porte-outils usin\u00e9s \/ Porte-barres d'al\u00e9sage de pr\u00e9cision<br \/>\nFabricant : Oesterle + Partner GbR \/ Allemagne<br \/>\nMachines compatibles<br \/>\nPorte-outils<br \/>\nBMT 55<br \/>\nIKZ et AKZ<br \/>\nB 301 Y\/B301 YS<br \/>\nB 446 T2\/B 446 T3<br \/>\nB 545 M \/ S \/ SM \/ Y \/ YS<br \/>\nB 565 M \/ S \/ SM \/ Y \/ YS<br \/>\nB 620 - M \/ SM \/ Y \/ YS<br \/>\nB 650 - 658 M \/ SM \/ Y \/ YS<br \/>\nB750 M \/B750 SM \/B750 Y \/B750 YS - 12 fois<br \/>\nB750 M \/B750 SM \/B750 Y \/B750 YS - 16 fois<br \/>\nB1250M \/B1250SM \/B1250Y \/B1250YS-12 fois<br \/>\nB1250M \/B1250SM \/B1250Y \/B120YS - 16 fois<\/p>\n<p>Porte-outils \/ Porte-barres d'al\u00e9sage de pr\u00e9cision <\/p>\n<p> 2 x \u00d8 32mm <\/p>\n<p>Aenderungen und Irrtuemer in den technischen Daten und Angaben sowie Zwischenverkauf vorbehalten!<\/p>\n<p>Used Tool Holders \/ Precision Boring Bar Holders<br \/>\nFabricant : Oesterle + Partner GbR \/ Allemagne<\/p>\n<p>Machines compatibles :<br \/>\nInterface de l'outil : BMT 55<br \/>\nAlimentation en r\u00e9frig\u00e9rant : Interne (IKZ) et externe (AKZ)<\/p>\n<p>B 301 Y \/ B 301 YS<\/p>\n<p>B 446 T2 \/ B 446 T3<\/p>\n<p>B 545 M \/ S \/ SM \/ Y \/ YS<\/p>\n<p>B 565 M \/ S \/ SM \/ Y \/ YS<\/p>\n<p>B 620 - M \/ SM \/ Y \/ YS<\/p>\n<p>B 650 - 658 M \/ SM \/ Y \/ YS<\/p>\n<p>B 750 M \/ B 750 SM \/ B 750 Y \/ B 750 YS - 12-position<\/p>\n<p>B 750 M \/ B 750 SM \/ B 750 Y \/ B 750 YS - 16-position<\/p>\n<p>B 1250 M \/ B 1250 SM \/ B 1250 Y \/ B 1250 YS - 12-position<\/p>\n<p>B 1250 M \/ B 1250 SM \/ B 1250 Y \/ B 1250 YS - 16-position<\/p>\n<p>Tool Interface \/ Porte-barre de per\u00e7age de pr\u00e9cision :<br \/>\n2 x \u00d8 32 mm<\/p>\n<p>Sous r\u00e9serve de vente pr\u00e9alable. Les donn\u00e9es techniques et les sp\u00e9cifications peuvent \u00eatre sujettes \u00e0 des modifications et \u00e0 des erreurs.<\/p>","protected":false},"excerpt":{"rendered":"<p>Standort: Deutschland, Baden-W\u00fcrttemberg S\u00fcdwest Zustand: Gebraucht Hersteller: Oesterle Baujahr: 2015 gebr. Werkzeughalter \/ Pr\u00e4zisionsbohrstangenhalter Hersteller: Oesterle + Partner GbR \/ Deutschland Kompatible Maschinen Werkzeugaufnahme BMT 55 IKZ und AKZ B 301 Y\/B301 YS B 446 T2\/B 446 T3 B 545 M \/ S \/ SM \/ Y \/ YS B 565 M \/ S \/ [&hellip;]<\/p>\n","protected":false},"featured_media":5957,"template":"","meta":[],"product_brand":[],"product_cat":[84],"product_tag":[],"class_list":{"0":"post-5960","1":"product","2":"type-product","3":"status-publish","4":"has-post-thumbnail","6":"product_cat-werkzeughalter","8":"first","9":"instock","10":"taxable","11":"shipping-taxable","12":"product-type-simple"},"aioseo_notices":[],"_links":{"self":[{"href":"https:\/\/www.horn-wzm.de\/fr\/wp-json\/wp\/v2\/product\/5960","targetHints":{"allow":["GET"]}}],"collection":[{"href":"https:\/\/www.horn-wzm.de\/fr\/wp-json\/wp\/v2\/product"}],"about":[{"href":"https:\/\/www.horn-wzm.de\/fr\/wp-json\/wp\/v2\/types\/product"}],"version-history":[{"count":1,"href":"https:\/\/www.horn-wzm.de\/fr\/wp-json\/wp\/v2\/product\/5960\/revisions"}],"predecessor-version":[{"id":5961,"href":"https:\/\/www.horn-wzm.de\/fr\/wp-json\/wp\/v2\/product\/5960\/revisions\/5961"}],"wp:featuredmedia":[{"embeddable":true,"href":"https:\/\/www.horn-wzm.de\/fr\/wp-json\/wp\/v2\/media\/5957"}],"wp:attachment":[{"href":"https:\/\/www.horn-wzm.de\/fr\/wp-json\/wp\/v2\/media?parent=5960"}],"wp:term":[{"taxonomy":"product_brand","embeddable":true,"href":"https:\/\/www.horn-wzm.de\/fr\/wp-json\/wp\/v2\/product_brand?post=5960"},{"taxonomy":"product_cat","embeddable":true,"href":"https:\/\/www.horn-wzm.de\/fr\/wp-json\/wp\/v2\/product_cat?post=5960"},{"taxonomy":"product_tag","embeddable":true,"href":"https:\/\/www.horn-wzm.de\/fr\/wp-json\/wp\/v2\/product_tag?post=5960"}],"curies":[{"name":"wp","href":"https:\/\/api.w.org\/{rel}","templated":true}]}}