{"id":5949,"date":"2025-05-09T17:32:38","date_gmt":"2025-05-09T15:32:38","guid":{"rendered":"https:\/\/www.horn-wzm.de\/shop\/unkategorisiert\/gebr-biglia-wkz-halter-angetr-bohr-und-fraeskopf-weldornaufnahme-o-20-used-toolholder-driven-oesterle-art-300-5521-e32-bi09_intnr231285\/"},"modified":"2025-05-09T17:32:38","modified_gmt":"2025-05-09T15:32:38","slug":"gebr-biglia-wkz-porte-outil-antr-tte-de-percage-et-de-fraisage-logement-de-mandrin-o-20-used-toolholder-driven-oesterle-art-300-5521-e32-bi09_intnr231285","status":"publish","type":"product","link":"https:\/\/www.horn-wzm.de\/fr\/shop\/werkzeughalter\/gebr-biglia-wkz-halter-angetr-bohr-und-fraeskopf-weldornaufnahme-o-20-used-toolholder-driven-oesterle-art-300-5521-e32-bi09_intnr231285\/","title":{"rendered":"Porte-outil Biglia avec t\u00eate de per\u00e7age et de fraisage et mandrin de \u00d8 20 \/used toolholder driven Oesterle Art. 300 5521 E32 BI09_IntNr231285"},"content":{"rendered":"<p><b>Emplacement :<\/b> Allemagne, Baden-W\u00fcrttemberg S\u00fcdwest<\/p>\n<p><b>Zustand:<\/b> Occasion<\/p>\n<p><b>Hersteller:<\/b> Oesterle<\/p>\n<p><b>Ann\u00e9e de construction :<\/b> 2015<\/p>\n<p>Porte-outils entra\u00een\u00e9s br\u00fbl\u00e9s \/ T\u00eate de per\u00e7age et de fraisage \/ Porte-outil Weldon \u00d8 20<br \/>\nFabricant : Oesterle + Partner GbR \/ Allemagne<br \/>\nMachines compatibles<br \/>\nPorte-outils<br \/>\nT\u00eate de per\u00e7age et de fraisage<br \/>\nBMT 55<br \/>\nIKZ et AKZ<br \/>\nB 301 Y\/B301 YS<br \/>\nB 446 T2\/B 446 T3<br \/>\nB 545 M \/ S \/ SM \/ Y \/ YS<br \/>\nB 565 M \/ S \/ SM \/ Y \/ YS<br \/>\nB 620 - M \/ SM \/ Y \/ YS<br \/>\nB 650 - 658 M \/ SM \/ Y \/ YS<br \/>\nB750 M \/B750 SM \/B750 Y \/B750 YS - 12 fois<br \/>\nB750 M \/B750 SM \/B750 Y \/B750 YS - 16 fois<br \/>\nB1250M \/B1250SM \/B1250Y \/B1250YS-12 fois<br \/>\nB1250M \/B1250SM \/B1250Y \/B120YS - 16 fois<\/p>\n<p>Avec IKZ et r\u00e9glage rapide du tube de refroidissement (pat.)<\/p>\n<p>Porte-outils \/ Porte Weldon \u2205\u2205\u2205\u220520, 1:1<br \/>\nIKZ et AKZ<br \/>\npour l'usinage radial<br \/>\n \u00d8 20mm <\/p>\n<p>Aenderungen und Irrtuemer in den technischen Daten und Angaben sowie Zwischenverkauf vorbehalten!<\/p>\n<p>Used Driven Toolholders \/ Drilling and Milling Head \/ Weldon Mount \u00d8 20<br \/>\nFabricant : Oesterle + Partner GbR \/ Allemagne<\/p>\n<p>Machines compatibles<br \/>\nInterface du porte-outils<br \/>\nT\u00eate de forage et de fraisage<br \/>\nBMT 55<br \/>\nICS (alimentation interne en r\u00e9frig\u00e9rant) et ECS (alimentation externe en r\u00e9frig\u00e9rant)<\/p>\n<p>Mod\u00e8les de machines compatibles :<\/p>\n<p>B 301 Y \/ B301 YS<\/p>\n<p>B 446 T2 \/ B 446 T3<\/p>\n<p>B 545 M \/ S \/ SM \/ Y \/ YS<\/p>\n<p>B 565 M \/ S \/ SM \/ Y \/ YS<\/p>\n<p>B 620 - M \/ SM \/ Y \/ YS<\/p>\n<p>B 650 - 658 M \/ SM \/ Y \/ YS<\/p>\n<p>B750 M \/ B750 SM \/ B750 Y \/ B750 YS - 12 positions<\/p>\n<p>B750 M \/ B750 SM \/ B750 Y \/ B750 YS - 16 positions<\/p>\n<p>B1250M \/ B1250SM \/ B1250Y \/ B1250YS - 12 positions<\/p>\n<p>B1250M \/ B1250SM \/ B1250Y \/ B1250YS - 16 positions<\/p>\n<p>Equip\u00e9 d'un ICS et d'un syst\u00e8me brevet\u00e9 de r\u00e9glage rapide du tube de r\u00e9frig\u00e9rant.<\/p>\n<p>Interface outil \/ Weldon Mount<br \/>\n\u00d8 20 mm, ratio 1:1<br \/>\nICS et ECS<br \/>\nPour l'usinage radial<br \/>\n\u00d8 20 mm<\/p>\n<p>Les donn\u00e9es techniques et les sp\u00e9cifications sont sujettes \u00e0 modification et \u00e0 erreur. Prior sale reserved !<\/p>","protected":false},"excerpt":{"rendered":"<p>Standort: Deutschland, Baden-W\u00fcrttemberg S\u00fcdwest Zustand: Gebraucht Hersteller: Oesterle Baujahr: 2015 gebr. angetriebene Werkzeughalter \/ Bohr- und Fr\u00e4skopf \/ Weldonaufnahme \u00d8 20 Hersteller: Oesterle + Partner GbR \/ Deutschland Kompatible Maschinen Werkzeugaufnahme Bohr- und Fr\u00e4skopf BMT 55 IKZ und AKZ B 301 Y\/B301 YS B 446 T2\/B 446 T3 B 545 M \/ S \/ SM [&hellip;]<\/p>\n","protected":false},"featured_media":5947,"template":"","meta":[],"product_brand":[],"product_cat":[84],"product_tag":[],"class_list":{"0":"post-5949","1":"product","2":"type-product","3":"status-publish","4":"has-post-thumbnail","6":"product_cat-werkzeughalter","8":"first","9":"instock","10":"taxable","11":"shipping-taxable","12":"product-type-simple"},"aioseo_notices":[],"_links":{"self":[{"href":"https:\/\/www.horn-wzm.de\/fr\/wp-json\/wp\/v2\/product\/5949","targetHints":{"allow":["GET"]}}],"collection":[{"href":"https:\/\/www.horn-wzm.de\/fr\/wp-json\/wp\/v2\/product"}],"about":[{"href":"https:\/\/www.horn-wzm.de\/fr\/wp-json\/wp\/v2\/types\/product"}],"version-history":[{"count":1,"href":"https:\/\/www.horn-wzm.de\/fr\/wp-json\/wp\/v2\/product\/5949\/revisions"}],"predecessor-version":[{"id":5950,"href":"https:\/\/www.horn-wzm.de\/fr\/wp-json\/wp\/v2\/product\/5949\/revisions\/5950"}],"wp:featuredmedia":[{"embeddable":true,"href":"https:\/\/www.horn-wzm.de\/fr\/wp-json\/wp\/v2\/media\/5947"}],"wp:attachment":[{"href":"https:\/\/www.horn-wzm.de\/fr\/wp-json\/wp\/v2\/media?parent=5949"}],"wp:term":[{"taxonomy":"product_brand","embeddable":true,"href":"https:\/\/www.horn-wzm.de\/fr\/wp-json\/wp\/v2\/product_brand?post=5949"},{"taxonomy":"product_cat","embeddable":true,"href":"https:\/\/www.horn-wzm.de\/fr\/wp-json\/wp\/v2\/product_cat?post=5949"},{"taxonomy":"product_tag","embeddable":true,"href":"https:\/\/www.horn-wzm.de\/fr\/wp-json\/wp\/v2\/product_tag?post=5949"}],"curies":[{"name":"wp","href":"https:\/\/api.w.org\/{rel}","templated":true}]}}