{"id":5938,"date":"2025-05-09T17:04:34","date_gmt":"2025-05-09T15:04:34","guid":{"rendered":"https:\/\/www.horn-wzm.de\/shop\/unkategorisiert\/gebr-biglia-wkz-halter-angetr-used-toolholder-driven-oesterle-art-300-5521-e32-bi09-mit-ikz_intnr231282\/"},"modified":"2025-05-09T17:04:35","modified_gmt":"2025-05-09T15:04:35","slug":"gebr-biglia-wkz-support-angetr-used-toolholder-driven-oesterle-art-300-5521-e32-bi09-avec-ikz_intnr231282","status":"publish","type":"product","link":"https:\/\/www.horn-wzm.de\/fr\/shop\/werkzeughalter\/gebr-biglia-wkz-halter-angetr-used-toolholder-driven-oesterle-art-300-5521-e32-bi09-mit-ikz_intnr231282\/","title":{"rendered":"Porte-outils Biglia driven Oesterle Art. 300 5521 E32 BI09 avec IKZ_IntNr231282"},"content":{"rendered":"<p><b>Emplacement :<\/b> Allemagne, Baden-W\u00fcrttemberg S\u00fcdwest<\/p>\n<p><b>Zustand:<\/b> Occasion<\/p>\n<p><b>Hersteller:<\/b> Oesterle<\/p>\n<p><b>Ann\u00e9e de construction :<\/b> 2015<\/p>\n<p>Porte-outils entra\u00een\u00e9s br\u00fbl\u00e9s avec IKZ<br \/>\nFabricant : Oesterle + Partner GbR \/ Allemagne<br \/>\nMachines compatibles<br \/>\nPorte-outils<br \/>\nT\u00eate de per\u00e7age et de fraisage<br \/>\nER32 1:1<br \/>\nBMT 55<br \/>\nIKZ et AKZ<br \/>\nB 301 Y\/B301 YS<br \/>\nB 446 T2\/B 446 T3<br \/>\nB 545 M \/ S \/ SM \/ Y \/ YS<br \/>\nB 565 M \/ S \/ SM \/ Y \/ YS<br \/>\nB 620 - M \/ SM \/ Y \/ YS<br \/>\nB 650 - 658 M \/ SM \/ Y \/ YS<br \/>\nB750 M \/B750 SM \/B750 Y \/B750 YS - 12 fois<br \/>\nB750 M \/B750 SM \/B750 Y \/B750 YS - 16 fois<br \/>\nB1250M \/B1250SM \/B1250Y \/B1250YS-12 fois<br \/>\nB1250M \/B1250SM \/B1250Y \/B120YS - 16 fois<\/p>\n<p>Avec IKZ et r\u00e9glage rapide du tube de refroidissement (pat.)<\/p>\n<p>Porte-outils<br \/>\n DIN 6499 ER 32<br \/>\n( d ) Plage de serrage<br \/>\n0,5 - 20 mm<br \/>\nIKZ + refroidissement externe<br \/>\npour l'usinage radial <\/p>\n<p>Aenderungen und Irrtuemer in den technischen Daten und Angaben sowie Zwischenverkauf vorbehalten!<\/p>\n<p>Porte-outils Used Driven avec alimentation interne en liquide de refroidissement (ICS)<br \/>\nFabricant : Oesterle + Partner GbR \/ Allemagne<\/p>\n<p>Machines compatibles<br \/>\nInterface du porte-outils<br \/>\nT\u00eate de forage et de fraisage<br \/>\nER32 1:1<br \/>\nBMT 55<br \/>\nICS (alimentation interne en r\u00e9frig\u00e9rant) et ECS (alimentation externe en r\u00e9frig\u00e9rant)<\/p>\n<p>Mod\u00e8les de machines compatibles :<\/p>\n<p>B 301 Y \/ B301 YS<\/p>\n<p>B 446 T2 \/ B 446 T3<\/p>\n<p>B 545 M \/ S \/ SM \/ Y \/ YS<\/p>\n<p>B 565 M \/ S \/ SM \/ Y \/ YS<\/p>\n<p>B 620 - M \/ SM \/ Y \/ YS<\/p>\n<p>B 650 - 658 M \/ SM \/ Y \/ YS<\/p>\n<p>B750 M \/ B750 SM \/ B750 Y \/ B750 YS - 12 positions<\/p>\n<p>B750 M \/ B750 SM \/ B750 Y \/ B750 YS - 16 positions<\/p>\n<p>B1250M \/ B1250SM \/ B1250Y \/ B1250YS - 12 positions<\/p>\n<p>B1250M \/ B1250SM \/ B1250Y \/ B1250YS - 16 positions<\/p>\n<p>Equip\u00e9 d'un ICS et d'un syst\u00e8me brevet\u00e9 de r\u00e9glage rapide du tube de r\u00e9frig\u00e9rant.<\/p>\n<p>Interface de l'outil<br \/>\nDIN 6499 ER 32<br \/>\n(d) Gamme de serrage : 0,5 - 20 mm<br \/>\nICS + refroidissement externe<br \/>\nPour l'usinage radial<\/p>\n<p>Les sp\u00e9cifications techniques et les informations sont sujettes \u00e0 modification et \u00e0 erreur. Prior sale reserved !<\/p>","protected":false},"excerpt":{"rendered":"<p>Standort: Deutschland, Baden-W\u00fcrttemberg S\u00fcdwest Zustand: Gebraucht Hersteller: Oesterle Baujahr: 2015 gebr. angetriebene Werkzeughalter mit IKZ Hersteller: Oesterle + Partner GbR \/ Deutschland Kompatible Maschinen Werkzeugaufnahme Bohr- und Fr\u00e4skopf ER32 1:1 BMT 55 IKZ und AKZ B 301 Y\/B301 YS B 446 T2\/B 446 T3 B 545 M \/ S \/ SM \/ Y \/ YS [&hellip;]<\/p>\n","protected":false},"featured_media":5936,"template":"","meta":[],"product_brand":[],"product_cat":[84],"product_tag":[],"class_list":{"0":"post-5938","1":"product","2":"type-product","3":"status-publish","4":"has-post-thumbnail","6":"product_cat-werkzeughalter","8":"first","9":"instock","10":"taxable","11":"shipping-taxable","12":"product-type-simple"},"aioseo_notices":[],"_links":{"self":[{"href":"https:\/\/www.horn-wzm.de\/fr\/wp-json\/wp\/v2\/product\/5938","targetHints":{"allow":["GET"]}}],"collection":[{"href":"https:\/\/www.horn-wzm.de\/fr\/wp-json\/wp\/v2\/product"}],"about":[{"href":"https:\/\/www.horn-wzm.de\/fr\/wp-json\/wp\/v2\/types\/product"}],"version-history":[{"count":1,"href":"https:\/\/www.horn-wzm.de\/fr\/wp-json\/wp\/v2\/product\/5938\/revisions"}],"predecessor-version":[{"id":5939,"href":"https:\/\/www.horn-wzm.de\/fr\/wp-json\/wp\/v2\/product\/5938\/revisions\/5939"}],"wp:featuredmedia":[{"embeddable":true,"href":"https:\/\/www.horn-wzm.de\/fr\/wp-json\/wp\/v2\/media\/5936"}],"wp:attachment":[{"href":"https:\/\/www.horn-wzm.de\/fr\/wp-json\/wp\/v2\/media?parent=5938"}],"wp:term":[{"taxonomy":"product_brand","embeddable":true,"href":"https:\/\/www.horn-wzm.de\/fr\/wp-json\/wp\/v2\/product_brand?post=5938"},{"taxonomy":"product_cat","embeddable":true,"href":"https:\/\/www.horn-wzm.de\/fr\/wp-json\/wp\/v2\/product_cat?post=5938"},{"taxonomy":"product_tag","embeddable":true,"href":"https:\/\/www.horn-wzm.de\/fr\/wp-json\/wp\/v2\/product_tag?post=5938"}],"curies":[{"name":"wp","href":"https:\/\/api.w.org\/{rel}","templated":true}]}}