{"id":5881,"date":"2025-04-07T14:03:15","date_gmt":"2025-04-07T12:03:15","guid":{"rendered":"https:\/\/www.horn-wzm.de\/shop\/unkategorisiert\/gebr-profilprojektor-mitutoyo-pv-500-_intnr231045\/"},"modified":"2025-04-07T14:03:15","modified_gmt":"2025-04-07T12:03:15","slug":"gebr-projecteur-de-profil-mitutoyo-pv-500-_intnr231045","status":"publish","type":"product","link":"https:\/\/www.horn-wzm.de\/fr\/shop\/messtechnik\/gebr-profilprojektor-mitutoyo-pv-500-_intnr231045\/","title":{"rendered":"projecteur de profil Mitutoyo PV 500 d'occasion _IntNr231045"},"content":{"rendered":"<p><b>Emplacement :<\/b> Allemagne, Baden-W\u00fcrttemberg S\u00fcdwest<\/p>\n<p><b>Zustand:<\/b> Occasion<\/p>\n<p><b>heures de fonctionnement :<\/b> pas de<\/p>\n<p>IntNr231045<br \/>\nGebr.<br \/>\nProjecteur de profil Mitutoyo PV 500<br \/>\navec \u00e9cran 500 mm et affichage num\u00e9rique<br \/>\nTechnische Daten:<br \/>\nProjecteur de profil marque MITUTOYO type PV-500<br \/>\nDiam\u00e8tre de l'\u00e9cran 508 mm<br \/>\n\u00e9cran pivotant sur 360\u00b0 (vernier 1')<br \/>\nGrossissement possible 5 x , 10 x , 20 x ,50x , 100 x<br \/>\nLe montage s'effectue par le syst\u00e8me d'insertion avec adaptateur<br \/>\nPr\u00e9cision de grossissement en lumi\u00e8re transmise\/\u00e9piscopique +- 0,1% \/ +- 0,15%<br \/>\nsecteur 220 V, 50 Hz<br \/>\nConsommation \u00e9lectrique 340 VA<br \/>\nDimensions de l'appareil de base 900 x 700 x 1700 mm<br \/>\nPoids 180 kg<br \/>\navec<br \/>\n- Affichage num\u00e9rique \u00e0 2 axes Mitutoyo<br \/>\nAccessoires <\/p>\n<p>Die Maschine kann nach Terminvereinbarung Strom besichtigt werden.<br \/>\nAenderungen und Irrtuemer in den technischen Daten und Angaben sowie Zwischenverkauf vorbehalten!<\/p>\n<p>Used<br \/>\nProfile projector Mitutoyo PV 500<br \/>\navec \u00e9cran de 500 mm et affichage num\u00e9rique<br \/>\nDonn\u00e9es techniques :<br \/>\nProfile projector make MITUTOYO type PV-500<br \/>\nDiam\u00e8tre de l'\u00e9cran 508 mm<br \/>\n\u00c9cran rotatif sur 360\u00b0 (vernier 1\u2032)<br \/>\nMagnification possible 5 x , 10 x , 20 x , 50 x , 100 x<br \/>\nInstallation par syst\u00e8me d'insertion avec adaptateur<br \/>\nPr\u00e9cision de la magnification avec lumi\u00e8re transmise \/ lumi\u00e8re r\u00e9fl\u00e9chie +- 0.1% \/ +- 0.15%<br \/>\nMains 220 V, 50 Hz<br \/>\nConsommation d'\u00e9nergie 340 VA<br \/>\nDimensions de l'appareil de base 900 x 700 x 1700 mm<br \/>\nPoids 180 kg<br \/>\nAvec<br \/>\n- \u00c9cran num\u00e9rique \u00e0 2 axes Mitutoyo<br \/>\nAccessoires <\/p>\n<p>The machine can be inspected by appointment.<br \/>\nChanges and errors in the technical data and information as well as prior sale reserved!<\/p>","protected":false},"excerpt":{"rendered":"<p>Standort: Deutschland, Baden-W\u00fcrttemberg S\u00fcdwest Zustand: Gebraucht Betriebsstunden: keine IntNr231045 Gebr. Profilprojektor Mitutoyo PV 500 mit Bildschirm 500 mm und digitaler Anzeige Technische Daten: Profilprojektor Fabrikat MITUTOYO Typ PV-500 Bildschirmdurchmesser 508 mm Bildschirm drehbar um 360\u00b0 (Nonius 1\u00b4) Vergr\u00f6\u00dferung m\u00f6glich 5 x , 10 x , 20 x ,50x , 100 x Einbau erfolgt durch Einsatzsystem [&hellip;]<\/p>\n","protected":false},"featured_media":5877,"template":"","meta":[],"product_brand":[],"product_cat":[90],"product_tag":[],"class_list":{"0":"post-5881","1":"product","2":"type-product","3":"status-publish","4":"has-post-thumbnail","6":"product_cat-messtechnik","8":"first","9":"instock","10":"taxable","11":"shipping-taxable","12":"product-type-simple"},"aioseo_notices":[],"_links":{"self":[{"href":"https:\/\/www.horn-wzm.de\/fr\/wp-json\/wp\/v2\/product\/5881","targetHints":{"allow":["GET"]}}],"collection":[{"href":"https:\/\/www.horn-wzm.de\/fr\/wp-json\/wp\/v2\/product"}],"about":[{"href":"https:\/\/www.horn-wzm.de\/fr\/wp-json\/wp\/v2\/types\/product"}],"version-history":[{"count":1,"href":"https:\/\/www.horn-wzm.de\/fr\/wp-json\/wp\/v2\/product\/5881\/revisions"}],"predecessor-version":[{"id":5882,"href":"https:\/\/www.horn-wzm.de\/fr\/wp-json\/wp\/v2\/product\/5881\/revisions\/5882"}],"wp:featuredmedia":[{"embeddable":true,"href":"https:\/\/www.horn-wzm.de\/fr\/wp-json\/wp\/v2\/media\/5877"}],"wp:attachment":[{"href":"https:\/\/www.horn-wzm.de\/fr\/wp-json\/wp\/v2\/media?parent=5881"}],"wp:term":[{"taxonomy":"product_brand","embeddable":true,"href":"https:\/\/www.horn-wzm.de\/fr\/wp-json\/wp\/v2\/product_brand?post=5881"},{"taxonomy":"product_cat","embeddable":true,"href":"https:\/\/www.horn-wzm.de\/fr\/wp-json\/wp\/v2\/product_cat?post=5881"},{"taxonomy":"product_tag","embeddable":true,"href":"https:\/\/www.horn-wzm.de\/fr\/wp-json\/wp\/v2\/product_tag?post=5881"}],"curies":[{"name":"wp","href":"https:\/\/api.w.org\/{rel}","templated":true}]}}