{"id":5671,"date":"2025-03-07T11:03:59","date_gmt":"2025-03-07T10:03:59","guid":{"rendered":"https:\/\/www.horn-wzm.de\/shop\/unkategorisiert\/1-gebr-lta-ac-500-bj-2010_-intnr231257\/"},"modified":"2025-03-07T11:03:59","modified_gmt":"2025-03-07T10:03:59","slug":"1-gebr-lta-ac-500-bj-2010_-intnr231257","status":"publish","type":"product","link":"https:\/\/www.horn-wzm.de\/fr\/shop\/oel-emulsionsnebel-abzugsanlagen\/1-gebr-lta-ac-500-bj-2010_-intnr231257\/","title":{"rendered":"1 LTA AC 500 d'occasion ann\u00e9e 2010_ IntNr231257"},"content":{"rendered":"<p><b>Emplacement :<\/b> Allemagne, Baden-W\u00fcrttemberg S\u00fcdwest<\/p>\n<p><b>Zustand:<\/b> Occasion<\/p>\n<p><b>Hersteller:<\/b> LTA<\/p>\n<p><b>Modell:<\/b> LTA<\/p>\n<p><b>Ann\u00e9e de construction :<\/b> 2010<\/p>\n<p>AC 500 solide<br \/>\n - faible consommation d'\u00e9nergie gr\u00e2ce aux \u00e9l\u00e9ments filtrants sans perte de pression et aux ventilateurs \u00e0 haute efficacit\u00e9 \u00e9nerg\u00e9tique<br \/>\n\u00b7 Filtrationsstufen f\u00fcr die Abscheidung von K\u00fchlschmierstoffnebel<br \/>\n- Principe de filtration M ( M = m\u00e9canique)<br \/>\n\u00b7 Verwendung f\u00fcr Emulsionsnebel<br \/>\n\u00b7 Direktanbau an Maschine m\u00f6glich<br \/>\n\u00b7 Abscheidegrad bis 99%<br \/>\n- Capacit\u00e9 d'aspiration 800 m3\/h (470cfm)<br \/>\n- Capacit\u00e9 de ventilation 1950 m3 \/ 5 (1.147 cfm)<br \/>\n- Consommation d'\u00e9nergie 0,6 kW<br \/>\n- Tension : 400V<br \/>\n- Dimensions : (LxlxH) : 500x500x590 mm<br \/>\n- Poids : 48 KG<\/p>\n<p>Aenderungen und Irrtuemer in den technischen Daten und Angaben sowie Zwischenverkauf vorbehalten!<\/p>\n<p>AC 500 solide<br \/>\n - Faible consommation d'\u00e9nergie gr\u00e2ce \u00e0 des \u00e9l\u00e9ments filtrants sans pression et \u00e0 des ventilateurs \u00e0 faible consommation d'\u00e9nergie<br \/>\n- \u00c9tapes de filtration pour la s\u00e9paration des fum\u00e9es de lubrifiants de refroidissement<br \/>\n- Principe de filtration M<br \/>\n- Use for emulsion mist<br \/>\n\u2013 Direct attachment to machine possible<br \/>\n\u2013 Separation efficiency up to 99<br \/>\n- Capacit\u00e9 d'extraction 800 m3\/h (470cfm)<br \/>\n- Capacit\u00e9 de soufflage 1950 m3 \/ 5 (1,147 cfm)<br \/>\n- Consommation d'\u00e9nergie 0,6 kW<br \/>\n- Tension : 400V<br \/>\n- Dimensions : (LxlxH) : 500x500x590 mm<br \/>\n- Poids : 48 KG<\/p>\n<p>Subject to changes and errors in the technical data and information as well as prior sale!<\/p>\n<p>Translated with DeepL.com (free version)<\/p>","protected":false},"excerpt":{"rendered":"<p>Standort: Deutschland, Baden-W\u00fcrttemberg S\u00fcdwest Zustand: Gebraucht Hersteller: LTA Modell: LTA Baujahr: 2010 AC 500 solid &#8211; geringer Energieverbrauch dank druckverlustfreier Filterelemente sowie energieeffizienter Gebl\u00e4se \u00b7 Filtrationsstufen f\u00fcr die Abscheidung von K\u00fchlschmierstoffnebel \u00b7 Filtrationsprinzip M ( M = mechanisch) \u00b7 Verwendung f\u00fcr Emulsionsnebel \u00b7 Direktanbau an Maschine m\u00f6glich \u00b7 Abscheidegrad bis 99% &#8211; Absaugleistung 800 m3\/h [&hellip;]<\/p>\n","protected":false},"featured_media":5666,"template":"","meta":[],"product_brand":[],"product_cat":[79],"product_tag":[],"class_list":{"0":"post-5671","1":"product","2":"type-product","3":"status-publish","4":"has-post-thumbnail","6":"product_cat-oel-emulsionsnebel-abzugsanlagen","8":"first","9":"instock","10":"taxable","11":"shipping-taxable","12":"product-type-simple"},"aioseo_notices":[],"_links":{"self":[{"href":"https:\/\/www.horn-wzm.de\/fr\/wp-json\/wp\/v2\/product\/5671","targetHints":{"allow":["GET"]}}],"collection":[{"href":"https:\/\/www.horn-wzm.de\/fr\/wp-json\/wp\/v2\/product"}],"about":[{"href":"https:\/\/www.horn-wzm.de\/fr\/wp-json\/wp\/v2\/types\/product"}],"version-history":[{"count":1,"href":"https:\/\/www.horn-wzm.de\/fr\/wp-json\/wp\/v2\/product\/5671\/revisions"}],"predecessor-version":[{"id":5672,"href":"https:\/\/www.horn-wzm.de\/fr\/wp-json\/wp\/v2\/product\/5671\/revisions\/5672"}],"wp:featuredmedia":[{"embeddable":true,"href":"https:\/\/www.horn-wzm.de\/fr\/wp-json\/wp\/v2\/media\/5666"}],"wp:attachment":[{"href":"https:\/\/www.horn-wzm.de\/fr\/wp-json\/wp\/v2\/media?parent=5671"}],"wp:term":[{"taxonomy":"product_brand","embeddable":true,"href":"https:\/\/www.horn-wzm.de\/fr\/wp-json\/wp\/v2\/product_brand?post=5671"},{"taxonomy":"product_cat","embeddable":true,"href":"https:\/\/www.horn-wzm.de\/fr\/wp-json\/wp\/v2\/product_cat?post=5671"},{"taxonomy":"product_tag","embeddable":true,"href":"https:\/\/www.horn-wzm.de\/fr\/wp-json\/wp\/v2\/product_tag?post=5671"}],"curies":[{"name":"wp","href":"https:\/\/api.w.org\/{rel}","templated":true}]}}