{"id":5132,"date":"2025-01-23T12:35:00","date_gmt":"2025-01-23T11:35:00","guid":{"rendered":"https:\/\/www.horn-wzm.de\/shop\/unkategorisiert\/gebr-wkz-halter-angetr-used-toolholder-driven-oesterle-mit-ikz_intnr231220\/"},"modified":"2025-01-23T12:35:00","modified_gmt":"2025-01-23T11:35:00","slug":"gebr-wkz-holder-angetr-used-toolholder-driven-oesterle-mit-ikz_intnr231220","status":"publish","type":"product","link":"https:\/\/www.horn-wzm.de\/fr\/shop\/werkzeughalter\/gebr-wkz-halter-angetr-used-toolholder-driven-oesterle-mit-ikz_intnr231220\/","title":{"rendered":"Porte-outils driven Oesterle avec IKZ_IntNr231220"},"content":{"rendered":"<p><b>Emplacement :<\/b> Allemagne, Baden-W\u00fcrttemberg S\u00fcdwest<\/p>\n<p><b>Zustand:<\/b> Comme neuf<\/p>\n<p><b>Hersteller:<\/b> Oesterle<\/p>\n<p><b>Modell:<\/b> 301 5421 A25 B109<\/p>\n<p><b>Ann\u00e9e de construction :<\/b> 2015<\/p>\n<p>Porte-outils entra\u00een\u00e9s br\u00fbl\u00e9s avec IKZ<br \/>\nT\u00eate de per\u00e7age et de fraisage<br \/>\ndroit Biglia B436 - BMT40<br \/>\nMachines compatibles<br \/>\nBIGLIA - B436<br \/>\nBIGLIA - B438<br \/>\nBIGLIA - BMX 45Y2<br \/>\nPorte-outils motoris\u00e9s de haute pr\u00e9cision<br \/>\nBI-WZ16AX25i<br \/>\nT\u00eate de per\u00e7age et de fraisage axial ER25 avec broche A25 Power<br \/>\nLine Palier de broche avec IKZ, 1:1 (Oesterle)<br \/>\navec refroidissement externe et r\u00e9glage rapide du tube de refroidissement (pat.)<br \/>\n Porte-outils<br \/>\nDIN 6499 ER 25<br \/>\n ( d ) Plage de serrage<br \/>\n 0,5 - 16 mm<br \/>\n n max (1\/min) 8000<br \/>\nT max (NM) 16<br \/>\nI n1 \/ n2 1:1<br \/>\nrefroidissement externe et<br \/>\n R\u00e9glage rapide du tube de refroidissement<br \/>\n bar 85<\/p>\n<p>Porte-outils motoris\u00e9 avec IKZ<br \/>\nT\u00eate de per\u00e7age et d'usinage<br \/>\nstraight Biglia B436 - BMT40<br \/>\nMachines compatibles<br \/>\nBIGLIA - B436<br \/>\nBIGLIA - B438<br \/>\nBIGLIA - BMX 45Y2<br \/>\nPorte-outils de haute pr\u00e9cision<br \/>\nBI-WZ16AX25i<br \/>\nT\u00eate de per\u00e7age et de fraisage axial ER25 avec broche A25 Power<br \/>\nRoulements de broche de ligne avec IKZ, 1:1 (Oesterle)<br \/>\navec refroidissement externe et tube de refroidissement r\u00e9glage rapide (pat.)<br \/>\n Porte-outils<br \/>\nDIN 6499 ER 25<br \/>\n ( d ) Gamme de serrage<br \/>\n 0,5 - 16 mm<br \/>\n n max (1\/min) 8000<br \/>\nT max (NM) 16<br \/>\nI n1 \/ n2 1:1<br \/>\nRefroidissement externe et<br \/>\n r\u00e9glage rapide du tube de refroidissement<br \/>\n bar 85<\/p>","protected":false},"excerpt":{"rendered":"<p>Standort: Deutschland, Baden-W\u00fcrttemberg S\u00fcdwest Zustand: Neuwertig Hersteller: Oesterle Modell: 301 5421 A25 B109 Baujahr: 2015 gebr. angetriebene Werkzeughalter mit IKZ Bohr- und Fr\u00e4skopf gerade Biglia B436 &#8211; BMT40 Kompatible Maschinen BIGLIA &#8211; B436 BIGLIA &#8211; B438 BIGLIA &#8211; BMX 45Y2 angetriebene Hochpr\u00e4zisions &#8211; Werkzeughalter BI-WZ16AX25i Axial Bohr- und Fr\u00e4skopf ER25 mit Spindel A25 Power Line [&hellip;]<\/p>\n","protected":false},"featured_media":5123,"template":"","meta":[],"product_brand":[],"product_cat":[84],"product_tag":[],"class_list":{"0":"post-5132","1":"product","2":"type-product","3":"status-publish","4":"has-post-thumbnail","6":"product_cat-werkzeughalter","8":"first","9":"instock","10":"taxable","11":"shipping-taxable","12":"product-type-simple"},"aioseo_notices":[],"_links":{"self":[{"href":"https:\/\/www.horn-wzm.de\/fr\/wp-json\/wp\/v2\/product\/5132","targetHints":{"allow":["GET"]}}],"collection":[{"href":"https:\/\/www.horn-wzm.de\/fr\/wp-json\/wp\/v2\/product"}],"about":[{"href":"https:\/\/www.horn-wzm.de\/fr\/wp-json\/wp\/v2\/types\/product"}],"version-history":[{"count":1,"href":"https:\/\/www.horn-wzm.de\/fr\/wp-json\/wp\/v2\/product\/5132\/revisions"}],"predecessor-version":[{"id":5133,"href":"https:\/\/www.horn-wzm.de\/fr\/wp-json\/wp\/v2\/product\/5132\/revisions\/5133"}],"wp:featuredmedia":[{"embeddable":true,"href":"https:\/\/www.horn-wzm.de\/fr\/wp-json\/wp\/v2\/media\/5123"}],"wp:attachment":[{"href":"https:\/\/www.horn-wzm.de\/fr\/wp-json\/wp\/v2\/media?parent=5132"}],"wp:term":[{"taxonomy":"product_brand","embeddable":true,"href":"https:\/\/www.horn-wzm.de\/fr\/wp-json\/wp\/v2\/product_brand?post=5132"},{"taxonomy":"product_cat","embeddable":true,"href":"https:\/\/www.horn-wzm.de\/fr\/wp-json\/wp\/v2\/product_cat?post=5132"},{"taxonomy":"product_tag","embeddable":true,"href":"https:\/\/www.horn-wzm.de\/fr\/wp-json\/wp\/v2\/product_tag?post=5132"}],"curies":[{"name":"wp","href":"https:\/\/api.w.org\/{rel}","templated":true}]}}