{"id":4664,"date":"2024-11-12T15:29:26","date_gmt":"2024-11-12T14:29:26","guid":{"rendered":"https:\/\/www.horn-wzm.de\/shop\/unkategorisiert\/gebr-werkzeughalter-star-221_60h-00_star-sv-20-intnr231155\/"},"modified":"2024-11-12T15:29:27","modified_gmt":"2024-11-12T14:29:27","slug":"gebr-porte-outils-star-221_60h-00_star-sv-20-intnr231155","status":"publish","type":"product","link":"https:\/\/www.horn-wzm.de\/fr\/shop\/werkzeughalter\/gebr-werkzeughalter-star-221_60h-00_star-sv-20-intnr231155\/","title":{"rendered":"Porte-outils usag\u00e9 STAR 221_60H-00_Star SV-20 (IntNr231155)"},"content":{"rendered":"<p><b>Emplacement :<\/b> Allemagne, Baden-W\u00fcrttemberg S\u00fcdwest<\/p>\n<p><b>Zustand:<\/b> Comme neuf<\/p>\n<p><b>Hersteller:<\/b> STAR Micronics<\/p>\n<p>Dispositif de fraisage de la lame de scie pour usinage frontal R\u00e9glable<br \/>\npour broche principale<br \/>\n221-60H-00<br \/>\nConvient aux types de machines STAR suivants :<br \/>\nST-20-32-38 SV-12-20-32 \/ ECAS<br \/>\nAenderungen und Irrtuemer in den technischen Daten und Angaben sowie Zwischenverkauf vorbehalten!<\/p>\n<p>Saw blade milling device for front machining Adjustable<br \/>\npour la broche principale<br \/>\n221-60H-00<br \/>\nConvient pour les types de machines STAR suivants :<br \/>\nST-20-32-38 SV-12-20-32 \/ ECAS<br \/>\nSubject to changes and errors in the technical data and information as well as prior sale!<\/p>","protected":false},"excerpt":{"rendered":"<p>Standort: Deutschland, Baden-W\u00fcrttemberg S\u00fcdwest Zustand: Neuwertig Hersteller: STAR Micronics S\u00e4geblatt-Fr\u00e4seinrichtung f\u00fcr Frontalbearbeitung Verstellbar zu Hauptspindel 221-60H-00 Passend f\u00fcr folgende STAR-Maschinentypen: ST-20-32-38 SV-12-20-32 \/ ECAS Aenderungen und Irrtuemer in den technischen Daten und Angaben sowie Zwischenverkauf vorbehalten! Saw blade milling device for frontal machining Adjustable for main spindle 221-60H-00 Suitable for the following STAR machine types: [&hellip;]<\/p>\n","protected":false},"featured_media":4663,"template":"","meta":[],"product_brand":[],"product_cat":[84],"product_tag":[],"class_list":{"0":"post-4664","1":"product","2":"type-product","3":"status-publish","4":"has-post-thumbnail","6":"product_cat-werkzeughalter","8":"first","9":"instock","10":"taxable","11":"shipping-taxable","12":"product-type-simple"},"aioseo_notices":[],"_links":{"self":[{"href":"https:\/\/www.horn-wzm.de\/fr\/wp-json\/wp\/v2\/product\/4664","targetHints":{"allow":["GET"]}}],"collection":[{"href":"https:\/\/www.horn-wzm.de\/fr\/wp-json\/wp\/v2\/product"}],"about":[{"href":"https:\/\/www.horn-wzm.de\/fr\/wp-json\/wp\/v2\/types\/product"}],"version-history":[{"count":1,"href":"https:\/\/www.horn-wzm.de\/fr\/wp-json\/wp\/v2\/product\/4664\/revisions"}],"predecessor-version":[{"id":4665,"href":"https:\/\/www.horn-wzm.de\/fr\/wp-json\/wp\/v2\/product\/4664\/revisions\/4665"}],"wp:featuredmedia":[{"embeddable":true,"href":"https:\/\/www.horn-wzm.de\/fr\/wp-json\/wp\/v2\/media\/4663"}],"wp:attachment":[{"href":"https:\/\/www.horn-wzm.de\/fr\/wp-json\/wp\/v2\/media?parent=4664"}],"wp:term":[{"taxonomy":"product_brand","embeddable":true,"href":"https:\/\/www.horn-wzm.de\/fr\/wp-json\/wp\/v2\/product_brand?post=4664"},{"taxonomy":"product_cat","embeddable":true,"href":"https:\/\/www.horn-wzm.de\/fr\/wp-json\/wp\/v2\/product_cat?post=4664"},{"taxonomy":"product_tag","embeddable":true,"href":"https:\/\/www.horn-wzm.de\/fr\/wp-json\/wp\/v2\/product_tag?post=4664"}],"curies":[{"name":"wp","href":"https:\/\/api.w.org\/{rel}","templated":true}]}}