{"id":4617,"date":"2024-11-12T14:55:12","date_gmt":"2024-11-12T13:55:12","guid":{"rendered":"https:\/\/www.horn-wzm.de\/shop\/unkategorisiert\/gebr-werkzeughalter-star-451-11-00_star-sv12-intnr231136\/"},"modified":"2026-02-11T14:28:21","modified_gmt":"2026-02-11T13:28:21","slug":"gebr-porte-outils-star-451-11-00_star-sv12-intnr231136","status":"publish","type":"product","link":"https:\/\/www.horn-wzm.de\/fr\/shop\/werkzeughalter\/gebr-werkzeughalter-star-451-11-00_star-sv12-intnr231136\/","title":{"rendered":"Porte-outils usag\u00e9 STAR 451-11-00_Star SV12 (IntNr231136)"},"content":{"rendered":"<p><b>Emplacement :<\/b> Allemagne, Baden-W\u00fcrttemberg S\u00fcdwest<\/p>\n<p><b>Zustand:<\/b> Comme neuf<\/p>\n<p><b>Hersteller:<\/b> STAR Micronics<\/p>\n<p>STAR Micronics<\/p>\n<p>Triple support de forage \u00d822mm avec arrosage (externe)<br \/>\npour la broche principale et la contre-broche<br \/>\n451-11-00<br \/>\nConvient aux types de machines STAR suivants :<br \/>\nST-20-32-38 SV-12-20-32 \/ ECAS<br \/>\n75mm \u00e0 178mm<br \/>\nAenderungen und Irrtuemer in den technischen Daten und Angaben sowie Zwischenverkauf vorbehalten!<\/p>\n<p>3-fold drill holder \u00d822mm with coolant supply (external)<br \/>\npour la broche principale et la contre-broche<br \/>\n451-11-00<br \/>\nConvient pour les types de machines STAR suivants :<br \/>\nST-20-32-38 SV-12-20-32 \/ ECAS<br \/>\n75mm \u00e0 178mm<br \/>\nSubject to changes and errors in the technical data and information as well as prior sale!<\/p>","protected":false},"excerpt":{"rendered":"<p>Standort: Deutschland, Baden-W\u00fcrttemberg S\u00fcdwest Zustand: Neuwertig Hersteller: STAR Micronics STAR Micronics 3-fach Bohrhalter \u00d822mm mit K\u00fchlmittelzuf\u00fchrung (extern) zu Hauptspindel und Gegenspindel 451-11-00 Passend f\u00fcr folgende STAR-Maschinentypen: ST-20-32-38 SV-12-20-32 \/ ECAS 75mm zu 178mm Aenderungen und Irrtuemer in den technischen Daten und Angaben sowie Zwischenverkauf vorbehalten! 3-fold drill holder \u00d822mm with coolant supply (external) for main [&hellip;]<\/p>\n","protected":false},"featured_media":7338,"template":"","meta":[],"product_brand":[],"product_cat":[84],"product_tag":[],"class_list":{"0":"post-4617","1":"product","2":"type-product","3":"status-publish","4":"has-post-thumbnail","6":"product_cat-werkzeughalter","8":"first","9":"instock","10":"taxable","11":"shipping-taxable","12":"product-type-simple"},"aioseo_notices":[],"_links":{"self":[{"href":"https:\/\/www.horn-wzm.de\/fr\/wp-json\/wp\/v2\/product\/4617","targetHints":{"allow":["GET"]}}],"collection":[{"href":"https:\/\/www.horn-wzm.de\/fr\/wp-json\/wp\/v2\/product"}],"about":[{"href":"https:\/\/www.horn-wzm.de\/fr\/wp-json\/wp\/v2\/types\/product"}],"version-history":[{"count":2,"href":"https:\/\/www.horn-wzm.de\/fr\/wp-json\/wp\/v2\/product\/4617\/revisions"}],"predecessor-version":[{"id":7340,"href":"https:\/\/www.horn-wzm.de\/fr\/wp-json\/wp\/v2\/product\/4617\/revisions\/7340"}],"wp:featuredmedia":[{"embeddable":true,"href":"https:\/\/www.horn-wzm.de\/fr\/wp-json\/wp\/v2\/media\/7338"}],"wp:attachment":[{"href":"https:\/\/www.horn-wzm.de\/fr\/wp-json\/wp\/v2\/media?parent=4617"}],"wp:term":[{"taxonomy":"product_brand","embeddable":true,"href":"https:\/\/www.horn-wzm.de\/fr\/wp-json\/wp\/v2\/product_brand?post=4617"},{"taxonomy":"product_cat","embeddable":true,"href":"https:\/\/www.horn-wzm.de\/fr\/wp-json\/wp\/v2\/product_cat?post=4617"},{"taxonomy":"product_tag","embeddable":true,"href":"https:\/\/www.horn-wzm.de\/fr\/wp-json\/wp\/v2\/product_tag?post=4617"}],"curies":[{"name":"wp","href":"https:\/\/api.w.org\/{rel}","templated":true}]}}