{"id":4377,"date":"2024-10-23T15:26:36","date_gmt":"2024-10-23T13:26:36","guid":{"rendered":"https:\/\/www.horn-wzm.de\/shop\/unkategorisiert\/gebr-tsugami-hs2075ax-bj-2012-intnr230381\/"},"modified":"2025-02-08T12:05:47","modified_gmt":"2025-02-08T11:05:47","slug":"gebr-tsugami-hs2075ax-bj-2012-intnr230381-3","status":"publish","type":"product","link":"https:\/\/www.horn-wzm.de\/fr\/shop\/cnc-langdrehmaschinen\/gebr-tsugami-hs2075ax-bj-2012-intnr230381\/","title":{"rendered":"gebr. Tsugami HS2075AX, Bj. 2012 (IntNr230381)"},"content":{"rendered":"<p><b>Emplacement :<\/b> Allemagne, Baden-W\u00fcrttemberg S\u00fcdwest<\/p>\n<p><b>Zustand:<\/b> Occasion<\/p>\n<p><b>Hersteller:<\/b> TSUGAMI<\/p>\n<p><b>Modell:<\/b> TSUGAMI<\/p>\n<p><b>Ann\u00e9e de construction :<\/b> 2012<\/p>\n<p>gebr. CNC-Lang-Kurzdreh\/Fr\u00e4szentrum mit B-Achse<br \/>\nBetriebsstunden: 7200<br \/>\nSteuerung: Fanuc 31i-A<br \/>\nBearbeitungsl\u00e4nge: max. 250 mm<br \/>\nAnzahl gesteuerter Achsen: 7 Achsen und max. 5-Achsen simultan<br \/>\nB-Achse: 0\u00b0-130\u00b0 frei programmierbar<br \/>\nStangendurchlass: \u00d8 3 mm bis max. \u00d8 20 mm<br \/>\nAntriebsleistung Hauptspindel: 3,7 kW<br \/>\nAntriebsleistung Gegenspindel: 2,2 kW<br \/>\nDrehzahl Hauptspindel: 10.000 U\/min<br \/>\nDrehzahl Gegenspindel: 10.000 U\/min<br \/>\nC-Achse: Haupt- und Gegenspindel<br \/>\nAnzahl Lineartr\u00e4ger: 2 St\u00fcck<br \/>\nWerkzeuganzahl gesamt: 35 St\u00fcck<br \/>\nAbmessungen (LxBxH) in mm: 2.110\u00d71.200\u00d71.885<br \/>\nGewicht: 3.300 kg<br \/>\nUmbau von Lang- auf Kurzdrehen<br \/>\nTieflochbohrstationen<br \/>\nNAKANISHI Schnelllaufspindel<br \/>\nR\u00fcckseitenschlitten mit Y-Achse<br \/>\nQuerbohren R\u00fcckseite<br \/>\nSp\u00e4nef\u00f6rderer<br \/>\nFeuerl\u00f6schanlage<br \/>\nFMB Stangenlader Minimag 20, Bj. 2012<\/p>\n<p>Die Maschine kann nach Absprache unter Strom besichtigt werden.<br \/>\n\u00c4nderungen und Irrt\u00fcmer in den technischen Daten und Informationen sowie Zwischenverkauf vorbehalten!<\/p>\n<p>used CNC Swiss-typeands turning\/milling center with B-axis<br \/>\nheures de fonctionnement : 7200<br \/>\ncontrol : Fanuc 31i-A<br \/>\nlongueur d'usinage : max. 250 mm<br \/>\nNombre d'axes contr\u00f4l\u00e9s : 7 axes et max. 5 axes simultan\u00e9s<br \/>\naxe B : 0\u00b0-130\u00b0 librement programmable<br \/>\nCapacit\u00e9 de la barre : \u00d8 3 mm jusqu'\u00e0 \u00d8 20 mm max.<br \/>\npuissance d'entra\u00eenement de la broche principale : 3,7 kW<br \/>\npuissance d'entra\u00eenement de la contre-broche : 2,2 kW<br \/>\nvitesse de la broche principale : 10.000 rpm<br \/>\nvitesse de la contre-broche : 10.000 rpm<br \/>\nAxe C : broche principale et contre-broche<br \/>\nnombre de supports lin\u00e9aires : 2 pi\u00e8ces<br \/>\nNombre total d'outils : 35 pi\u00e8ces<br \/>\nDimensions (LxlxH) en mm : 2.110\u00d71.200\u00d71.885<br \/>\npoids : 3 300 kg<br \/>\nConversion de la rotation longue \u00e0 la rotation courte<br \/>\nStations de forage de trous profonds<br \/>\nBroche \u00e0 grande vitesse NAKANISHI<br \/>\nGlissi\u00e8re arri\u00e8re avec axe Y<br \/>\nPer\u00e7age crois\u00e9 sur le c\u00f4t\u00e9 arri\u00e8re<br \/>\nConvoyeur \u00e0 puce<br \/>\nSyst\u00e8me d'extinction d'incendie<br \/>\nFMB bar feeder Minimag 20, ann\u00e9e 2012<\/p>\n<p>La machine peut \u00eatre inspect\u00e9e sous tension sur rendez-vous.<br \/>\nChanges and errors in the technical data and information and subject to prior sale!<\/p>","protected":false},"excerpt":{"rendered":"<p>Standort: Deutschland, Baden-W\u00fcrttemberg S\u00fcdwest Zustand: Gebraucht Hersteller: TSUGAMI Modell: TSUGAMI Baujahr: 2012 gebr. CNC-Lang-Kurzdreh\/Fr\u00e4szentrum mit B-Achse Betriebsstunden: 7200 Steuerung: Fanuc 31i-A Bearbeitungsl\u00e4nge: max. 250 mm Anzahl gesteuerter Achsen: 7 Achsen und max. 5-Achsen simultan B-Achse: 0\u00b0-130\u00b0 frei programmierbar Stangendurchlass: \u00d8 3 mm bis max. \u00d8 20 mm Antriebsleistung Hauptspindel: 3,7 kW Antriebsleistung Gegenspindel: 2,2 kW [&hellip;]<\/p>\n","protected":false},"featured_media":5562,"template":"","meta":[],"product_brand":[],"product_cat":[81],"product_tag":[],"class_list":{"0":"post-4377","1":"product","2":"type-product","3":"status-publish","4":"has-post-thumbnail","6":"product_cat-cnc-langdrehmaschinen","8":"first","9":"instock","10":"taxable","11":"shipping-taxable","12":"product-type-simple"},"aioseo_notices":[],"_links":{"self":[{"href":"https:\/\/www.horn-wzm.de\/fr\/wp-json\/wp\/v2\/product\/4377","targetHints":{"allow":["GET"]}}],"collection":[{"href":"https:\/\/www.horn-wzm.de\/fr\/wp-json\/wp\/v2\/product"}],"about":[{"href":"https:\/\/www.horn-wzm.de\/fr\/wp-json\/wp\/v2\/types\/product"}],"version-history":[{"count":2,"href":"https:\/\/www.horn-wzm.de\/fr\/wp-json\/wp\/v2\/product\/4377\/revisions"}],"predecessor-version":[{"id":5571,"href":"https:\/\/www.horn-wzm.de\/fr\/wp-json\/wp\/v2\/product\/4377\/revisions\/5571"}],"wp:featuredmedia":[{"embeddable":true,"href":"https:\/\/www.horn-wzm.de\/fr\/wp-json\/wp\/v2\/media\/5562"}],"wp:attachment":[{"href":"https:\/\/www.horn-wzm.de\/fr\/wp-json\/wp\/v2\/media?parent=4377"}],"wp:term":[{"taxonomy":"product_brand","embeddable":true,"href":"https:\/\/www.horn-wzm.de\/fr\/wp-json\/wp\/v2\/product_brand?post=4377"},{"taxonomy":"product_cat","embeddable":true,"href":"https:\/\/www.horn-wzm.de\/fr\/wp-json\/wp\/v2\/product_cat?post=4377"},{"taxonomy":"product_tag","embeddable":true,"href":"https:\/\/www.horn-wzm.de\/fr\/wp-json\/wp\/v2\/product_tag?post=4377"}],"curies":[{"name":"wp","href":"https:\/\/api.w.org\/{rel}","templated":true}]}}