{"id":4122,"date":"2024-10-23T14:52:31","date_gmt":"2024-10-23T12:52:31","guid":{"rendered":"https:\/\/www.horn-wzm.de\/shop\/unkategorisiert\/werkzeughalter-agw_star-2-spindel-front-rueckseitenbearbeitung-er11_nr-431-59-art-nr-18136-intnr202101167\/"},"modified":"2024-10-23T14:52:31","modified_gmt":"2024-10-23T12:52:31","slug":"porte-outils-agw_star-2-broche-avant-usinage-arriere-er11_nr-431-59-art-nr-18136-intnr202101167","status":"publish","type":"product","link":"https:\/\/www.horn-wzm.de\/fr\/shop\/werkzeughalter\/werkzeughalter-agw_star-2-spindel-front-rueckseitenbearbeitung-er11_nr-431-59-art-nr-18136-intnr202101167\/","title":{"rendered":"Porte-outils AGW_Star -2-broches-usinage avant\/arri\u00e8re ER11_Nr.431-59 \/ Art.Nr : 18136 (IntNr202101167)"},"content":{"rendered":"<p><b>Zustand:<\/b> Nouveau<\/p>\n<p><b>Hersteller:<\/b> STAR Micronics<\/p>\n<p>Porte-outils Star-2-broches appareil de per\u00e7age-fraisage frontal ER16<br \/>\npour le traitement du recto\/verso<br \/>\nN\u00b0 431-59 \/ N\u00b0 d'article : 18136 <\/p>\n<p>Lt. Star Convient aux types :<br \/>\nECAS-32T ; ST-38 ; SV-32 ; SV-38R ; SX-38-A<br \/>\nvitesse de rotation max. 6000 1\/mm<br \/>\nmax. 13 Nm<br \/>\nTraduction 1:1<br \/>\nAenderungen und Irrtuemer in den technischen Daten und Angaben sowie Zwischenverkauf vorbehalten!<\/p>","protected":false},"excerpt":{"rendered":"<p>Condition : Nouveau Fabricant : STAR Micronics Porte-outils Star-2-Broches-Fraiseuse frontale ER16 pour usinage avant\/arri\u00e8re No.431-59 \/ Art.-no. : 18136 Lt. Star Convient pour types : ECAS-32T ; ST-38 ; SV-32 ; SV-38R ; SX-38-A Vitesse de rotation max. 6000 1\/mm max. 13 Nm Rapport de transmission 1:1 Sous r\u00e9serve de modifications et d'erreurs dans les donn\u00e9es et indications techniques ainsi que de vente interm\u00e9diaire !<\/p>","protected":false},"featured_media":4121,"template":"","meta":[],"product_brand":[],"product_cat":[84],"product_tag":[],"class_list":{"0":"post-4122","1":"product","2":"type-product","3":"status-publish","4":"has-post-thumbnail","6":"product_cat-werkzeughalter","8":"first","9":"instock","10":"taxable","11":"shipping-taxable","12":"product-type-simple"},"aioseo_notices":[],"_links":{"self":[{"href":"https:\/\/www.horn-wzm.de\/fr\/wp-json\/wp\/v2\/product\/4122","targetHints":{"allow":["GET"]}}],"collection":[{"href":"https:\/\/www.horn-wzm.de\/fr\/wp-json\/wp\/v2\/product"}],"about":[{"href":"https:\/\/www.horn-wzm.de\/fr\/wp-json\/wp\/v2\/types\/product"}],"version-history":[{"count":1,"href":"https:\/\/www.horn-wzm.de\/fr\/wp-json\/wp\/v2\/product\/4122\/revisions"}],"predecessor-version":[{"id":4123,"href":"https:\/\/www.horn-wzm.de\/fr\/wp-json\/wp\/v2\/product\/4122\/revisions\/4123"}],"wp:featuredmedia":[{"embeddable":true,"href":"https:\/\/www.horn-wzm.de\/fr\/wp-json\/wp\/v2\/media\/4121"}],"wp:attachment":[{"href":"https:\/\/www.horn-wzm.de\/fr\/wp-json\/wp\/v2\/media?parent=4122"}],"wp:term":[{"taxonomy":"product_brand","embeddable":true,"href":"https:\/\/www.horn-wzm.de\/fr\/wp-json\/wp\/v2\/product_brand?post=4122"},{"taxonomy":"product_cat","embeddable":true,"href":"https:\/\/www.horn-wzm.de\/fr\/wp-json\/wp\/v2\/product_cat?post=4122"},{"taxonomy":"product_tag","embeddable":true,"href":"https:\/\/www.horn-wzm.de\/fr\/wp-json\/wp\/v2\/product_tag?post=4122"}],"curies":[{"name":"wp","href":"https:\/\/api.w.org\/{rel}","templated":true}]}}