{"id":8115,"date":"2026-04-28T17:55:51","date_gmt":"2026-04-28T15:55:51","guid":{"rendered":"https:\/\/www.horn-wzm.de\/shop\/unkategorisiert\/cnc-dn-solutions-doosan-leo-1600-bj-23_-intnr231501\/"},"modified":"2026-04-28T17:55:51","modified_gmt":"2026-04-28T15:55:51","slug":"cnc-dn-solutions-doosan-leo-1600-bj-23_-intnr231501","status":"publish","type":"product","link":"https:\/\/www.horn-wzm.de\/es\/shop\/cnc-kurzdrehmaschinen\/cnc-dn-solutions-doosan-leo-1600-bj-23_-intnr231501\/","title":{"rendered":"CNC DN Solutions Doosan LEO 1600, Bj. `23_ IntNr231501"},"content":{"rendered":"<p><b>Ubicaci\u00f3n:<\/b> Alemania, Baden-W\u00fcrttemberg Suroeste<\/p>\n<p><b>Zustand:<\/b> Usado<\/p>\n<p><b>Hersteller:<\/b> DOOSAN-PUMA<\/p>\n<p><b>Modell:<\/b> DOOSAN-PUMA<\/p>\n<p><b>A\u00f1o de construcci\u00f3n:<\/b> 2023<\/p>\n<p>Torno CNC - DN Solutions (Doosan) LEO 1600<br \/>\nA\u00f1o de construcci\u00f3n: 2023<\/p>\n<p>Equipamiento \/ Aspectos destacados<br \/>\nTorno horizontal CNC<br \/>\nPotente husillo principal<br \/>\nDise\u00f1o robusto de la m\u00e1quina para una gran precisi\u00f3n dimensional<br \/>\nTorreta de herramientas con indexaci\u00f3n r\u00e1pida<br \/>\nDise\u00f1o compacto, ocupa poco espacio<br \/>\nControl CNC de f\u00e1cil manejo<br \/>\nAlta fiabilidad y bajo mantenimiento<\/p>\n<p>Technische Daten<br \/>\nMax. Di\u00e1metro de giro: aprox. 300 mm<br \/>\nM\u00e1x. Longitud de giro: aprox. 300 mm<br \/>\nSpindelbohrung: ca. \u00d8 52 mm<br \/>\nVelocidad del husillo principal: hasta aprox. 4.500 rpm<br \/>\nTorreta de herramientas: 12 estaciones<br \/>\nSistema de control: CNC FANUC<br \/>\nMaschinengewicht: ca. 2.200 kg<\/p>\n<p>M\u00e1quina el\u00e9ctrica y mec\u00e1nicamente en pleno funcionamiento<br \/>\nDocumentaci\u00f3n t\u00e9cnica completa disponible<\/p>\n<p>Die Maschine kann nach Terminvereinbarung Strom besichtigt werden.<br \/>\nAenderungen und Irrtuemer in den technischen Daten und Angaben sowie Zwischenverkauf vorbehalten!<\/p>\n<p>Torno CNC - DN Solutions (Doosan) LEO 1600<br \/>\nA\u00f1o de fabricaci\u00f3n: 2023<\/p>\n<p>Caracter\u00edsticas<br \/>\nTorno horizontal CNC<br \/>\nPotente husillo principal<br \/>\nConstrucci\u00f3n robusta de la m\u00e1quina para una gran precisi\u00f3n dimensional<br \/>\nTorreta de herramientas con indexaci\u00f3n r\u00e1pida<br \/>\nDise\u00f1o compacto, ocupa poco espacio<br \/>\nControl CNC de f\u00e1cil manejo<br \/>\nAlta fiabilidad y bajo mantenimiento<\/p>\n<p>Datos t\u00e9cnicos<br \/>\nDi\u00e1metro m\u00e1x. de giro: aprox. 300 mm<br \/>\nLongitud m\u00e1x. de giro: aprox. 300 mm<br \/>\nSpindle bore: approx. \u00d8 52 mm<br \/>\nVelocidad del husillo principal: hasta aprox. 4.500 rpm<br \/>\nTorreta de herramientas: 12 estaciones<br \/>\nControl: CNC FANUC<br \/>\nPeso de la m\u00e1quina: aprox. 2.200 kg<\/p>\n<p>M\u00e1quina totalmente funcional, tanto el\u00e9ctrica como mec\u00e1nicamente<br \/>\nDocumentaci\u00f3n t\u00e9cnica completa disponible<\/p>\n<p>La m\u00e1quina puede visitarse con cita previa.<br \/>\n\u00a1Sujeto a cambios y errores en los datos t\u00e9cnicos y especificaciones, as\u00ed como a la venta previa!<\/p>","protected":false},"excerpt":{"rendered":"<p>Standort: Deutschland, Baden-W\u00fcrttemberg S\u00fcdwest Zustand: Gebraucht Hersteller: DOOSAN-PUMA Modell: DOOSAN-PUMA Baujahr: 2023 CNC-Drehmaschine \u2013 DN Solutions (Doosan) LEO 1600 Baujahr: 2023 Ausstattung \/ Highlights Horizontale CNC-Drehmaschine Leistungsstarke Hauptspindel Robuste Maschinenkonstruktion f\u00fcr hohe Ma\u00dfhaltigkeit Werkzeugrevolver mit schneller Indexierung Kompakte Bauweise, geringer Platzbedarf Bedienerfreundliche CNC-Steuerung Hohe Zuverl\u00e4ssigkeit und geringer Wartungsaufwand Technische Daten Max. Drehdurchmesser: ca. 300 mm [&hellip;]<\/p>\n","protected":false},"featured_media":8110,"template":"","meta":[],"product_brand":[],"product_cat":[87],"product_tag":[],"class_list":{"0":"post-8115","1":"product","2":"type-product","3":"status-publish","4":"has-post-thumbnail","6":"product_cat-cnc-kurzdrehmaschinen","8":"first","9":"instock","10":"taxable","11":"shipping-taxable","12":"product-type-simple"},"aioseo_notices":[],"_links":{"self":[{"href":"https:\/\/www.horn-wzm.de\/es\/wp-json\/wp\/v2\/product\/8115","targetHints":{"allow":["GET"]}}],"collection":[{"href":"https:\/\/www.horn-wzm.de\/es\/wp-json\/wp\/v2\/product"}],"about":[{"href":"https:\/\/www.horn-wzm.de\/es\/wp-json\/wp\/v2\/types\/product"}],"version-history":[{"count":1,"href":"https:\/\/www.horn-wzm.de\/es\/wp-json\/wp\/v2\/product\/8115\/revisions"}],"predecessor-version":[{"id":8116,"href":"https:\/\/www.horn-wzm.de\/es\/wp-json\/wp\/v2\/product\/8115\/revisions\/8116"}],"wp:featuredmedia":[{"embeddable":true,"href":"https:\/\/www.horn-wzm.de\/es\/wp-json\/wp\/v2\/media\/8110"}],"wp:attachment":[{"href":"https:\/\/www.horn-wzm.de\/es\/wp-json\/wp\/v2\/media?parent=8115"}],"wp:term":[{"taxonomy":"product_brand","embeddable":true,"href":"https:\/\/www.horn-wzm.de\/es\/wp-json\/wp\/v2\/product_brand?post=8115"},{"taxonomy":"product_cat","embeddable":true,"href":"https:\/\/www.horn-wzm.de\/es\/wp-json\/wp\/v2\/product_cat?post=8115"},{"taxonomy":"product_tag","embeddable":true,"href":"https:\/\/www.horn-wzm.de\/es\/wp-json\/wp\/v2\/product_tag?post=8115"}],"curies":[{"name":"wp","href":"https:\/\/api.w.org\/{rel}","templated":true}]}}