{"id":8007,"date":"2026-04-21T20:14:04","date_gmt":"2026-04-21T18:14:04","guid":{"rendered":"https:\/\/www.horn-wzm.de\/shop\/unkategorisiert\/star-sr20r-bj-1999-fmb-turbo-3-26-intnr231553\/"},"modified":"2026-04-21T20:14:04","modified_gmt":"2026-04-21T18:14:04","slug":"star-sr20r-bj-1999-fmb-turbo-3-26-intnr231553","status":"publish","type":"product","link":"https:\/\/www.horn-wzm.de\/es\/shop\/cnc-langdrehmaschinen\/star-sr20r-bj-1999-fmb-turbo-3-26-intnr231553\/","title":{"rendered":"STAR SR20R, Bj. 1999 FMB Turbo 3-26 (IntNr231553)"},"content":{"rendered":"<p><b>Ubicaci\u00f3n:<\/b> Alemania, Baden-W\u00fcrttemberg Suroeste<\/p>\n<p><b>Zustand:<\/b> Usado<\/p>\n<p><b>Hersteller:<\/b> STAR Micronics<\/p>\n<p><b>Modell:<\/b> STAR Micronics<\/p>\n<p><b>A\u00f1o de construcci\u00f3n:<\/b> 1999<\/p>\n<p>gebr. CNC-Langdrehmaschine STAR SR20R, Bj. 1999<br \/>\nSteuerung, Fabr. Fanuc, Serie 18i-T,<br \/>\n7 Achsen (X\/Z\/Y\/C1\/X1\/Z1(C2),<br \/>\nStangen-\u00d8 max. 20 mm,<br \/>\nDrehl\u00e4nge max. 205 mm,<br \/>\nHauptspindel, Drehzahl max. 10.000 U\/min, C-Achse 0,001 Grad,<br \/>\nGegenspindel mit Spannzange, Drehzahl max. 8.000 U\/min, C-Achse,<br \/>\nWerkzeughalter f. insgesamt 19 Werkzeuge (Linearwerkzeughalter, Frontapparat, R\u00fcckseitenbearbeitung),<br \/>\nTeilef\u00f6rderband,<br \/>\nStandard-F\u00fchrungsbuchseneinheit<br \/>\nLademagazin FMB turbo 3-26\/3200 \/ A \/, Bj. 1999<br \/>\nK\u00fchlmitteleinsatz der Machine: \u00d6l.<br \/>\nL\u00f6schanlage Kraft &amp; Bauer<\/p>\n<p>Die Maschine kann nach Terminvereinbarung unter Strom besichtigt werden.<br \/>\nAenderungen und Irrtuemer in den technischen Daten und Angaben sowie<br \/>\nZwischenverkauf vorbehalten!<\/p>\n<p>used CNC sliding headstock lathe STAR SR20R, year 1999<br \/>\ncontrol, marca Fanuc, serie 18i-T,<br \/>\n7 ejes (X\/Z\/Y\/C1\/X1\/Z1(C2),<br \/>\nbar-\u00d8 m\u00e1x. 20 mm,<br \/>\nlongitud de giro m\u00e1x. 205 mm,<br \/>\nhusillo principal, velocidad m\u00e1x. 10.000 rpm, eje C 0,001 grados,<br \/>\ncontrahusillo con pinza, velocidad m\u00e1x. 8.000 rpm, eje C,<br \/>\nportaherramientas para un total de 19 herramientas (portaherramientas lineal, fijaci\u00f3n frontal, mecanizado posterior),<br \/>\ncinta transportadora de piezas,<br \/>\nunidad de casquillo gu\u00eda est\u00e1ndar<br \/>\nloading magazine FMB turbo 3-26\/3200 \/ A \/, year 1999<br \/>\nRefrigerante de la m\u00e1quina: aceite.<br \/>\nSistema de extinci\u00f3n Kraft &amp; Bauer<\/p>\n<p>La m\u00e1quina puede inspeccionarse bajo tensi\u00f3n previa cita.<br \/>\nCambios y errores en los datos t\u00e9cnicos y la informaci\u00f3n, as\u00ed como<br \/>\n\u00a1sujeto a venta previa!<\/p>","protected":false},"excerpt":{"rendered":"<p>Standort: Deutschland, Baden-W\u00fcrttemberg S\u00fcdwest Zustand: Gebraucht Hersteller: STAR Micronics Modell: STAR Micronics Baujahr: 1999 gebr. CNC-Langdrehmaschine STAR SR20R, Bj. 1999 Steuerung, Fabr. Fanuc, Serie 18i-T, 7 Achsen (X\/Z\/Y\/C1\/X1\/Z1(C2), Stangen-\u00d8 max. 20 mm, Drehl\u00e4nge max. 205 mm, Hauptspindel, Drehzahl max. 10.000 U\/min, C-Achse 0,001 Grad, Gegenspindel mit Spannzange, Drehzahl max. 8.000 U\/min, C-Achse, Werkzeughalter f. insgesamt [&hellip;]<\/p>\n","protected":false},"featured_media":7998,"template":"","meta":[],"product_brand":[],"product_cat":[81],"product_tag":[],"class_list":{"0":"post-8007","1":"product","2":"type-product","3":"status-publish","4":"has-post-thumbnail","6":"product_cat-cnc-langdrehmaschinen","8":"first","9":"instock","10":"taxable","11":"shipping-taxable","12":"product-type-simple"},"aioseo_notices":[],"_links":{"self":[{"href":"https:\/\/www.horn-wzm.de\/es\/wp-json\/wp\/v2\/product\/8007","targetHints":{"allow":["GET"]}}],"collection":[{"href":"https:\/\/www.horn-wzm.de\/es\/wp-json\/wp\/v2\/product"}],"about":[{"href":"https:\/\/www.horn-wzm.de\/es\/wp-json\/wp\/v2\/types\/product"}],"version-history":[{"count":1,"href":"https:\/\/www.horn-wzm.de\/es\/wp-json\/wp\/v2\/product\/8007\/revisions"}],"predecessor-version":[{"id":8008,"href":"https:\/\/www.horn-wzm.de\/es\/wp-json\/wp\/v2\/product\/8007\/revisions\/8008"}],"wp:featuredmedia":[{"embeddable":true,"href":"https:\/\/www.horn-wzm.de\/es\/wp-json\/wp\/v2\/media\/7998"}],"wp:attachment":[{"href":"https:\/\/www.horn-wzm.de\/es\/wp-json\/wp\/v2\/media?parent=8007"}],"wp:term":[{"taxonomy":"product_brand","embeddable":true,"href":"https:\/\/www.horn-wzm.de\/es\/wp-json\/wp\/v2\/product_brand?post=8007"},{"taxonomy":"product_cat","embeddable":true,"href":"https:\/\/www.horn-wzm.de\/es\/wp-json\/wp\/v2\/product_cat?post=8007"},{"taxonomy":"product_tag","embeddable":true,"href":"https:\/\/www.horn-wzm.de\/es\/wp-json\/wp\/v2\/product_tag?post=8007"}],"curies":[{"name":"wp","href":"https:\/\/api.w.org\/{rel}","templated":true}]}}