{"id":7894,"date":"2026-04-16T08:47:45","date_gmt":"2026-04-16T06:47:45","guid":{"rendered":"https:\/\/www.horn-wzm.de\/shop\/unkategorisiert\/star-sr-20_rii_bj-2007_iemca-boss-332e-intnr231556\/"},"modified":"2026-04-16T08:47:46","modified_gmt":"2026-04-16T06:47:46","slug":"star-sr-20_rii_bj-2007_iemca-boss-332e-intnr231556","status":"publish","type":"product","link":"https:\/\/www.horn-wzm.de\/es\/shop\/cnc-langdrehmaschinen\/star-sr-20_rii_bj-2007_iemca-boss-332e-intnr231556\/","title":{"rendered":"STAR SR-20_RII_Bj. 2007_IEMCA BOSS 332E IntNr231556"},"content":{"rendered":"<p><b>Ubicaci\u00f3n:<\/b> Alemania, Baden-W\u00fcrttemberg Suroeste<\/p>\n<p><b>Zustand:<\/b> Usado<\/p>\n<p><b>Hersteller:<\/b> STAR Micronics<\/p>\n<p><b>Modell:<\/b> STAR Micronics<\/p>\n<p><b>A\u00f1o de construcci\u00f3n:<\/b> 2007<\/p>\n<p><b>Horario de apertura:<\/b> 46066<\/p>\n<p>CNC-Langdrehmaschine  STAR SR20RII, Bj. 2007<br \/>\nTipo de m\u00e1quina: Torno CNC de cabezal m\u00f3vil (tipo suizo)<br \/>\nControlador, Fanuc, Serie 18i-TB,<br \/>\nEinschaltstunden:  27700<br \/>\nBetriebsstunden:  46066<\/p>\n<p>M\u00e1x. Di\u00e1metro de giro: \u00d8 20 mm (opcionalmente hasta 22 mm)<br \/>\nLongitud de giro: 205 mm<br \/>\nEje principal:<br \/>\nVelocidad: hasta aprox. 10.000-12.000 min-\u00b9<br \/>\nPotencia: aprox. 3,7-5,5 kW<br \/>\nEje C<br \/>\nContrahusillo:<br \/>\nVelocidad: hasta aprox. 6.000-8.000 min-\u00b9<br \/>\nEje C<br \/>\nEjes:<br \/>\nX1 \/ Z1 \/ Y1 (procesamiento principal)<br \/>\nX2 \/ Z2 (contrahusillo)<br \/>\nAvance r\u00e1pido: aprox. 24-30 m\/min<\/p>\n<p>Dimensiones de la m\u00e1quina 2400x1205x1700 mm<br \/>\nPeso de la m\u00e1quina 2200 kg<\/p>\n<p>Lademagazin FMB IEMCA BOSS 332E<br \/>\nFeuerl\u00f6schanlage <\/p>\n<p>Die Maschine kann nach Terminvereinbarung Strom besichtigt werden.<br \/>\nAenderungen und Irrtuemer in den technischen Daten und Angaben sowie Zwischenverkauf vorbehalten<\/p>\n<p>STAR SR20RII CNC swiss-type lathe, built in 2007<br \/>\nMachine type: CNC lathe (Swiss-type)<br \/>\nControl system: Fanuc, 18i-TB series,<br \/>\nHours since first use: 27,700<br \/>\nTotal operating hours: 46,066<\/p>\n<p>Max. turning diameter: \u00d8 20 mm (optional up to 22 mm)<br \/>\nTurning length:  205 mm<br \/>\nEje principal:<br \/>\nVelocidad: hasta aprox. 10.000-12.000 rpm<br \/>\nPotencia: aprox. 3,7-5,5 kW<br \/>\nEje C<br \/>\nCounter spindle:<br \/>\nVelocidad: hasta aprox. 6.000-8.000 rpm<br \/>\nEje C<br \/>\nEjes:<br \/>\nX1 \/ Z1 \/ Y1 (mecanizado principal)<br \/>\nX2 \/ Z2 (subhusillo)<br \/>\nAvance r\u00e1pido: aprox. 24-30 m\/min<\/p>\n<p>Machine dimensions 2400x1205x1700 mm<br \/>\nMachine weight 2200 kg<\/p>\n<p>FMB IEMCA BOSS 332E loading magazine<br \/>\nSistema de extinci\u00f3n de incendios <\/p>\n<p>La m\u00e1quina puede visitarse con cita previa.<br \/>\nWe reserve the right to make changes to the technical data and specifications, and to sell the item in the meantime.<\/p>","protected":false},"excerpt":{"rendered":"<p>Standort: Deutschland, Baden-W\u00fcrttemberg S\u00fcdwest Zustand: Gebraucht Hersteller: STAR Micronics Modell: STAR Micronics Baujahr: 2007 Betriebsstunden: 46066 CNC-Langdrehmaschine STAR SR20RII, Bj. 2007 Maschinentyp: CNC-Langdrehmaschine (Swiss-Type) Steuerung, Fanuc, Serie 18i-TB, Einschaltstunden: 27700 Betriebsstunden: 46066 Max. Drehdurchmesser: \u00d8 20 mm (Optional bis 22mm) Drehl\u00e4nge: 205 mm Hauptspindel: Drehzahl: bis ca. 10.000\u201312.000 min\u207b\u00b9 Leistung: ca. 3,7\u20135,5 kW C-Achse Gegenspindel: [&hellip;]<\/p>\n","protected":false},"featured_media":7886,"template":"","meta":[],"product_brand":[],"product_cat":[81],"product_tag":[],"class_list":{"0":"post-7894","1":"product","2":"type-product","3":"status-publish","4":"has-post-thumbnail","6":"product_cat-cnc-langdrehmaschinen","8":"first","9":"instock","10":"taxable","11":"shipping-taxable","12":"product-type-simple"},"aioseo_notices":[],"_links":{"self":[{"href":"https:\/\/www.horn-wzm.de\/es\/wp-json\/wp\/v2\/product\/7894","targetHints":{"allow":["GET"]}}],"collection":[{"href":"https:\/\/www.horn-wzm.de\/es\/wp-json\/wp\/v2\/product"}],"about":[{"href":"https:\/\/www.horn-wzm.de\/es\/wp-json\/wp\/v2\/types\/product"}],"version-history":[{"count":1,"href":"https:\/\/www.horn-wzm.de\/es\/wp-json\/wp\/v2\/product\/7894\/revisions"}],"predecessor-version":[{"id":7895,"href":"https:\/\/www.horn-wzm.de\/es\/wp-json\/wp\/v2\/product\/7894\/revisions\/7895"}],"wp:featuredmedia":[{"embeddable":true,"href":"https:\/\/www.horn-wzm.de\/es\/wp-json\/wp\/v2\/media\/7886"}],"wp:attachment":[{"href":"https:\/\/www.horn-wzm.de\/es\/wp-json\/wp\/v2\/media?parent=7894"}],"wp:term":[{"taxonomy":"product_brand","embeddable":true,"href":"https:\/\/www.horn-wzm.de\/es\/wp-json\/wp\/v2\/product_brand?post=7894"},{"taxonomy":"product_cat","embeddable":true,"href":"https:\/\/www.horn-wzm.de\/es\/wp-json\/wp\/v2\/product_cat?post=7894"},{"taxonomy":"product_tag","embeddable":true,"href":"https:\/\/www.horn-wzm.de\/es\/wp-json\/wp\/v2\/product_tag?post=7894"}],"curies":[{"name":"wp","href":"https:\/\/api.w.org\/{rel}","templated":true}]}}