{"id":7758,"date":"2026-03-27T15:38:28","date_gmt":"2026-03-27T14:38:28","guid":{"rendered":"https:\/\/www.horn-wzm.de\/shop\/unkategorisiert\/haas-mikron-vce-750_bj-12_2000_-intnr231534\/"},"modified":"2026-04-10T15:56:51","modified_gmt":"2026-04-10T13:56:51","slug":"haas-mikron-vce-750_bj-12_2000_-intnr231534","status":"publish","type":"product","link":"https:\/\/www.horn-wzm.de\/es\/shop\/cnc-bearbeitungszentrum\/haas-mikron-vce-750_bj-12_2000_-intnr231534\/","title":{"rendered":"Haas \/ Mikron VCE 750_Bj.12_2000_ IntNr231534"},"content":{"rendered":"<p><b>Ubicaci\u00f3n:<\/b> Alemania, Baden-W\u00fcrttemberg Suroeste<\/p>\n<p><b>Zustand:<\/b> Usado<\/p>\n<p><b>Hersteller:<\/b> HAAS<\/p>\n<p><b>Modell:<\/b> HAAS<\/p>\n<p><b>A\u00f1o de construcci\u00f3n:<\/b> 2000<\/p>\n<p><b>Horario de apertura:<\/b> 22000<\/p>\n<p>Haas Mikron VCE 750    (Bj. 12_2000) \u2013 3-Achsen<br \/>\nBetriebsstunden: ca. 20000<br \/>\nEinschaltstunden : ca.44000<br \/>\nMaschinentyp: Vertikales Bearbeitungszentrum (CNC)<br \/>\nBaujahr: 12_2000<br \/>\nSteuerung: Haas<br \/>\nTipo de accionamiento: husillo de alta velocidad (alta eficiencia)<br \/>\nAchsf\u00e4higkeit: 3-Achsen Bearbeitung <\/p>\n<p>Datos mec\u00e1nicos<br \/>\nDistancias de viaje:<br \/>\nX-Achse: 760 mm<br \/>\nY-Achse: 410 mm<br \/>\nZ-Achse: 500 mm<br \/>\nDrehzahlbereich: bis 10.000 U\/min <\/p>\n<p>Transmisiones por eje<br \/>\nEjes X\/Y\/Z: husillo de recirculaci\u00f3n de bolas, gu\u00edas de precisi\u00f3n<br \/>\n3 Achse: Schwenktisch \/ Drehtisch integriert, CNC-gesteuert<\/p>\n<p>Revista Revolver<br \/>\nKapazit\u00e4t: 20 Werkzeugpl\u00e4tze<br \/>\nSK40<\/p>\n<p>Sp\u00e4nef\u00f6rderer<\/p>\n<p>Stellfl\u00e4che \/ Aufstellma\u00dfe: ca. 2.400 mm x 2.310 mm  x 2.690 mm (B x T x H)<\/p>\n<p>Maschinengewicht: ca. 4.860 kg<\/p>\n<p>M\u00e1quina el\u00e9ctrica y mec\u00e1nicamente en pleno funcionamiento<br \/>\nDocumentaci\u00f3n t\u00e9cnica <\/p>\n<p>Die Maschine kann nach Terminvereinbarung Strom besichtigt werden.<br \/>\nAenderungen und Irrtuemer in den technischen Daten und Angaben sowie Zwischenverkauf vorbehalten!<\/p>\n<p>Mikron VCE 750 (Dec. 2000) \u2013 3-Axis Vertical Machining Center<\/p>\n<p>Operating hours: approx. 20,000<br \/>\nPower-on hours: approx. 44,000<\/p>\n<p>Machine type: CNC Vertical Machining Center<br \/>\nYear of manufacture: Dec. 2000<br \/>\nControl: Haas<br \/>\nDrive type: High-speed spindle (High Efficiency)<br \/>\nAxis configuration: 3-axis machining<\/p>\n<p>Datos t\u00e9cnicos<\/p>\n<p>Viajes:<\/p>\n<p>X-axis: 760 mm<br \/>\nY-axis: 410 mm<br \/>\nZ-axis: 500 mm<\/p>\n<p>Spindle speed: up to 10,000 rpm<\/p>\n<p>Ejes motrices<br \/>\nX\/Y\/Z axes: Ball screws, precision linear guides<br \/>\n3rd axis: Tilting \/ rotary table integrated, CNC-controlled<br \/>\nTool Changer<br \/>\nCapacity: 20 tool positions<br \/>\nTaper: SK40<br \/>\nEquipamiento<br \/>\nTransportador de virutas<br \/>\nInstallation Dimensions<br \/>\nApprox. 2,400 x 2,310 x 2,690 mm (W x D x H)<\/p>\n<p>Machine weight: approx. 4,860 kg<\/p>\n<p>Condici\u00f3n<\/p>\n<p>The machine is fully operational both electrically and mechanically.<br \/>\nTechnical documentation is included.<\/p>\n<p>La m\u00e1quina puede inspeccionarse bajo tensi\u00f3n previa cita.<\/p>\n<p>Subject to prior sale. All specifications are indicative and errors excepted.<\/p>","protected":false},"excerpt":{"rendered":"<p>Standort: Deutschland, Baden-W\u00fcrttemberg S\u00fcdwest Zustand: Gebraucht Hersteller: HAAS Modell: HAAS Baujahr: 2000 Betriebsstunden: 22000 Haas Mikron VCE 750 (Bj. 12_2000) \u2013 3-Achsen Betriebsstunden: ca. 20000 Einschaltstunden : ca.44000 Maschinentyp: Vertikales Bearbeitungszentrum (CNC) Baujahr: 12_2000 Steuerung: Haas Antriebsart: Hochgeschwindigkeits-Spindel (High Efficiency) Achsf\u00e4higkeit: 3-Achsen Bearbeitung Mechanische Daten Verfahrwege: X-Achse: 760 mm Y-Achse: 410 mm Z-Achse: 500 mm [&hellip;]<\/p>\n","protected":false},"featured_media":7856,"template":"","meta":[],"product_brand":[],"product_cat":[88],"product_tag":[],"class_list":{"0":"post-7758","1":"product","2":"type-product","3":"status-publish","4":"has-post-thumbnail","6":"product_cat-cnc-bearbeitungszentrum","8":"first","9":"instock","10":"taxable","11":"shipping-taxable","12":"product-type-simple"},"aioseo_notices":[],"_links":{"self":[{"href":"https:\/\/www.horn-wzm.de\/es\/wp-json\/wp\/v2\/product\/7758","targetHints":{"allow":["GET"]}}],"collection":[{"href":"https:\/\/www.horn-wzm.de\/es\/wp-json\/wp\/v2\/product"}],"about":[{"href":"https:\/\/www.horn-wzm.de\/es\/wp-json\/wp\/v2\/types\/product"}],"version-history":[{"count":1,"href":"https:\/\/www.horn-wzm.de\/es\/wp-json\/wp\/v2\/product\/7758\/revisions"}],"predecessor-version":[{"id":7759,"href":"https:\/\/www.horn-wzm.de\/es\/wp-json\/wp\/v2\/product\/7758\/revisions\/7759"}],"wp:featuredmedia":[{"embeddable":true,"href":"https:\/\/www.horn-wzm.de\/es\/wp-json\/wp\/v2\/media\/7856"}],"wp:attachment":[{"href":"https:\/\/www.horn-wzm.de\/es\/wp-json\/wp\/v2\/media?parent=7758"}],"wp:term":[{"taxonomy":"product_brand","embeddable":true,"href":"https:\/\/www.horn-wzm.de\/es\/wp-json\/wp\/v2\/product_brand?post=7758"},{"taxonomy":"product_cat","embeddable":true,"href":"https:\/\/www.horn-wzm.de\/es\/wp-json\/wp\/v2\/product_cat?post=7758"},{"taxonomy":"product_tag","embeddable":true,"href":"https:\/\/www.horn-wzm.de\/es\/wp-json\/wp\/v2\/product_tag?post=7758"}],"curies":[{"name":"wp","href":"https:\/\/api.w.org\/{rel}","templated":true}]}}