{"id":7543,"date":"2026-03-13T12:04:26","date_gmt":"2026-03-13T11:04:26","guid":{"rendered":"https:\/\/www.horn-wzm.de\/shop\/unkategorisiert\/cnc-lns-hydrobar-6-42-hs-4-4-bj-89-intnr231499\/"},"modified":"2026-03-13T12:04:27","modified_gmt":"2026-03-13T11:04:27","slug":"cnc-lns-hydrobar-6-42-hs-4-4-bj-89-intnr231499","status":"publish","type":"product","link":"https:\/\/www.horn-wzm.de\/es\/shop\/stangenzufuehrungen\/cnc-lns-hydrobar-6-42-hs-4-4-bj-89-intnr231499\/","title":{"rendered":"CNC LNS Hydrobar 6.42 HS-4.4 Bj. `89 IntNr231499"},"content":{"rendered":"<p><b>Ubicaci\u00f3n:<\/b> Alemania, Baden-W\u00fcrttemberg Suroeste<\/p>\n<p><b>Zustand:<\/b> Usado<\/p>\n<p><b>Hersteller:<\/b> LNS<\/p>\n<p><b>Modell:<\/b> LNS<\/p>\n<p><b>A\u00f1o de construcci\u00f3n:<\/b> 1989<\/p>\n<p>Zum Verkauf steht ein bew\u00e4hrtes Hochleistungs-Stangenlademagazin<br \/>\nLNS, Typ Hydrobar 6.42 HS-4.4. <\/p>\n<p>Technische Daten<\/p>\n<p>Hersteller\tLNS (Schweiz)<br \/>\nModell\tHydrobar 6.42 HS-4.4<br \/>\nBaujahr\t1989<br \/>\nArbeitsbereich (Durchmesser)\t\u00d8 6 mm bis \u00d8 42 mm<br \/>\nMax. Stangenl\u00e4nge\t4.000 mm (Typ 4.4)<br \/>\nF\u00fchrungsprinzip\tHydrobarisch (vollst\u00e4ndiges \u00d6lbad)<br \/>\nVorschubantrieb\tHydraulisch<br \/>\n\u00d6lf\u00fcllmenge\tca. 150 &#8211; 170 Liter (HLP 46 oder vergleichbar)<br \/>\nGesamtl\u00e4nge des Magazins\tca. 4.850 mm<br \/>\nGewicht (leer)\tca. 650 kg<\/p>\n<p>Die Maschine kann nach Terminvereinbarung unter Strom besichtigt werden.<br \/>\nAenderungen und Irrtuemer in den technischen Daten und Angaben sowie Zwischenverkauf vorbehalten!<\/p>\n<p>A tried-and-tested high-performance bar-loading magazine<br \/>\nLNS, model Hydrobar 6.42 HS-4.4, is for sale. <\/p>\n<p>Especificaciones t\u00e9cnicas<\/p>\n<p>Manufacturer    LNS (Switzerland)<br \/>\nModel    Hydrobar 6.42 HS-4.4<br \/>\nYear of manufacture    1989<br \/>\nWorking range (diameter)    \u00d8 6 mm to \u00d8 42 mm<br \/>\nMax. bar length    4,000 mm (Type 4.4)<br \/>\nGuide principle    Hydrobaric (full oil bath)<br \/>\nFeed drive    Hydraulic<br \/>\nOil capacity    approx. 150\u2013170 litres (HLP 46 or equivalent)<br \/>\nTotal length of the magazine    approx. 4,850 mm<br \/>\nWeight (empty)    approx. 650 kg<\/p>\n<p>The machine can be viewed in operation by appointment.<br \/>\n\u00a1Sujeto a cambios y errores en los datos t\u00e9cnicos y especificaciones, as\u00ed como a la venta previa!<\/p>","protected":false},"excerpt":{"rendered":"<p>Standort: Deutschland, Baden-W\u00fcrttemberg S\u00fcdwest Zustand: Gebraucht Hersteller: LNS Modell: LNS Baujahr: 1989 Zum Verkauf steht ein bew\u00e4hrtes Hochleistungs-Stangenlademagazin LNS, Typ Hydrobar 6.42 HS-4.4. Technische Daten Hersteller LNS (Schweiz) Modell Hydrobar 6.42 HS-4.4 Baujahr 1989 Arbeitsbereich (Durchmesser) \u00d8 6 mm bis \u00d8 42 mm Max. Stangenl\u00e4nge 4.000 mm (Typ 4.4) F\u00fchrungsprinzip Hydrobarisch (vollst\u00e4ndiges \u00d6lbad) Vorschubantrieb Hydraulisch [&hellip;]<\/p>\n","protected":false},"featured_media":7538,"template":"","meta":[],"product_brand":[],"product_cat":[85],"product_tag":[],"class_list":{"0":"post-7543","1":"product","2":"type-product","3":"status-publish","4":"has-post-thumbnail","6":"product_cat-stangenzufuehrungen","8":"first","9":"instock","10":"taxable","11":"shipping-taxable","12":"product-type-simple"},"aioseo_notices":[],"_links":{"self":[{"href":"https:\/\/www.horn-wzm.de\/es\/wp-json\/wp\/v2\/product\/7543","targetHints":{"allow":["GET"]}}],"collection":[{"href":"https:\/\/www.horn-wzm.de\/es\/wp-json\/wp\/v2\/product"}],"about":[{"href":"https:\/\/www.horn-wzm.de\/es\/wp-json\/wp\/v2\/types\/product"}],"version-history":[{"count":1,"href":"https:\/\/www.horn-wzm.de\/es\/wp-json\/wp\/v2\/product\/7543\/revisions"}],"predecessor-version":[{"id":7544,"href":"https:\/\/www.horn-wzm.de\/es\/wp-json\/wp\/v2\/product\/7543\/revisions\/7544"}],"wp:featuredmedia":[{"embeddable":true,"href":"https:\/\/www.horn-wzm.de\/es\/wp-json\/wp\/v2\/media\/7538"}],"wp:attachment":[{"href":"https:\/\/www.horn-wzm.de\/es\/wp-json\/wp\/v2\/media?parent=7543"}],"wp:term":[{"taxonomy":"product_brand","embeddable":true,"href":"https:\/\/www.horn-wzm.de\/es\/wp-json\/wp\/v2\/product_brand?post=7543"},{"taxonomy":"product_cat","embeddable":true,"href":"https:\/\/www.horn-wzm.de\/es\/wp-json\/wp\/v2\/product_cat?post=7543"},{"taxonomy":"product_tag","embeddable":true,"href":"https:\/\/www.horn-wzm.de\/es\/wp-json\/wp\/v2\/product_tag?post=7543"}],"curies":[{"name":"wp","href":"https:\/\/api.w.org\/{rel}","templated":true}]}}