{"id":7419,"date":"2026-02-24T12:43:21","date_gmt":"2026-02-24T11:43:21","guid":{"rendered":"https:\/\/www.horn-wzm.de\/shop\/unkategorisiert\/gebr-haas-vf-2ss-he_4_5-achsen_bj-11_2006_-intnr231427-2\/"},"modified":"2026-02-24T12:43:21","modified_gmt":"2026-02-24T11:43:21","slug":"gebr-haas-vf-2ss-he_4_5-achsen_bj-11_2006_-intnr231427-2","status":"publish","type":"product","link":"https:\/\/www.horn-wzm.de\/es\/shop\/cnc-bearbeitungszentrum\/gebr-haas-vf-2ss-he_4_5-achsen_bj-11_2006_-intnr231427-2\/","title":{"rendered":"marca Haas VF-2SS HE_4_5-ejes_a\u00f1o.11_2006_ IntNo231427"},"content":{"rendered":"<p><b>Ubicaci\u00f3n:<\/b> Alemania, Baden-W\u00fcrttemberg Suroeste<\/p>\n<p><b>Zustand:<\/b> Usado<\/p>\n<p><b>Hersteller:<\/b> HAAS<\/p>\n<p><b>Modell:<\/b> HAAS<\/p>\n<p><b>A\u00f1o de construcci\u00f3n:<\/b> 2006<\/p>\n<p>Haas VF-2SS HE (a\u00f1o 2006) - 4\/5-ejes<br \/>\nHorario de apertura:<br \/>\nTipo de m\u00e1quina: Centro de mecanizado vertical (CNC) - Haas VF-2SS HE<br \/>\nA\u00f1o de construcci\u00f3n: 2006<br \/>\nUnidad de control: Haas NGC<br \/>\nTipo de accionamiento: husillo de alta velocidad (alta eficiencia)<br \/>\nCapacidad de ejes: mecanizado en 4 \/ 5 ejes <\/p>\n<p>Datos mec\u00e1nicos<br \/>\nDistancias de viaje:<br \/>\nEje X: 762 mm<br \/>\nEje Y: 406 mm<br \/>\nEje Z: 508 mm<br \/>\nSuperficie de la mesa: 762 x 406 mm<br \/>\nCarga de la mesa: hasta 450 kg<br \/>\nHusillo \/ accionamiento<br \/>\nTipo de husillo: Husillo en l\u00ednea de alta velocidad<br \/>\nVelocidad: hasta 12.000 rpm <\/p>\n<p>Transmisiones por eje<br \/>\nEjes X\/Y\/Z: husillo de recirculaci\u00f3n de bolas, gu\u00edas de precisi\u00f3n<br \/>\n4\u00ba\/5\u00ba eje: mesa giratoria \/ mesa giratoria integrada, controlada por CNC<\/p>\n<p>Revista Revolver<br \/>\nCapacidad: 24 puestos para herramientas<br \/>\nSp\u00e4nef\u00f6rderer<\/p>\n<p>Tensiones el\u00e9ctricas: 400 V, 50 Hz, trif\u00e1sica<\/p>\n<p>Huella \/ dimensiones de instalaci\u00f3n: aprox. 2.200 mm x 2.000 mm (ancho x fondo)<\/p>\n<p>Peso de la m\u00e1quina: aprox. 3.600 kg<\/p>\n<p>M\u00e1quina el\u00e9ctrica y mec\u00e1nicamente en pleno funcionamiento<br \/>\nDocumentaci\u00f3n t\u00e9cnica <\/p>\n<p>Die Maschine kann nach Terminvereinbarung Strom besichtigt werden.<br \/>\nAenderungen und Irrtuemer in den technischen Daten und Angaben sowie Zwischenverkauf vorbehalten!<\/p>\n<p>Haas VF-2SS HE (A\u00f1o 2006) - 4\/5-Ejes<br \/>\nHorario de funcionamiento:a petici\u00f3n<br \/>\nTipo de m\u00e1quina: Centro de mecanizado vertical (CNC) - Haas VF-2SS HE<br \/>\nA\u00f1o de fabricaci\u00f3n: 2006<br \/>\nControl: Haas NGC<br \/>\nSistema de accionamiento: husillo de alta velocidad (alta eficiencia)<br \/>\nCapacidad de ejes: mecanizado en 4 \/ 5 ejes<br \/>\nDatos mec\u00e1nicos<br \/>\nViajes:<br \/>\nEje X: 762 mm<br \/>\nEje Y: 406 mm<br \/>\nEje Z: 508 mm<br \/>\nTama\u00f1o de la mesa: 762 \u00d7 406 mm<br \/>\nCarga de la mesa: hasta 450 kg<br \/>\nHusillo \/ Accionamiento<br \/>\nTipo de husillo: Husillo en l\u00ednea de alta velocidad<br \/>\nVelocidad: hasta 12.000 rpm<br \/>\nEjes motrices<br \/>\nEjes X\/Y\/Z: accionamientos por husillo de bolas, gu\u00edas lineales de precisi\u00f3n<br \/>\n4\u00ba \/ 5\u00ba eje: Mesa basculante\/rotatoria integrada, controlada por CNC<br \/>\nRevista Tool<br \/>\nCapacidad:24 posiciones de herramienta<br \/>\nTransportador de virutas:S\u00ed<br \/>\nDatos el\u00e9ctricos<br \/>\nAlimentaci\u00f3n: 400 V, 50 Hz, trif\u00e1sica<br \/>\n Dimensiones \/ Peso<\/p>\n<p>Superficie: aprox. 2.200 \u00d7 2.000 mm (ancho \u00d7 fondo)<br \/>\nPeso de la m\u00e1quina: aprox. 3.600 kg<\/p>\n<p>Estado \/ Notas<br \/>\nLa m\u00e1quina es totalmente funcional el\u00e9ctrica y mec\u00e1nicamente<br \/>\nDocumentaci\u00f3n t\u00e9cnica disponible<\/p>\n<p>La m\u00e1quina puede inspeccionarse bajo tensi\u00f3n con cita previa. Los datos t\u00e9cnicos y las descripciones est\u00e1n sujetos a cambios y errores.<\/p>","protected":false},"excerpt":{"rendered":"<p>Standort: Deutschland, Baden-W\u00fcrttemberg S\u00fcdwest Zustand: Gebraucht Hersteller: HAAS Modell: HAAS Baujahr: 2006 Haas VF-2SS HE (Bj. 2006) \u2013 4\/5-Achsen Betriebsstunden: Maschinentyp: Vertikales Bearbeitungszentrum (CNC) \u2013 Haas VF-2SS HE Baujahr: 2006 Steuerung: Haas NGC Antriebsart: Hochgeschwindigkeits-Spindel (High Efficiency) Achsf\u00e4higkeit: 4- \/ 5-Achsen Bearbeitung Mechanische Daten Verfahrwege: X-Achse: 762 mm Y-Achse: 406 mm Z-Achse: 508 mm Tischfl\u00e4che: [&hellip;]<\/p>\n","protected":false},"featured_media":7414,"template":"","meta":[],"product_brand":[],"product_cat":[88],"product_tag":[],"class_list":{"0":"post-7419","1":"product","2":"type-product","3":"status-publish","4":"has-post-thumbnail","6":"product_cat-cnc-bearbeitungszentrum","8":"first","9":"instock","10":"taxable","11":"shipping-taxable","12":"product-type-simple"},"aioseo_notices":[],"_links":{"self":[{"href":"https:\/\/www.horn-wzm.de\/es\/wp-json\/wp\/v2\/product\/7419","targetHints":{"allow":["GET"]}}],"collection":[{"href":"https:\/\/www.horn-wzm.de\/es\/wp-json\/wp\/v2\/product"}],"about":[{"href":"https:\/\/www.horn-wzm.de\/es\/wp-json\/wp\/v2\/types\/product"}],"version-history":[{"count":1,"href":"https:\/\/www.horn-wzm.de\/es\/wp-json\/wp\/v2\/product\/7419\/revisions"}],"predecessor-version":[{"id":7420,"href":"https:\/\/www.horn-wzm.de\/es\/wp-json\/wp\/v2\/product\/7419\/revisions\/7420"}],"wp:featuredmedia":[{"embeddable":true,"href":"https:\/\/www.horn-wzm.de\/es\/wp-json\/wp\/v2\/media\/7414"}],"wp:attachment":[{"href":"https:\/\/www.horn-wzm.de\/es\/wp-json\/wp\/v2\/media?parent=7419"}],"wp:term":[{"taxonomy":"product_brand","embeddable":true,"href":"https:\/\/www.horn-wzm.de\/es\/wp-json\/wp\/v2\/product_brand?post=7419"},{"taxonomy":"product_cat","embeddable":true,"href":"https:\/\/www.horn-wzm.de\/es\/wp-json\/wp\/v2\/product_cat?post=7419"},{"taxonomy":"product_tag","embeddable":true,"href":"https:\/\/www.horn-wzm.de\/es\/wp-json\/wp\/v2\/product_tag?post=7419"}],"curies":[{"name":"wp","href":"https:\/\/api.w.org\/{rel}","templated":true}]}}