{"id":7032,"date":"2025-12-12T15:28:23","date_gmt":"2025-12-12T14:28:23","guid":{"rendered":"https:\/\/www.horn-wzm.de\/shop\/unkategorisiert\/traub-tns-26-dgy_bj-1992_-intnr231415\/"},"modified":"2025-12-12T15:28:23","modified_gmt":"2025-12-12T14:28:23","slug":"traub-tns-26-dgy_bj-1992_-intnr231415","status":"publish","type":"product","link":"https:\/\/www.horn-wzm.de\/es\/shop\/cnc-kurzdrehmaschinen\/traub-tns-26-dgy_bj-1992_-intnr231415\/","title":{"rendered":"Traub TNS 26 DGY_Bj.1992_ IntNr231415"},"content":{"rendered":"<p><b>Ubicaci\u00f3n:<\/b> Alemania, Baden-W\u00fcrttemberg Suroeste<\/p>\n<p><b>Zustand:<\/b> Usado<\/p>\n<p><b>Hersteller:<\/b> SUE\u00d1O<\/p>\n<p><b>Modell:<\/b> SUE\u00d1O<\/p>\n<p><b>A\u00f1o de construcci\u00f3n:<\/b> 1992<\/p>\n<p><b>Horario de apertura:<\/b> 83492<\/p>\n<p>Torno CNC Traub TNS 26 DGY 2 torreta husillo principal y contrahusillo<br \/>\nA\u00f1o de construcci\u00f3n: 1992<br \/>\nTiempo de procesamiento: 83492<br \/>\nSistema de control Mitsubishi FR - SF Sistema TX 8F<br \/>\nTipo de m\u00e1quina: Centro de torneado de doble husillo con eje Y y herramientas motorizadas<\/p>\n<p>Eje principal<br \/>\nPaso de barra \u00d8 aprox. 26 mm.<br \/>\nlongitud m\u00e1x. de giro 270 mm<br \/>\nVelocidad m\u00e1xima hasta aprox. 7.000 rpm<br \/>\nHusillo exterior \u00d8 60mm<br \/>\nPotencia motriz aprox. 11 kW <\/p>\n<p>Contrahusillo<br \/>\n\u00d8 m\u00e1x. aprox. 26 mm de abertura.<br \/>\nVelocidad aprox. 7.000 rpm.<br \/>\nPotencia motriz aprox. 5,5 kW<\/p>\n<p>Torretas \/ torretas de herramientas:<\/p>\n<p>2 estaciones de torreta (superior e inferior o dos torretas) con herramientas accionadas.<br \/>\nTorreta superior con eje Y<br \/>\nPortaherramientas seg\u00fan DIN 69880: 25 x48 y 16 \u00d7 16 mm<br \/>\nPortaherramientas accionado por torreta 12<br \/>\nvelocidad m\u00e1xima: 8000 rpm<br \/>\nPotencia 2,6 kW<br \/>\nPar 4 Nm<br \/>\nEje principal y contrahusillo: eje C<\/p>\n<p>Alimentador de barras STAMAG DN 26<br \/>\nTransportador de virutas Ruez<br \/>\nHandb\u00fccher<\/p>\n<p>La m\u00e1quina es el\u00e9ctrica y mec\u00e1nicamente completamente funcional y puede ser inspeccionada bajo tensi\u00f3n con cita previa.<br \/>\nAenderungen und Irrtuemer in den technischen Daten und Angaben sowie Zwischenverkauf vorbehalten!<\/p>\n<p>Torno CNC Traub TNS 26 DGY 2 Torreta Husillo principal y contrahusillo<br \/>\nA\u00f1o de fabricaci\u00f3n: 1992<br \/>\nTiempo de mecanizado: 83.492<br \/>\nControl Mitsubishi FR - SF Sistema TX 8F<br \/>\nTipo de m\u00e1quina: Centro de torneado de doble husillo con eje Y y herramientas motorizadas<\/p>\n<p>Eje principal<br \/>\nCapacidad de la barra \u00d8 aprox. 26 mm.<br \/>\nLongitud m\u00e1x. de giro 270 mm<br \/>\nVelocidad m\u00e1xima hasta aprox. 7.000 rpm<br \/>\n\u00d8 exterior del husillo 60 mm<br \/>\nPotencia motriz aprox. 11 kW <\/p>\n<p>Contrahusillo<br \/>\nMax. \u00d8 aprox. 26 mm de capacidad.<br \/>\nVelocidad aprox. 7.000 rpm.<br \/>\nPotencia motriz aprox. 5,5 kW<\/p>\n<p>Torretas \/ rev\u00f3lver herramienta:<\/p>\n<p>2 estaciones de rev\u00f3lver (superior e inferior o dos torretas) con herramientas accionadas.<br \/>\nTorreta superior con eje Y<br \/>\nPortaherramientas, por ejemplo, seg\u00fan DIN 69880: 25 x 48 y 16 \u00d7 16 mm<br \/>\nPortaherramientas motorizados por torreta 12<br \/>\nVelocidad m\u00e1xima: 8000 rpm<br \/>\nPotencia 2,6 kW<br \/>\nPar 4 Nm<br \/>\nEje principal y contrahusillo: eje C<\/p>\n<p>Cargador de barra STAMAG DN 26<br \/>\nTransportador de virutas Ruez<br \/>\nManuales<\/p>\n<p>La m\u00e1quina es totalmente funcional, tanto el\u00e9ctrica como mec\u00e1nicamente, y puede verse bajo tensi\u00f3n previa cita.<br \/>\n\u00a1Sujeto a cambios y errores en los datos t\u00e9cnicos y especificaciones, as\u00ed como a la venta previa!<\/p>","protected":false},"excerpt":{"rendered":"<p>Standort: Deutschland, Baden-W\u00fcrttemberg S\u00fcdwest Zustand: Gebraucht Hersteller: TRAUB Modell: TRAUB Baujahr: 1992 Betriebsstunden: 83492 CNC-Drehmaschine Traub TNS 26 DGY 2 Revolver Haupt- und Gegenspindel Baujahr: 1992 Bearbeitungszeit: 83492 Steuerung Mitsubishi FR &#8211; SF System TX 8F Maschinenbauart: Doppelspindel-Drehzentrum mit Y-Achse und angetriebenen Werkzeugen Hauptspindel Stangendurchlass \u00d8 ca. 26 mm. max. Drehl\u00e4nge 270mm Maximaldrehzahl bis ca. [&hellip;]<\/p>\n","protected":false},"featured_media":7022,"template":"","meta":[],"product_brand":[],"product_cat":[87],"product_tag":[],"class_list":{"0":"post-7032","1":"product","2":"type-product","3":"status-publish","4":"has-post-thumbnail","6":"product_cat-cnc-kurzdrehmaschinen","8":"first","9":"instock","10":"taxable","11":"shipping-taxable","12":"product-type-simple"},"aioseo_notices":[],"_links":{"self":[{"href":"https:\/\/www.horn-wzm.de\/es\/wp-json\/wp\/v2\/product\/7032","targetHints":{"allow":["GET"]}}],"collection":[{"href":"https:\/\/www.horn-wzm.de\/es\/wp-json\/wp\/v2\/product"}],"about":[{"href":"https:\/\/www.horn-wzm.de\/es\/wp-json\/wp\/v2\/types\/product"}],"version-history":[{"count":1,"href":"https:\/\/www.horn-wzm.de\/es\/wp-json\/wp\/v2\/product\/7032\/revisions"}],"predecessor-version":[{"id":7033,"href":"https:\/\/www.horn-wzm.de\/es\/wp-json\/wp\/v2\/product\/7032\/revisions\/7033"}],"wp:featuredmedia":[{"embeddable":true,"href":"https:\/\/www.horn-wzm.de\/es\/wp-json\/wp\/v2\/media\/7022"}],"wp:attachment":[{"href":"https:\/\/www.horn-wzm.de\/es\/wp-json\/wp\/v2\/media?parent=7032"}],"wp:term":[{"taxonomy":"product_brand","embeddable":true,"href":"https:\/\/www.horn-wzm.de\/es\/wp-json\/wp\/v2\/product_brand?post=7032"},{"taxonomy":"product_cat","embeddable":true,"href":"https:\/\/www.horn-wzm.de\/es\/wp-json\/wp\/v2\/product_cat?post=7032"},{"taxonomy":"product_tag","embeddable":true,"href":"https:\/\/www.horn-wzm.de\/es\/wp-json\/wp\/v2\/product_tag?post=7032"}],"curies":[{"name":"wp","href":"https:\/\/api.w.org\/{rel}","templated":true}]}}