{"id":6131,"date":"2025-07-29T13:24:39","date_gmt":"2025-07-29T11:24:39","guid":{"rendered":"https:\/\/www.horn-wzm.de\/?post_type=product&#038;p=6131"},"modified":"2025-07-29T13:24:49","modified_gmt":"2025-07-29T11:24:49","slug":"revista-cellro-con-robot-fanuc-ano-2005_intnr231261","status":"publish","type":"product","link":"https:\/\/www.horn-wzm.de\/es\/shop\/zubehoer-sonstiges\/cellro-magazin-mit-fanuc-roboter-baujahr-2005_intnr231261\/","title":{"rendered":"Revista Cellro con robot FANUC a\u00f1o 2005_IntNr231261"},"content":{"rendered":"<p><b>Ubicaci\u00f3n:<\/b> Alemania, Baden-W\u00fcrttemberg Suroeste<\/p>\n<p><b>Zustand:<\/b> Usado<\/p>\n<p><b>Hersteller:<\/b> CELLRO<\/p>\n<p><b>Modell:<\/b> CELLRO<\/p>\n<p><b>A\u00f1o de construcci\u00f3n:<\/b> 2005<\/p>\n<p>Revista Cellro con robot FANUC 2005<\/p>\n<p>Sistema de almacenamiento automatizado Cellro magazine un almac\u00e9n robotizado para 300 portaherramientas<br \/>\nDescripci\u00f3n t\u00e9cnica del cargador Cellro con robot Fanuc<\/p>\n<p>Propiedades:<br \/>\n- Tipo: Sistema de almacenamiento automatizado (almac\u00e9n robotizado)<br \/>\n- Capacidad: 300 portaherramientas (para almacenar y cambiar r\u00e1pidamente las herramientas)<br \/>\n- \u00c1mbito de aplicaci\u00f3n: m\u00e1quinas herramienta CNC, tornos, fresadoras, automatizaci\u00f3n de procesos de fabricaci\u00f3n<\/p>\n<p>Funcionalidad:<br \/>\n- Automatizaci\u00f3n: el sistema permite el suministro y la sustituci\u00f3n autom\u00e1ticos de herramientas sin intervenci\u00f3n manual. Para ello se utiliza un brazo rob\u00f3tico.<br \/>\n- Almacenamiento: las herramientas se guardan en ranuras especiales del cargador y pueden recuperarse de forma r\u00e1pida y eficaz.<br \/>\n- Cambio de herramientas: las herramientas pueden cambiarse en el menor tiempo posible gracias al proceso automatizado. <\/p>\n<p>Die Maschine kann nach Terminvereinbarung unter Strom besichtigt werden.<br \/>\n\u00a1Sujeto a cambios y errores en los datos t\u00e9cnicos y especificaciones, as\u00ed como a la venta previa!<\/p>\n<p>Revista Cellro con robot FANUC 2005<\/p>\n<p>Sistema de almacenamiento automatizado Cellro magazine un almac\u00e9n robotizado para 300 portaherramientas<br \/>\nDescripci\u00f3n t\u00e9cnica del cargador Cellro con robot Fanuc<\/p>\n<p>Caracter\u00edsticas:<br \/>\n- Tipo: Sistema de almacenamiento automatizado (almac\u00e9n robotizado)<br \/>\n- Capacidad: 300 portaherramientas (para almacenar y cambiar r\u00e1pidamente las herramientas)<br \/>\n- \u00c1mbito de aplicaci\u00f3n: m\u00e1quinas herramienta CNC, tornos, fresadoras, automatizaci\u00f3n de procesos de fabricaci\u00f3n<\/p>\n<p>Funcionalidad:<br \/>\n- Automatizaci\u00f3n: el sistema permite el suministro y la sustituci\u00f3n autom\u00e1ticos de herramientas sin intervenci\u00f3n manual. Para ello se utiliza un brazo rob\u00f3tico.<br \/>\n- Almacenamiento: las herramientas se guardan en lugares especiales del almac\u00e9n y pueden recuperarse de forma r\u00e1pida y eficaz.<br \/>\n- Cambio de herramientas: las herramientas se cambian en el menor tiempo posible gracias al proceso automatizado. <\/p>\n<p>La m\u00e1quina puede inspeccionarse bajo tensi\u00f3n previa cita.<br \/>\n\u00a1Sujeto a cambios y errores en los datos t\u00e9cnicos y especificaciones, as\u00ed como a la venta previa!<\/p>","protected":false},"excerpt":{"rendered":"<p>Standort: Deutschland, Baden-W\u00fcrttemberg S\u00fcdwest Zustand: Gebraucht Hersteller: CELLRO Modell: CELLRO Baujahr: 2005 Cellro Magazin mit FANUC-Roboter 2005 Cellro Magazin automatisiertes Lagersystem ein Robotermagazin f\u00fcr 300 Werkzeugaufnahmen Technische Beschreibung des Cellro Magazin mit Fanuc Roboter Eigenschaften: \u2022 Typ: Automatisiertes Lagersystem (Robotermagazin) \u2022 Kapazit\u00e4t: 300 Werkzeugaufnahmen (f\u00fcr die Lagerung und den schnellen Austausch von Werkzeugen) \u2022 Einsatzgebiet: [&hellip;]<\/p>\n","protected":false},"featured_media":5835,"template":"","meta":[],"product_brand":[],"product_cat":[94],"product_tag":[],"class_list":{"0":"post-6131","1":"product","2":"type-product","3":"status-publish","4":"has-post-thumbnail","6":"product_cat-zubehoer-sonstiges","8":"first","9":"instock","10":"taxable","11":"shipping-taxable","12":"product-type-simple"},"aioseo_notices":[],"_links":{"self":[{"href":"https:\/\/www.horn-wzm.de\/es\/wp-json\/wp\/v2\/product\/6131","targetHints":{"allow":["GET"]}}],"collection":[{"href":"https:\/\/www.horn-wzm.de\/es\/wp-json\/wp\/v2\/product"}],"about":[{"href":"https:\/\/www.horn-wzm.de\/es\/wp-json\/wp\/v2\/types\/product"}],"version-history":[{"count":1,"href":"https:\/\/www.horn-wzm.de\/es\/wp-json\/wp\/v2\/product\/6131\/revisions"}],"predecessor-version":[{"id":6139,"href":"https:\/\/www.horn-wzm.de\/es\/wp-json\/wp\/v2\/product\/6131\/revisions\/6139"}],"wp:featuredmedia":[{"embeddable":true,"href":"https:\/\/www.horn-wzm.de\/es\/wp-json\/wp\/v2\/media\/5835"}],"wp:attachment":[{"href":"https:\/\/www.horn-wzm.de\/es\/wp-json\/wp\/v2\/media?parent=6131"}],"wp:term":[{"taxonomy":"product_brand","embeddable":true,"href":"https:\/\/www.horn-wzm.de\/es\/wp-json\/wp\/v2\/product_brand?post=6131"},{"taxonomy":"product_cat","embeddable":true,"href":"https:\/\/www.horn-wzm.de\/es\/wp-json\/wp\/v2\/product_cat?post=6131"},{"taxonomy":"product_tag","embeddable":true,"href":"https:\/\/www.horn-wzm.de\/es\/wp-json\/wp\/v2\/product_tag?post=6131"}],"curies":[{"name":"wp","href":"https:\/\/api.w.org\/{rel}","templated":true}]}}