{"id":6127,"date":"2025-07-29T13:24:39","date_gmt":"2025-07-29T11:24:39","guid":{"rendered":"https:\/\/www.horn-wzm.de\/?post_type=product&#038;p=6127"},"modified":"2025-07-29T13:24:43","modified_gmt":"2025-07-29T11:24:43","slug":"bzi-52-sk-52-cabezas-de-sujecion-lisas-con-ranuras-transversales-y-longitudinales-intnr231184","status":"publish","type":"product","link":"https:\/\/www.horn-wzm.de\/es\/shop\/spannzangen\/bzi-52-sk-52-spannkoepfe-glatt-mit-quer-und-laengsrillen-intnr231184\/","title":{"rendered":"BZI 52 \/ SK 52 Cabezales de sujeci\u00f3n lisos, con ranuras transversales y longitudinales IntNr231184"},"content":{"rendered":"<p><b>Ubicaci\u00f3n:<\/b> Alemania, Baden-W\u00fcrttemberg Suroeste<\/p>\n<p><b>Zustand:<\/b> Como nuevo<\/p>\n<p><b>Modell:<\/b> cero<\/p>\n<p>N\u00famero interno: IntNr231184<br \/>\nDescripci\u00f3n del art\u00edculo: Mandriles de expansi\u00f3n BZI 52 \/ SK 52<\/p>\n<p>Adecuado para:<\/p>\n<p>HAINBUCH SPANNTOP 52-A5 \/ Nova y MINI<br \/>\nMarcas \/ fabricantes comparables<br \/>\nVersiones:<\/p>\n<p>Cabezales de sujeci\u00f3n lisos<br \/>\nCon ranuras transversales y longitudinales para materia prima<br \/>\nVariantes de perfil: Redondo y hexagonal (0,5 mm o 1 mm de aumento)<br \/>\nPosibles aplicaciones: Mecanizado fino<br \/>\nZustand:<\/p>\n<p>Nuevos y usados disponibles en varias dimensiones<br \/>\nOrden:<br \/>\nEspecifique la sujeci\u00f3n\u2300 deseada al realizar el pedido.<\/p>\n<p>\u00c1mbitos de aplicaci\u00f3n:<\/p>\n<p>Centros de mecanizado<br \/>\nM\u00e1quinas de medici\u00f3n<br \/>\nSujeci\u00f3n de palets<br \/>\nNotas:<\/p>\n<p>Cabezales de sujeci\u00f3n para perfiles especiales seg\u00fan requisitos individuales bajo pedido<br \/>\nOtros tama\u00f1os y formas de conos (por ejemplo, cuadrados) y piezas en bruto mecanizables tambi\u00e9n disponibles previa solicitud.<\/p>\n<p>Aenderungen und Irrtuemer in den technischen Daten und Angaben sowie Zwischenverkauf vorbehalten!<\/p>\n<p>N\u00famero interno: IntNr231184<br \/>\nDescripci\u00f3n del art\u00edculo: Cabezales de sujeci\u00f3n BZI 52 \/ SK 52<\/p>\n<p>Adecuado para:<\/p>\n<p>HAINBUCH SPANNTOP 52-A5 \/ Nova y MINI<br \/>\nMarcas \/ fabricantes comparables<br \/>\nVersiones:<\/p>\n<p>Mandriles de expansi\u00f3n suave<br \/>\nCon ranuras transversales y longitudinales para materia prima<br \/>\nVariantes de perfil: Redondo y hexagonal (0,5 mm o 1 mm de aumento)<br \/>\nPosibles aplicaciones: Mecanizado fino<br \/>\nEstado:<\/p>\n<p>Nuevos y usados disponibles en varias dimensiones<br \/>\nOrden:<br \/>\nEspecifique la sujeci\u00f3n \u2300 necesaria al realizar el pedido.<\/p>\n<p>\u00c1mbitos de aplicaci\u00f3n:<\/p>\n<p>Centros de mecanizado<br \/>\nM\u00e1quinas de medici\u00f3n<br \/>\nSujeci\u00f3n de palets<br \/>\nNotas:<\/p>\n<p>Cabezales de sujeci\u00f3n para perfiles especiales seg\u00fan requisitos individuales bajo pedido<br \/>\nOtros tama\u00f1os de conos, formas (por ejemplo, cuadradas) y piezas en bruto mecanizables tambi\u00e9n disponibles previa solicitud.<\/p>\n<p>\u00a1Sujeto a cambios y errores en los datos t\u00e9cnicos y la informaci\u00f3n, as\u00ed como la venta previa!<\/p>","protected":false},"excerpt":{"rendered":"<p>Standort: Deutschland, Baden-W\u00fcrttemberg S\u00fcdwest Zustand: Neuwertig Modell: null Interne Nummer: IntNr231184 Artikelbeschreibung: BZI 52 \/ SK 52 Spannk\u00f6pfe Geeignet f\u00fcr: HAINBUCH SPANNTOP 52-A5 \/ Nova und MINI Vergleichbare Fabrikate \/ Hersteller Ausf\u00fchrungen: Glatte Spannk\u00f6pfe Mit Quer- und L\u00e4ngsrillen f\u00fcr Rohmaterial Profilvarianten: Rund und 6-Kant (0,5 mm oder 1 mm steigend) Einsatzm\u00f6glichkeiten: Feinbearbeitung Zustand: Neu und [&hellip;]<\/p>\n","protected":false},"featured_media":5283,"template":"","meta":[],"product_brand":[],"product_cat":[92],"product_tag":[],"class_list":{"0":"post-6127","1":"product","2":"type-product","3":"status-publish","4":"has-post-thumbnail","6":"product_cat-spannzangen","8":"first","9":"instock","10":"taxable","11":"shipping-taxable","12":"product-type-simple"},"aioseo_notices":[],"_links":{"self":[{"href":"https:\/\/www.horn-wzm.de\/es\/wp-json\/wp\/v2\/product\/6127","targetHints":{"allow":["GET"]}}],"collection":[{"href":"https:\/\/www.horn-wzm.de\/es\/wp-json\/wp\/v2\/product"}],"about":[{"href":"https:\/\/www.horn-wzm.de\/es\/wp-json\/wp\/v2\/types\/product"}],"version-history":[{"count":1,"href":"https:\/\/www.horn-wzm.de\/es\/wp-json\/wp\/v2\/product\/6127\/revisions"}],"predecessor-version":[{"id":6135,"href":"https:\/\/www.horn-wzm.de\/es\/wp-json\/wp\/v2\/product\/6127\/revisions\/6135"}],"wp:featuredmedia":[{"embeddable":true,"href":"https:\/\/www.horn-wzm.de\/es\/wp-json\/wp\/v2\/media\/5283"}],"wp:attachment":[{"href":"https:\/\/www.horn-wzm.de\/es\/wp-json\/wp\/v2\/media?parent=6127"}],"wp:term":[{"taxonomy":"product_brand","embeddable":true,"href":"https:\/\/www.horn-wzm.de\/es\/wp-json\/wp\/v2\/product_brand?post=6127"},{"taxonomy":"product_cat","embeddable":true,"href":"https:\/\/www.horn-wzm.de\/es\/wp-json\/wp\/v2\/product_cat?post=6127"},{"taxonomy":"product_tag","embeddable":true,"href":"https:\/\/www.horn-wzm.de\/es\/wp-json\/wp\/v2\/product_tag?post=6127"}],"curies":[{"name":"wp","href":"https:\/\/api.w.org\/{rel}","templated":true}]}}