{"id":6126,"date":"2025-07-29T13:24:38","date_gmt":"2025-07-29T11:24:38","guid":{"rendered":"https:\/\/www.horn-wzm.de\/?post_type=product&#038;p=6126"},"modified":"2025-07-29T13:24:42","modified_gmt":"2025-07-29T11:24:42","slug":"portaherramientas-agw-para-star-wto_410900000-22-k99-927-1-7-i2-18-1-talladora-con-fresa-madre-intnr20215634","status":"publish","type":"product","link":"https:\/\/www.horn-wzm.de\/es\/shop\/werkzeughalter\/agw-werkzeughalter-fuer-star-wto_410900000-22-k99-927-1-7-i2-18-1-abwaelzfraeseinheit-verzahnungen-intnr20215634\/","title":{"rendered":"AGW \/ Portaherramientas para talladora con fresa madre Star WTO_410900000-22-K99-927-1-7 i2.18-1 (IntNo20215634)"},"content":{"rendered":"<p><b>Ubicaci\u00f3n:<\/b> Alemania, Baden-W\u00fcrttemberg Suroeste<\/p>\n<p><b>Zustand:<\/b> Como nuevo<\/p>\n<p><b>Hersteller:<\/b> OMC<\/p>\n<p><b>A\u00f1o de construcci\u00f3n:<\/b> 2017<\/p>\n<p>Made in Germany \u201eBESTE QUALITAET\u201c<br \/>\nStar Bestell-Nr. WTO_410900000-22<br \/>\nK99-927-1-7 i2.18-1<br \/>\nAbw\u00e4lzfr\u00e4seinheit-Verzahnungen<br \/>\npassend f\u00fcr Star<br \/>\nMaschinentyp: ECAS 12; ECAS 20; SR \u2013 10J; SR \u2013 20 JN; SR \u2013 20 RIV A\/B; SR \u2013 20; SR \u2013 32 J; SR \u2013 32 JN; ECAS-12\/20; ECAS-32T; SB-12\/20R; SB-16III; SD-26C\/E\/G\/S; SR-20J\/JN SR-20JII-A; SR-20JII-B; SR-20RII; SR-20RIII;<br \/>\nSR-32JII-B\/JIII-B; SV-38R; SW-20; SX-38-A; SX-38-B<br \/>\nSchaftdurchmesser \/ Kupplung: \u00f822 mm<br \/>\nBauform: gerade<br \/>\nWerkzeugausf\u00fchrung: angetrieben<br \/>\nRefrigeraci\u00f3n: interna+externa | externa<br \/>\nmax. 2000 U\/min<br \/>\n2,18:1<br \/>\n13Nm<br \/>\nAenderungen und Irrtuemer in den technischen Daten und Angaben sowie Zwischenverkauf vorbehalten!<\/p>\n<p>Fabricado en Alemania \"LA MEJOR CALIDAD\"<br \/>\nN\u00ba de pedido Star WTO_410900000-22<br \/>\nK99-927-1-7 i2.18-1<br \/>\nEngranajes del mecanismo elevador<br \/>\nadecuado para Star<br \/>\nTipo de m\u00e1quina: ECAS 12; ECAS 20; SR - 10J; SR - 20 JN; SR - 20 RIV A\/B; SR - 20; SR - 32 J; SR - 32 JN; ECAS-12\/20; ECAS-32T; SB-12\/20R; SB-16III; SD-26C\/E\/G\/S; SR-20J\/JN SR-20JII-A; SR-20JII-B; SR-20RII; SR-20RIII;<br \/>\nSR-32JII-B\/JIII-B; SV-38R; SW-20; SX-38-A; SX-38-B<br \/>\nDi\u00e1metro del eje \/ acoplamiento: \u00f822 mm<br \/>\nDise\u00f1o: recto<br \/>\nDise\u00f1o de herramientas: accionado<br \/>\nRefrigeraci\u00f3n: interna+externa | externa<br \/>\nm\u00e1x. 2000 rpm<br \/>\n2,18:1<br \/>\n13Nm<br \/>\nSubject to changes and errors in the technical data and information as well as prior sale!<\/p>","protected":false},"excerpt":{"rendered":"<p>Standort: Deutschland, Baden-W\u00fcrttemberg S\u00fcdwest Zustand: Neuwertig Hersteller: WTO Baujahr: 2017 Made in Germany &#8222;BESTE QUALITAET&#8220; Star Bestell-Nr. WTO_410900000-22 K99-927-1-7 i2.18-1 Abw\u00e4lzfr\u00e4seinheit-Verzahnungen passend f\u00fcr Star Maschinentyp: ECAS 12; ECAS 20; SR &#8211; 10J; SR &#8211; 20 JN; SR &#8211; 20 RIV A\/B; SR &#8211; 20; SR &#8211; 32 J; SR &#8211; 32 JN; ECAS-12\/20; ECAS-32T; SB-12\/20R; [&hellip;]<\/p>\n","protected":false},"featured_media":4129,"template":"","meta":[],"product_brand":[],"product_cat":[84],"product_tag":[],"class_list":{"0":"post-6126","1":"product","2":"type-product","3":"status-publish","4":"has-post-thumbnail","6":"product_cat-werkzeughalter","8":"first","9":"instock","10":"taxable","11":"shipping-taxable","12":"product-type-simple"},"aioseo_notices":[],"_links":{"self":[{"href":"https:\/\/www.horn-wzm.de\/es\/wp-json\/wp\/v2\/product\/6126","targetHints":{"allow":["GET"]}}],"collection":[{"href":"https:\/\/www.horn-wzm.de\/es\/wp-json\/wp\/v2\/product"}],"about":[{"href":"https:\/\/www.horn-wzm.de\/es\/wp-json\/wp\/v2\/types\/product"}],"version-history":[{"count":1,"href":"https:\/\/www.horn-wzm.de\/es\/wp-json\/wp\/v2\/product\/6126\/revisions"}],"predecessor-version":[{"id":6134,"href":"https:\/\/www.horn-wzm.de\/es\/wp-json\/wp\/v2\/product\/6126\/revisions\/6134"}],"wp:featuredmedia":[{"embeddable":true,"href":"https:\/\/www.horn-wzm.de\/es\/wp-json\/wp\/v2\/media\/4129"}],"wp:attachment":[{"href":"https:\/\/www.horn-wzm.de\/es\/wp-json\/wp\/v2\/media?parent=6126"}],"wp:term":[{"taxonomy":"product_brand","embeddable":true,"href":"https:\/\/www.horn-wzm.de\/es\/wp-json\/wp\/v2\/product_brand?post=6126"},{"taxonomy":"product_cat","embeddable":true,"href":"https:\/\/www.horn-wzm.de\/es\/wp-json\/wp\/v2\/product_cat?post=6126"},{"taxonomy":"product_tag","embeddable":true,"href":"https:\/\/www.horn-wzm.de\/es\/wp-json\/wp\/v2\/product_tag?post=6126"}],"curies":[{"name":"wp","href":"https:\/\/api.w.org\/{rel}","templated":true}]}}