{"id":5881,"date":"2025-04-07T14:03:15","date_gmt":"2025-04-07T12:03:15","guid":{"rendered":"https:\/\/www.horn-wzm.de\/shop\/unkategorisiert\/gebr-profilprojektor-mitutoyo-pv-500-_intnr231045\/"},"modified":"2025-04-07T14:03:15","modified_gmt":"2025-04-07T12:03:15","slug":"gebr-proyector-de-perfiles-mitutoyo-pv-500-_intnr231045","status":"publish","type":"product","link":"https:\/\/www.horn-wzm.de\/es\/shop\/messtechnik\/gebr-profilprojektor-mitutoyo-pv-500-_intnr231045\/","title":{"rendered":"proyector de perfiles usado Mitutoyo PV 500 _IntNr231045"},"content":{"rendered":"<p><b>Ubicaci\u00f3n:<\/b> Alemania, Baden-W\u00fcrttemberg Suroeste<\/p>\n<p><b>Zustand:<\/b> Usado<\/p>\n<p><b>Horario de apertura:<\/b> ninguno<\/p>\n<p>IntNo231045<br \/>\nGebr.<br \/>\nProyector de perfiles Mitutoyo PV 500<br \/>\ncon pantalla de 500 mm y visualizaci\u00f3n digital<br \/>\nTechnische Daten:<br \/>\nPerfil proyector marca MITUTOYO tipo PV-500<br \/>\nDi\u00e1metro de la criba 508 mm<br \/>\nPantalla giratoria 360\u00b0 (nonio 1')<br \/>\nAumentos posibles 5 x , 10 x , 20 x , 50 x , 100 x<br \/>\nInstalaci\u00f3n mediante sistema de inserci\u00f3n con adaptador<br \/>\nPrecisi\u00f3n de aumento con luz transmitida\/luz reflejada +- 0,1% \/ +- 0,15%<br \/>\nRed 220 V, 50 Hz<br \/>\nConsumo 340 VA<br \/>\nDimensiones b\u00e1sicas del aparato 900 x 700 x 1700 mm<br \/>\nPeso 180 kg<br \/>\ncon<br \/>\n- Pantalla digital Mitutoyo de 2 ejes<br \/>\nAccesorios <\/p>\n<p>Die Maschine kann nach Terminvereinbarung Strom besichtigt werden.<br \/>\nAenderungen und Irrtuemer in den technischen Daten und Angaben sowie Zwischenverkauf vorbehalten!<\/p>\n<p>Usado<br \/>\nProyector de perfiles Mitutoyo PV 500<br \/>\ncon pantalla de 500 mm y visualizaci\u00f3n digital<br \/>\nDatos t\u00e9cnicos:<br \/>\nPerfil proyector marca MITUTOYO tipo PV-500<br \/>\nDi\u00e1metro de la criba 508 mm<br \/>\nPantalla giratoria 360\u00b0 (nonio 1\u2032)<br \/>\nAumentos posibles 5 x , 10 x , 20 x , 50 x , 100 x<br \/>\nInstalaci\u00f3n mediante sistema de inserci\u00f3n con adaptador<br \/>\nPrecisi\u00f3n de aumento con luz transmitida\/luz reflejada +- 0,1% \/ +- 0,15%<br \/>\nRed 220 V, 50 Hz<br \/>\nConsumo 340 VA<br \/>\nDimensiones b\u00e1sicas del aparato 900 x 700 x 1700 mm<br \/>\nPeso 180 kg<br \/>\nCon<br \/>\n- Indicador digital de 2 ejes Mitutoyo<br \/>\nAccesorios <\/p>\n<p>The machine can be inspected by appointment.<br \/>\nChanges and errors in the technical data and information as well as prior sale reserved!<\/p>","protected":false},"excerpt":{"rendered":"<p>Standort: Deutschland, Baden-W\u00fcrttemberg S\u00fcdwest Zustand: Gebraucht Betriebsstunden: keine IntNr231045 Gebr. Profilprojektor Mitutoyo PV 500 mit Bildschirm 500 mm und digitaler Anzeige Technische Daten: Profilprojektor Fabrikat MITUTOYO Typ PV-500 Bildschirmdurchmesser 508 mm Bildschirm drehbar um 360\u00b0 (Nonius 1\u00b4) Vergr\u00f6\u00dferung m\u00f6glich 5 x , 10 x , 20 x ,50x , 100 x Einbau erfolgt durch Einsatzsystem [&hellip;]<\/p>\n","protected":false},"featured_media":5877,"template":"","meta":[],"product_brand":[],"product_cat":[90],"product_tag":[],"class_list":{"0":"post-5881","1":"product","2":"type-product","3":"status-publish","4":"has-post-thumbnail","6":"product_cat-messtechnik","8":"first","9":"instock","10":"taxable","11":"shipping-taxable","12":"product-type-simple"},"aioseo_notices":[],"_links":{"self":[{"href":"https:\/\/www.horn-wzm.de\/es\/wp-json\/wp\/v2\/product\/5881","targetHints":{"allow":["GET"]}}],"collection":[{"href":"https:\/\/www.horn-wzm.de\/es\/wp-json\/wp\/v2\/product"}],"about":[{"href":"https:\/\/www.horn-wzm.de\/es\/wp-json\/wp\/v2\/types\/product"}],"version-history":[{"count":1,"href":"https:\/\/www.horn-wzm.de\/es\/wp-json\/wp\/v2\/product\/5881\/revisions"}],"predecessor-version":[{"id":5882,"href":"https:\/\/www.horn-wzm.de\/es\/wp-json\/wp\/v2\/product\/5881\/revisions\/5882"}],"wp:featuredmedia":[{"embeddable":true,"href":"https:\/\/www.horn-wzm.de\/es\/wp-json\/wp\/v2\/media\/5877"}],"wp:attachment":[{"href":"https:\/\/www.horn-wzm.de\/es\/wp-json\/wp\/v2\/media?parent=5881"}],"wp:term":[{"taxonomy":"product_brand","embeddable":true,"href":"https:\/\/www.horn-wzm.de\/es\/wp-json\/wp\/v2\/product_brand?post=5881"},{"taxonomy":"product_cat","embeddable":true,"href":"https:\/\/www.horn-wzm.de\/es\/wp-json\/wp\/v2\/product_cat?post=5881"},{"taxonomy":"product_tag","embeddable":true,"href":"https:\/\/www.horn-wzm.de\/es\/wp-json\/wp\/v2\/product_tag?post=5881"}],"curies":[{"name":"wp","href":"https:\/\/api.w.org\/{rel}","templated":true}]}}