{"id":5748,"date":"2025-03-19T15:33:55","date_gmt":"2025-03-19T14:33:55","guid":{"rendered":"https:\/\/www.horn-wzm.de\/shop\/unkategorisiert\/lang-lader_bevorratung-und-zufuehrsystem-inkl-20-schraubstoecke-intnr231262\/"},"modified":"2025-03-19T15:33:56","modified_gmt":"2025-03-19T14:33:56","slug":"cargador-largo_sistema-de-almacenamiento-y-alimentacion-incl-20-mordazas-intnr231262","status":"publish","type":"product","link":"https:\/\/www.horn-wzm.de\/es\/shop\/zubehoer-sonstiges\/lang-lader_bevorratung-und-zufuehrsystem-inkl-20-schraubstoecke-intnr231262\/","title":{"rendered":"LANG loader_stocking y sistema de alimentaci\u00f3n, incl. 20 mordazas, IntNo231262"},"content":{"rendered":"<p><b>Ubicaci\u00f3n:<\/b> Alemania, Baden-W\u00fcrttemberg Suroeste<\/p>\n<p><b>Zustand:<\/b> Usado<\/p>\n<p><b>Hersteller:<\/b> LANG<\/p>\n<p><b>Modell:<\/b> LANG<\/p>\n<p><b>A\u00f1o de construcci\u00f3n:<\/b> 2005<\/p>\n<p>Sistema de almacenamiento y alimentaci\u00f3n LANG Technik construido en 2005, incl. 20 mordazas<\/p>\n<p>Sistema de automatizaci\u00f3n con disposici\u00f3n de tolvas Capacidad de almacenamiento de aprox. 50-60 mordazas de sujeci\u00f3n.<\/p>\n<p>Descripci\u00f3n t\u00e9cnica:<br \/>\nSistema de almacenamiento y alimentaci\u00f3n LANG Technik<br \/>\nEl sistema de automatizaci\u00f3n LANG Technik con disposici\u00f3n en tolva es una soluci\u00f3n avanzada de manipulaci\u00f3n y mecanizado automatizados de piezas de trabajo dise\u00f1ada espec\u00edficamente para la gesti\u00f3n eficaz y precisa de mordazas de sujeci\u00f3n. Construido en 2005, este sistema est\u00e1 dise\u00f1ado para automatizar los procesos de producci\u00f3n y aumentar la eficiencia mediante la optimizaci\u00f3n de la manipulaci\u00f3n de piezas de trabajo y la reducci\u00f3n de la intervenci\u00f3n manual.<\/p>\n<p>Disposici\u00f3n deslizante:<br \/>\nEl sistema de automatizaci\u00f3n est\u00e1 equipado con una disposici\u00f3n de tolvas que permite descargar y transportar las piezas de forma continua, segura y r\u00e1pida. Las rampas sirven de elemento de conexi\u00f3n entre las distintas estaciones de procesamiento y est\u00e1n especialmente dise\u00f1adas para garantizar un movimiento estable y preciso de las piezas a lo largo de todo el proceso de producci\u00f3n.<\/p>\n<p>Sistema de control: la disposici\u00f3n de las correderas se coordina a trav\u00e9s de la unidad de control central del sistema para que el funcionamiento sea totalmente autom\u00e1tico y eficaz.<\/p>\n<p>- Capacidad de almacenamiento: aprox. 50-60 mordazas de sujeci\u00f3n<br \/>\n- Material de la gu\u00eda: acero o aluminio, seg\u00fan la aplicaci\u00f3n<br \/>\n- Automatizaci\u00f3n: totalmente automatizado con unidad de control central<br \/>\n- Campo de aplicaci\u00f3n: para procesar piezas de distintos tama\u00f1os y formas<br \/>\n- Aplicaci\u00f3n: Especialmente adecuado para la metalurgia y la producci\u00f3n industrial<br \/>\n- Integraci\u00f3n: f\u00e1cil de integrar en los procesos de producci\u00f3n existentes<\/p>\n<p>Die Maschine kann nach Terminvereinbarung unter Strom besichtigt werden.<br \/>\n\u00a1Sujeto a cambios y errores en los datos t\u00e9cnicos y especificaciones, as\u00ed como a la venta previa!<\/p>\n<p>Sistema de almacenamiento y alimentaci\u00f3n LANG Technik construido en 2005, incl. 20 mordazas<\/p>\n<p>Sistema de automatizaci\u00f3n con disposici\u00f3n de tolvas Capacidad de almacenamiento de aprox. 50-60 mordazas de sujeci\u00f3n.<\/p>\n<p>Descripci\u00f3n t\u00e9cnica:<br \/>\nSistema de almacenamiento y alimentaci\u00f3n LANG Technik<br \/>\nEl sistema de automatizaci\u00f3n LANG Technik con disposici\u00f3n en tolva es una soluci\u00f3n avanzada de manipulaci\u00f3n y procesamiento automatizados de piezas de trabajo dise\u00f1ada espec\u00edficamente para la gesti\u00f3n eficaz y precisa de mordazas. Construido en 2005, este sistema est\u00e1 dise\u00f1ado para automatizar los procesos de producci\u00f3n y aumentar la eficiencia mediante la optimizaci\u00f3n de la manipulaci\u00f3n de piezas de trabajo y la reducci\u00f3n de la intervenci\u00f3n manual.<\/p>\n<p>Disposici\u00f3n del vertedero:<br \/>\nEl sistema de automatizaci\u00f3n est\u00e1 equipado con una disposici\u00f3n de tolvas que permite descargar y transportar las piezas de forma continua, segura y r\u00e1pida. Las rampas sirven de elemento de conexi\u00f3n entre las distintas estaciones de procesamiento y est\u00e1n especialmente dise\u00f1adas para garantizar un movimiento estable y preciso de las piezas a lo largo de todo el proceso de producci\u00f3n.<\/p>\n<p>Control: La disposici\u00f3n de los vertederos se coordina a trav\u00e9s de la unidad de control central del sistema para que el funcionamiento sea totalmente autom\u00e1tico y eficaz.<\/p>\n<p>- Capacidad de almacenamiento: aprox. 50-60 mordazas de sujeci\u00f3n<br \/>\n- Material de la gu\u00eda: Acero o aluminio, seg\u00fan la aplicaci\u00f3n<br \/>\n- Automatizaci\u00f3n: totalmente automatizado con unidad de control central<br \/>\n- Campo de aplicaci\u00f3n: para procesar piezas de distintos tama\u00f1os y formas<br \/>\n- Aplicaci\u00f3n: Especialmente adecuado para la metalurgia y la producci\u00f3n industrial<br \/>\n- Integraci\u00f3n: f\u00e1cil de integrar en los procesos de producci\u00f3n existentes<\/p>\n<p>La m\u00e1quina puede inspeccionarse bajo tensi\u00f3n previa cita.<br \/>\nSubject to changes and errors in the technical data and information as well as prior sale!<\/p>","protected":false},"excerpt":{"rendered":"<p>Standort: Deutschland, Baden-W\u00fcrttemberg S\u00fcdwest Zustand: Gebraucht Hersteller: LANG Modell: LANG Baujahr: 2005 LANG Technik Bevorratung und Zuf\u00fchrsystem Baujahr 2005, inkl. 20 Schraubst\u00f6cke Automationssystem mit Rutschen-Anordnung Speicherkapazit\u00e4t von ca. 50-60 Spannschraubstocken. Technische Beschreibung: LANG Technik Bevorratung und Zuf\u00fchrsystem LANG Technik Automationssystem mit Rutschenanordnung ist eine hochentwickelte, automatisierte L\u00f6sung zur Handhabung und Bearbeitung von Werkst\u00fccken, die speziell [&hellip;]<\/p>\n","protected":false},"featured_media":5738,"template":"","meta":[],"product_brand":[],"product_cat":[94],"product_tag":[],"class_list":{"0":"post-5748","1":"product","2":"type-product","3":"status-publish","4":"has-post-thumbnail","6":"product_cat-zubehoer-sonstiges","8":"first","9":"instock","10":"taxable","11":"shipping-taxable","12":"product-type-simple"},"aioseo_notices":[],"_links":{"self":[{"href":"https:\/\/www.horn-wzm.de\/es\/wp-json\/wp\/v2\/product\/5748","targetHints":{"allow":["GET"]}}],"collection":[{"href":"https:\/\/www.horn-wzm.de\/es\/wp-json\/wp\/v2\/product"}],"about":[{"href":"https:\/\/www.horn-wzm.de\/es\/wp-json\/wp\/v2\/types\/product"}],"version-history":[{"count":1,"href":"https:\/\/www.horn-wzm.de\/es\/wp-json\/wp\/v2\/product\/5748\/revisions"}],"predecessor-version":[{"id":5749,"href":"https:\/\/www.horn-wzm.de\/es\/wp-json\/wp\/v2\/product\/5748\/revisions\/5749"}],"wp:featuredmedia":[{"embeddable":true,"href":"https:\/\/www.horn-wzm.de\/es\/wp-json\/wp\/v2\/media\/5738"}],"wp:attachment":[{"href":"https:\/\/www.horn-wzm.de\/es\/wp-json\/wp\/v2\/media?parent=5748"}],"wp:term":[{"taxonomy":"product_brand","embeddable":true,"href":"https:\/\/www.horn-wzm.de\/es\/wp-json\/wp\/v2\/product_brand?post=5748"},{"taxonomy":"product_cat","embeddable":true,"href":"https:\/\/www.horn-wzm.de\/es\/wp-json\/wp\/v2\/product_cat?post=5748"},{"taxonomy":"product_tag","embeddable":true,"href":"https:\/\/www.horn-wzm.de\/es\/wp-json\/wp\/v2\/product_tag?post=5748"}],"curies":[{"name":"wp","href":"https:\/\/api.w.org\/{rel}","templated":true}]}}