{"id":5187,"date":"2025-01-23T12:38:03","date_gmt":"2025-01-23T11:38:03","guid":{"rendered":"https:\/\/www.horn-wzm.de\/shop\/unkategorisiert\/gebr-wkz-halter-angetr-used-toolholder-driven-mtc-8900-1_intnr231225\/"},"modified":"2025-01-23T12:38:03","modified_gmt":"2025-01-23T11:38:03","slug":"gebr-wkz-holder-angetr-usado-portaherramientas-accionado-mtc-8900-1_intnr231225","status":"publish","type":"product","link":"https:\/\/www.horn-wzm.de\/es\/shop\/werkzeughalter\/gebr-wkz-halter-angetr-used-toolholder-driven-mtc-8900-1_intnr231225\/","title":{"rendered":"portaherramientas usado accionado MTC 8900-1_IntNr231225"},"content":{"rendered":"<p><b>Standort:<\/b> Deutschland, Baden-W\u00fcrttemberg S\u00fcdwest<\/p>\n<p><b>Zustand:<\/b> Neuwertig<\/p>\n<p><b>Hersteller:<\/b> MT Marchetti<\/p>\n<p><b>Modell:<\/b> 1190320<\/p>\n<p><b>Baujahr:<\/b> 2019<\/p>\n<p>gebr. angetriebene Werkzeughalter mit IKZ<br \/>\nKompatible Maschinen<br \/>\nBIGLIA &#8211; B436<br \/>\nBIGLIA &#8211; B438<br \/>\nBIGLIA &#8211; BMX 45Y2<\/p>\n<p>BI-WZ16RA21i<br \/>\nRadial Bohr- und Fr\u00e4skopf ER20, 1:1 mit IKZ (MT)<br \/>\nWichtigsten Technische Daten<br \/>\nSpindel ER20<\/p>\n<p>\u00dcbersetzungsverh\u00e4ltnis 1:1<\/p>\n<p>Max U\/min. 6000<\/p>\n<p>Maximales Drehmoment [Nm] 50<\/p>\n<p>Au\u00dfenk\u00fchlung Ja<\/p>\n<p>Driven tool holders with IKZ<br \/>\nCompatible machines<br \/>\nBIGLIA &#8211; B436<br \/>\nBIGLIA &#8211; B438<br \/>\nBIGLIA &#8211; BMX 45Y2<\/p>\n<p>BI-WZ16RA21i<br \/>\nRadial drilling and milling head ER20, 1:1 with IKZ (MT)<br \/>\nMost important technical data<br \/>\nSpindle ER20<\/p>\n<p>Gear ratio 1:1<\/p>\n<p>Max. rpm 6000<\/p>\n<p>Maximum torque [Nm] 50<\/p>\n<p>External cooling Yes<\/p>\n","protected":false},"excerpt":{"rendered":"<p>Standort: Deutschland, Baden-W\u00fcrttemberg S\u00fcdwest Zustand: Neuwertig Hersteller: MT Marchetti Modell: 1190320 Baujahr: 2019 gebr. angetriebene Werkzeughalter mit IKZ Kompatible Maschinen BIGLIA &#8211; B436 BIGLIA &#8211; B438 BIGLIA &#8211; BMX 45Y2 BI-WZ16RA21i Radial Bohr- und Fr\u00e4skopf ER20, 1:1 mit IKZ (MT) Wichtigsten Technische Daten Spindel ER20 \u00dcbersetzungsverh\u00e4ltnis 1:1 Max U\/min. 6000 Maximales Drehmoment [Nm] 50 Au\u00dfenk\u00fchlung [&hellip;]<\/p>\n","protected":false},"featured_media":5180,"template":"","meta":[],"product_brand":[],"product_cat":[84],"product_tag":[],"class_list":{"0":"post-5187","1":"product","2":"type-product","3":"status-publish","4":"has-post-thumbnail","6":"product_cat-werkzeughalter","8":"first","9":"instock","10":"taxable","11":"shipping-taxable","12":"product-type-simple"},"aioseo_notices":[],"_links":{"self":[{"href":"https:\/\/www.horn-wzm.de\/es\/wp-json\/wp\/v2\/product\/5187","targetHints":{"allow":["GET"]}}],"collection":[{"href":"https:\/\/www.horn-wzm.de\/es\/wp-json\/wp\/v2\/product"}],"about":[{"href":"https:\/\/www.horn-wzm.de\/es\/wp-json\/wp\/v2\/types\/product"}],"version-history":[{"count":1,"href":"https:\/\/www.horn-wzm.de\/es\/wp-json\/wp\/v2\/product\/5187\/revisions"}],"predecessor-version":[{"id":5188,"href":"https:\/\/www.horn-wzm.de\/es\/wp-json\/wp\/v2\/product\/5187\/revisions\/5188"}],"wp:featuredmedia":[{"embeddable":true,"href":"https:\/\/www.horn-wzm.de\/es\/wp-json\/wp\/v2\/media\/5180"}],"wp:attachment":[{"href":"https:\/\/www.horn-wzm.de\/es\/wp-json\/wp\/v2\/media?parent=5187"}],"wp:term":[{"taxonomy":"product_brand","embeddable":true,"href":"https:\/\/www.horn-wzm.de\/es\/wp-json\/wp\/v2\/product_brand?post=5187"},{"taxonomy":"product_cat","embeddable":true,"href":"https:\/\/www.horn-wzm.de\/es\/wp-json\/wp\/v2\/product_cat?post=5187"},{"taxonomy":"product_tag","embeddable":true,"href":"https:\/\/www.horn-wzm.de\/es\/wp-json\/wp\/v2\/product_tag?post=5187"}],"curies":[{"name":"wp","href":"https:\/\/api.w.org\/{rel}","templated":true}]}}