{"id":5018,"date":"2024-12-15T12:00:57","date_gmt":"2024-12-15T11:00:57","guid":{"rendered":"https:\/\/www.horn-wzm.de\/shop\/unkategorisiert\/gebr-gildemeister-speed-12-7_linear-bj-04_intnr231165\/"},"modified":"2026-03-13T13:16:07","modified_gmt":"2026-03-13T12:16:07","slug":"gebr-gildemeister-speed-12-7_linear-bj-04_intnr231165","status":"publish","type":"product","link":"https:\/\/www.horn-wzm.de\/es\/shop\/cnc-langdrehmaschinen\/gebr-gildemeister-speed-12-7_linear-bj-04_intnr231165\/","title":{"rendered":"DMG Speed 12-7_Linear Bj.`04_mit FMB Minimag (IntNr231165)"},"content":{"rendered":"<p><b>Ubicaci\u00f3n:<\/b> Alemania, Baden-W\u00fcrttemberg Suroeste<\/p>\n<p><b>Zustand:<\/b> Usado<\/p>\n<p><b>Hersteller:<\/b> DMG<\/p>\n<p><b>Modell:<\/b> DMG<\/p>\n<p><b>A\u00f1o de construcci\u00f3n:<\/b> 2004<\/p>\n<p><b>Horario de apertura:<\/b> 153199<\/p>\n<p>Zum Verkauf steht ein hochdynamischer Langdrehautomat DMG Speed 12-7 Linear<br \/>\nmit Lademagazin FMB Minimag.<br \/>\nSteuerung: Fanuc 16i-TB mit DMG-spezifischer Bedienoberfl\u00e4che<br \/>\nBaujahr 2004<\/p>\n<p>Technische Daten<\/p>\n<p>Anzahl der Achsen: 7 Achsen (X1, Y1, Z1, X2, Z2, C1, C2)<br \/>\nMax. Stangendurchmesser: 12,7 mm<br \/>\nMax. Drehl\u00e4nge: 120 mm<br \/>\nEilganggeschwindigkeiten: X-Achse (Linear): 40 m\/min<br \/>\nLinearmotor-K\u00fchlung: Separates K\u00fchlaggregat zur thermischen Stabilisierung des Linearantriebs.<br \/>\nZ-Achse: 30 m\/min<\/p>\n<p>Hauptspindel Drehzahlbereich: 0 \u2013 12.000 U\/min<br \/>\nAntriebsleistung: 3,7 \/ 5,5 kW<br \/>\nC-Achse: 0,001\u00b0 Aufl\u00f6sung f\u00fcr hochpr\u00e4zise Fr\u00e4sbearbeitungen<\/p>\n<p>Gegenspindel Drehzahlbereich: 0 \u2013 12.000 U\/min<br \/>\nVerfahrweg Z2: 150 mm<br \/>\nC-Achse: Vollwertige C-Achse integriert<\/p>\n<p>Werkzeugtr\u00e4ger (Linear-Schlitten-System)<br \/>\nGesamtanzahl Werkzeuge: bis zu 18 Pl\u00e4tze<br \/>\nAngetriebene Werkzeuge: 3 bis 5 Pl\u00e4tze f\u00fcr Querbearbeitung<br \/>\nDrehzahl angetr. Werkzeuge: max. 6.000 U\/min<\/p>\n<p>Lademagazin: FMB Minimag  f\u00fcr den Durchmesserbereich von 2 bis 23 mm.<br \/>\nStangenl\u00e4nge: 3.0200 mm<br \/>\nSp\u00e4nef\u00f6rderer<br \/>\nPeque\u00f1o sistema de extinci\u00f3n \/ sistemas de extinci\u00f3n de propiedad Kraft y Bauer<br \/>\nTeileseparator<br \/>\nSistema de lavado de virutas  <\/p>\n<p>Die Maschine kann nach Terminvereinbarung Strom besichtigt werden.<br \/>\nAenderungen und Irrtuemer in den technischen Daten und Angaben sowie Zwischenverkauf vorbehalten!<\/p>\n<p>For sale: a highly dynamic DMG Speed 12-7 Linear long-turning automatic lathe<br \/>\nwith FMB Minimag loading magazine.<br \/>\nControl system: Fanuc 16i-TB with DMG-specific user interface<br \/>\nYear of manufacture: 2004<\/p>\n<p>Datos t\u00e9cnicos<\/p>\n<p>Number of axes: 7 axes (X1, Y1, Z1, X2, Z2, C1, C2)<br \/>\nMax. bar diameter: 12.7 mm<br \/>\nMax. turning length: 120 mm<br \/>\nRapid traverse speeds: X-axis (linear): 40 m\/min<br \/>\nLinear motor cooling: Separate cooling unit for thermal stabilisation of the linear drive.<br \/>\nZ-axis: 30 m\/min<\/p>\n<p>Main spindle speed range: 0 \u2013 12,000 rpm<br \/>\nDrive power: 3.7 \/ 5.5 kW<br \/>\nC-axis: 0.001\u00b0 resolution for high-precision milling operations<\/p>\n<p>Counter-spindle speed range: 0 \u2013 12,000 rpm<br \/>\nTravel range Z2: 150 mm<br \/>\nC-axis: Fully-fledged C-axis integrated<\/p>\n<p>Tool carrier (linear slide system)<br \/>\nTotal number of tools: up to 18 positions<br \/>\nDriven tools: 3 to 5 positions for cross-machining<br \/>\nSpeed of driven tools: max. 6,000 rpm<\/p>\n<p>Loading magazine: FMB Minimag  for the diameter range of 2 to 23 mm.<br \/>\nBar length: 3,020 mm<br \/>\nTransportador de virutas<br \/>\nSmall fire extinguishing system \/ Kraft und Bauer object fire extinguishing systems<br \/>\nParts separator<br \/>\nSistema de lavado de virutas  <\/p>\n<p>The machine can be inspected by appointment.<br \/>\nSubject to changes and errors in the technical data and information as well as prior sale!<\/p>","protected":false},"excerpt":{"rendered":"<p>Standort: Deutschland, Baden-W\u00fcrttemberg S\u00fcdwest Zustand: Gebraucht Hersteller: DMG Modell: DMG Baujahr: 2004 Betriebsstunden: 153199 Zum Verkauf steht ein hochdynamischer Langdrehautomat DMG Speed 12-7 Linear mit Lademagazin FMB Minimag. Steuerung: Fanuc 16i-TB mit DMG-spezifischer Bedienoberfl\u00e4che Baujahr 2004 Technische Daten Anzahl der Achsen: 7 Achsen (X1, Y1, Z1, X2, Z2, C1, C2) Max. Stangendurchmesser: 12,7 mm Max. [&hellip;]<\/p>\n","protected":false},"featured_media":7564,"template":"","meta":[],"product_brand":[],"product_cat":[81],"product_tag":[],"class_list":{"0":"post-5018","1":"product","2":"type-product","3":"status-publish","4":"has-post-thumbnail","6":"product_cat-cnc-langdrehmaschinen","8":"first","9":"instock","10":"taxable","11":"shipping-taxable","12":"product-type-simple"},"aioseo_notices":[],"_links":{"self":[{"href":"https:\/\/www.horn-wzm.de\/es\/wp-json\/wp\/v2\/product\/5018","targetHints":{"allow":["GET"]}}],"collection":[{"href":"https:\/\/www.horn-wzm.de\/es\/wp-json\/wp\/v2\/product"}],"about":[{"href":"https:\/\/www.horn-wzm.de\/es\/wp-json\/wp\/v2\/types\/product"}],"version-history":[{"count":2,"href":"https:\/\/www.horn-wzm.de\/es\/wp-json\/wp\/v2\/product\/5018\/revisions"}],"predecessor-version":[{"id":7571,"href":"https:\/\/www.horn-wzm.de\/es\/wp-json\/wp\/v2\/product\/5018\/revisions\/7571"}],"wp:featuredmedia":[{"embeddable":true,"href":"https:\/\/www.horn-wzm.de\/es\/wp-json\/wp\/v2\/media\/7564"}],"wp:attachment":[{"href":"https:\/\/www.horn-wzm.de\/es\/wp-json\/wp\/v2\/media?parent=5018"}],"wp:term":[{"taxonomy":"product_brand","embeddable":true,"href":"https:\/\/www.horn-wzm.de\/es\/wp-json\/wp\/v2\/product_brand?post=5018"},{"taxonomy":"product_cat","embeddable":true,"href":"https:\/\/www.horn-wzm.de\/es\/wp-json\/wp\/v2\/product_cat?post=5018"},{"taxonomy":"product_tag","embeddable":true,"href":"https:\/\/www.horn-wzm.de\/es\/wp-json\/wp\/v2\/product_tag?post=5018"}],"curies":[{"name":"wp","href":"https:\/\/api.w.org\/{rel}","templated":true}]}}