{"id":4604,"date":"2024-11-12T14:34:49","date_gmt":"2024-11-12T13:34:49","guid":{"rendered":"https:\/\/www.horn-wzm.de\/shop\/unkategorisiert\/gebr-werkzeughalter-star-421-54-00-intnr231133\/"},"modified":"2024-11-12T14:34:49","modified_gmt":"2024-11-12T13:34:49","slug":"gebr-portaherramientas-star-421-54-00-intnr231133","status":"publish","type":"product","link":"https:\/\/www.horn-wzm.de\/es\/shop\/werkzeughalter\/gebr-werkzeughalter-star-421-54-00-intnr231133\/","title":{"rendered":"portaherramientas de marca STAR 421-54-00 (IntNo231133)"},"content":{"rendered":"<p><b>Ubicaci\u00f3n:<\/b> Alemania, Baden-W\u00fcrttemberg Suroeste<\/p>\n<p><b>Zustand:<\/b> Como nuevo<\/p>\n<p><b>Hersteller:<\/b> STAR Micronics<\/p>\n<p>Accesorio de corte para sierra \u00d850 x \u00d83mm<br \/>\npara husillo principal y contrahusillo<br \/>\n421-54-00<br \/>\nAdecuado para los siguientes tipos de m\u00e1quinas STAR:<br \/>\nST-20-32-38 SV-12-20-32 \/ ECAS<br \/>\nRelaci\u00f3n de transmisi\u00f3n 1:0,3<br \/>\nVelocidad de entrada m\u00e1x. 5750 1\/min<br \/>\nVelocidad de salida m\u00e1x. 1725 1\/min<br \/>\nPar de salida m\u00e1x. 4 Nm<br \/>\nAenderungen und Irrtuemer in den technischen Daten und Angaben sowie Zwischenverkauf vorbehalten!<\/p>\n<p>Accesorio de corte para sierra \u00d850 x \u00d83mm<br \/>\npara husillo principal y contrahusillo<br \/>\n421-54-00<br \/>\nAdecuado para los siguientes tipos de m\u00e1quinas STAR:<br \/>\nST-20-32-38 SV-12-20-32 \/ ECAS<br \/>\nRelaci\u00f3n de transmisi\u00f3n 1:0,3<br \/>\nVelocidad de entrada m\u00e1x. 5750 1\/min<br \/>\nVelocidad de salida m\u00e1x. 1725 1\/min<br \/>\nPar de salida m\u00e1x. 4 Nm<br \/>\nSubject to changes and errors in the technical data and information as well as prior sale!<\/p>","protected":false},"excerpt":{"rendered":"<p>Standort: Deutschland, Baden-W\u00fcrttemberg S\u00fcdwest Zustand: Neuwertig Hersteller: STAR Micronics Schlitzapparat f\u00fcr S\u00e4ge \u00d850 x \u00d83mm zu Hauptspindel und Gegenspindel 421-54-00 Passend f\u00fcr folgende STAR-Maschinentypen: ST-20-32-38 SV-12-20-32 \/ ECAS \u00dcbersetzung 1:0,3 Eingangsdrehzahl max. 5750 1\/min Ausgangsdrehzahl max. 1725 1\/min Ausgangsdrehmoment max. 4 Nm Aenderungen und Irrtuemer in den technischen Daten und Angaben sowie Zwischenverkauf vorbehalten! Slitting [&hellip;]<\/p>\n","protected":false},"featured_media":4602,"template":"","meta":[],"product_brand":[],"product_cat":[84],"product_tag":[],"class_list":{"0":"post-4604","1":"product","2":"type-product","3":"status-publish","4":"has-post-thumbnail","6":"product_cat-werkzeughalter","8":"first","9":"instock","10":"taxable","11":"shipping-taxable","12":"product-type-simple"},"aioseo_notices":[],"_links":{"self":[{"href":"https:\/\/www.horn-wzm.de\/es\/wp-json\/wp\/v2\/product\/4604","targetHints":{"allow":["GET"]}}],"collection":[{"href":"https:\/\/www.horn-wzm.de\/es\/wp-json\/wp\/v2\/product"}],"about":[{"href":"https:\/\/www.horn-wzm.de\/es\/wp-json\/wp\/v2\/types\/product"}],"version-history":[{"count":1,"href":"https:\/\/www.horn-wzm.de\/es\/wp-json\/wp\/v2\/product\/4604\/revisions"}],"predecessor-version":[{"id":4605,"href":"https:\/\/www.horn-wzm.de\/es\/wp-json\/wp\/v2\/product\/4604\/revisions\/4605"}],"wp:featuredmedia":[{"embeddable":true,"href":"https:\/\/www.horn-wzm.de\/es\/wp-json\/wp\/v2\/media\/4602"}],"wp:attachment":[{"href":"https:\/\/www.horn-wzm.de\/es\/wp-json\/wp\/v2\/media?parent=4604"}],"wp:term":[{"taxonomy":"product_brand","embeddable":true,"href":"https:\/\/www.horn-wzm.de\/es\/wp-json\/wp\/v2\/product_brand?post=4604"},{"taxonomy":"product_cat","embeddable":true,"href":"https:\/\/www.horn-wzm.de\/es\/wp-json\/wp\/v2\/product_cat?post=4604"},{"taxonomy":"product_tag","embeddable":true,"href":"https:\/\/www.horn-wzm.de\/es\/wp-json\/wp\/v2\/product_tag?post=4604"}],"curies":[{"name":"wp","href":"https:\/\/api.w.org\/{rel}","templated":true}]}}