{"id":4596,"date":"2024-11-12T14:27:53","date_gmt":"2024-11-12T13:27:53","guid":{"rendered":"https:\/\/www.horn-wzm.de\/shop\/unkategorisiert\/gebr-werkzeughalter-star-421-03-00-intnr231131\/"},"modified":"2024-11-12T14:27:53","modified_gmt":"2024-11-12T13:27:53","slug":"gebr-portaherramientas-star-421-03-00-intnr231131","status":"publish","type":"product","link":"https:\/\/www.horn-wzm.de\/es\/shop\/werkzeughalter\/gebr-werkzeughalter-star-421-03-00-intnr231131\/","title":{"rendered":"portaherramientas de marca STAR 421-03-00 (IntNo231131)"},"content":{"rendered":"<p><b>Ubicaci\u00f3n:<\/b> Alemania, Baden-W\u00fcrttemberg Suroeste<\/p>\n<p><b>Zustand:<\/b> Como nuevo<\/p>\n<p><b>Hersteller:<\/b> STAR Micronics<\/p>\n<p>Portaherramientas de 3 pliegues con mango de 12 x 12 mm para mecanizado en retroceso<br \/>\nPara contrahusillo<br \/>\n421-03-00<br \/>\nAdecuado para los siguientes tipos de m\u00e1quinas STAR:<br \/>\nST-20-32-38 SV-12-20-32 \/ ECAS<br \/>\nSubject to changes and errors in the technical data and information as well as prior sale!<\/p>","protected":false},"excerpt":{"rendered":"<p>Ubicaci\u00f3n: Alemania, Baden-W\u00fcrttemberg S\u00fcdwest Estado: Mint Fabricante: STAR Micronics Portaherramientas de 3 pliegues 12 x 12mm v\u00e1stago para el mecanizado de espalda Para contrahusillo 421-03-00 Adecuado para los siguientes tipos de m\u00e1quinas STAR: ST-20-32-38 SV-12-20-32 \/ ECAS \u00a1Sujeto a cambios y errores en los datos t\u00e9cnicos y la informaci\u00f3n, as\u00ed como la venta previa!<\/p>","protected":false},"featured_media":4594,"template":"","meta":[],"product_brand":[],"product_cat":[84],"product_tag":[],"class_list":{"0":"post-4596","1":"product","2":"type-product","3":"status-publish","4":"has-post-thumbnail","6":"product_cat-werkzeughalter","8":"first","9":"instock","10":"taxable","11":"shipping-taxable","12":"product-type-simple"},"aioseo_notices":[],"_links":{"self":[{"href":"https:\/\/www.horn-wzm.de\/es\/wp-json\/wp\/v2\/product\/4596","targetHints":{"allow":["GET"]}}],"collection":[{"href":"https:\/\/www.horn-wzm.de\/es\/wp-json\/wp\/v2\/product"}],"about":[{"href":"https:\/\/www.horn-wzm.de\/es\/wp-json\/wp\/v2\/types\/product"}],"version-history":[{"count":1,"href":"https:\/\/www.horn-wzm.de\/es\/wp-json\/wp\/v2\/product\/4596\/revisions"}],"predecessor-version":[{"id":4597,"href":"https:\/\/www.horn-wzm.de\/es\/wp-json\/wp\/v2\/product\/4596\/revisions\/4597"}],"wp:featuredmedia":[{"embeddable":true,"href":"https:\/\/www.horn-wzm.de\/es\/wp-json\/wp\/v2\/media\/4594"}],"wp:attachment":[{"href":"https:\/\/www.horn-wzm.de\/es\/wp-json\/wp\/v2\/media?parent=4596"}],"wp:term":[{"taxonomy":"product_brand","embeddable":true,"href":"https:\/\/www.horn-wzm.de\/es\/wp-json\/wp\/v2\/product_brand?post=4596"},{"taxonomy":"product_cat","embeddable":true,"href":"https:\/\/www.horn-wzm.de\/es\/wp-json\/wp\/v2\/product_cat?post=4596"},{"taxonomy":"product_tag","embeddable":true,"href":"https:\/\/www.horn-wzm.de\/es\/wp-json\/wp\/v2\/product_tag?post=4596"}],"curies":[{"name":"wp","href":"https:\/\/api.w.org\/{rel}","templated":true}]}}