{"id":4537,"date":"2024-11-12T12:26:09","date_gmt":"2024-11-12T11:26:09","guid":{"rendered":"https:\/\/www.horn-wzm.de\/shop\/unkategorisiert\/star-3-fach-bohrhalter-o22mm-mit-kuehlmittelzufuehrung-extern-oder-intern-intnr231119\/"},"modified":"2024-11-12T12:26:09","modified_gmt":"2024-11-12T11:26:09","slug":"portabrocas-estrella-de-3-pliegues-o22mm-con-alimentacion-de-refrigerante-externa-o-interna-intnr231119","status":"publish","type":"product","link":"https:\/\/www.horn-wzm.de\/es\/shop\/werkzeughalter\/star-3-fach-bohrhalter-o22mm-mit-kuehlmittelzufuehrung-extern-oder-intern-intnr231119\/","title":{"rendered":"STAR Soporte de broca de 3 pliegues \u00d822mm con suministro de refrigerante (externo o interno) IntNr231119"},"content":{"rendered":"<p><b>Ubicaci\u00f3n:<\/b> Alemania, Baden-W\u00fcrttemberg Suroeste<\/p>\n<p><b>Zustand:<\/b> Como nuevo<\/p>\n<p><b>Hersteller:<\/b> STAR Micronics<\/p>\n<p><b>A\u00f1o de construcci\u00f3n:<\/b> 2021<\/p>\n<p>Portabrocas de 3 pliegues \u00d822mm con suministro de refrigerante (externo o<br \/>\ninterno) al husillo principal y al contrahusillo<br \/>\n7.074.495<br \/>\nAdecuado para los siguientes tipos de m\u00e1quinas STAR:<br \/>\nST-20-32-38 SV-12-20-32 \/ ECAS<br \/>\nAenderungen und Irrtuemer in den technischen Daten und Angaben sowie Zwischenverkauf vorbehalten!<\/p>\n<p>Portabrocas de 3 pliegues \u00d822mm con suministro de refrigerante (externo o<br \/>\ninterno) al husillo principal y al contrahusillo<br \/>\n7.074.495<br \/>\nAdecuado para los siguientes tipos de m\u00e1quinas STAR:<br \/>\nST-20-32-38- SV-12-20-32 \/ ECAS<br \/>\nSubject to changes and errors in the technical data and information as well as prior sale!<\/p>","protected":false},"excerpt":{"rendered":"<p>Standort: Deutschland, Baden-W\u00fcrttemberg S\u00fcdwest Zustand: Neuwertig Hersteller: STAR Micronics Baujahr: 2021 3-fach Bohrhalter \u00d822mm mit K\u00fchlmittelzuf\u00fchrung (extern oder intern) zu Hauptspindel und Gegenspindel 7.074.495 Passend f\u00fcr folgende STAR-Maschinentypen: ST-20-32-38 SV-12-20-32 \/ ECAS Aenderungen und Irrtuemer in den technischen Daten und Angaben sowie Zwischenverkauf vorbehalten! 3-fold drill holder \u00d822mm with coolant supply (external or internal) to [&hellip;]<\/p>\n","protected":false},"featured_media":4535,"template":"","meta":[],"product_brand":[],"product_cat":[84],"product_tag":[],"class_list":{"0":"post-4537","1":"product","2":"type-product","3":"status-publish","4":"has-post-thumbnail","6":"product_cat-werkzeughalter","8":"first","9":"instock","10":"taxable","11":"shipping-taxable","12":"product-type-simple"},"aioseo_notices":[],"_links":{"self":[{"href":"https:\/\/www.horn-wzm.de\/es\/wp-json\/wp\/v2\/product\/4537","targetHints":{"allow":["GET"]}}],"collection":[{"href":"https:\/\/www.horn-wzm.de\/es\/wp-json\/wp\/v2\/product"}],"about":[{"href":"https:\/\/www.horn-wzm.de\/es\/wp-json\/wp\/v2\/types\/product"}],"version-history":[{"count":1,"href":"https:\/\/www.horn-wzm.de\/es\/wp-json\/wp\/v2\/product\/4537\/revisions"}],"predecessor-version":[{"id":4538,"href":"https:\/\/www.horn-wzm.de\/es\/wp-json\/wp\/v2\/product\/4537\/revisions\/4538"}],"wp:featuredmedia":[{"embeddable":true,"href":"https:\/\/www.horn-wzm.de\/es\/wp-json\/wp\/v2\/media\/4535"}],"wp:attachment":[{"href":"https:\/\/www.horn-wzm.de\/es\/wp-json\/wp\/v2\/media?parent=4537"}],"wp:term":[{"taxonomy":"product_brand","embeddable":true,"href":"https:\/\/www.horn-wzm.de\/es\/wp-json\/wp\/v2\/product_brand?post=4537"},{"taxonomy":"product_cat","embeddable":true,"href":"https:\/\/www.horn-wzm.de\/es\/wp-json\/wp\/v2\/product_cat?post=4537"},{"taxonomy":"product_tag","embeddable":true,"href":"https:\/\/www.horn-wzm.de\/es\/wp-json\/wp\/v2\/product_tag?post=4537"}],"curies":[{"name":"wp","href":"https:\/\/api.w.org\/{rel}","templated":true}]}}