{"id":4122,"date":"2024-10-23T14:52:31","date_gmt":"2024-10-23T12:52:31","guid":{"rendered":"https:\/\/www.horn-wzm.de\/shop\/unkategorisiert\/werkzeughalter-agw_star-2-spindel-front-rueckseitenbearbeitung-er11_nr-431-59-art-nr-18136-intnr202101167\/"},"modified":"2024-10-23T14:52:31","modified_gmt":"2024-10-23T12:52:31","slug":"portaherramientas-agw_star-2-husillo-mecanizado-anterior-mecanizado-posterior-er11_nr-431-59-art-nr-18136-intnr202101167","status":"publish","type":"product","link":"https:\/\/www.horn-wzm.de\/es\/shop\/werkzeughalter\/werkzeughalter-agw_star-2-spindel-front-rueckseitenbearbeitung-er11_nr-431-59-art-nr-18136-intnr202101167\/","title":{"rendered":"Portaherramientas AGW_Star -2-husillo mecanizado frontal\/trasero ER11_No.431-59 \/ Referencia: 18136 (IntNo202101167)"},"content":{"rendered":"<p><b>Zustand:<\/b> Nuevo<\/p>\n<p><b>Hersteller:<\/b> STAR Micronics<\/p>\n<p>Portaherramientas Star-2-Husillo frontal para taladrar\/fresar ER16<br \/>\npara mecanizado delantero\/trasero<br \/>\nN\u00ba 431-59 \/ Referencia: 18136 <\/p>\n<p>Seg\u00fan Star Adecuado para tipos:<br \/>\nECAS-32T; ST-38; SV-32; SV-38R; SX-38-A<br \/>\nVelocidad m\u00e1x. 6000 1\/mm<br \/>\nm\u00e1x. 13 Nm<br \/>\nTraducci\u00f3n 1:1<br \/>\nAenderungen und Irrtuemer in den technischen Daten und Angaben sowie Zwischenverkauf vorbehalten!<\/p>","protected":false},"excerpt":{"rendered":"<p>Estado: Nuevo Fabricante: STAR Micronics Portaherramientas Star-2-Husillo-Fresadora frontal ER16 para mecanizado frontal\/trasero No.431-59 \/ Art.- No.: 18136 Lt. Star Adecuado para los tipos: ECAS-32T; ST-38; SV-32; SV-38R; SX-38-A Velocidad m\u00e1x. 6000 1\/mm m\u00e1x. 13 Nm Relaci\u00f3n de transmisi\u00f3n 1:1 \u00a1Sujeto a modificaciones y errores en los datos t\u00e9cnicos y en la informaci\u00f3n, as\u00ed como a la venta previa!<\/p>","protected":false},"featured_media":4121,"template":"","meta":[],"product_brand":[],"product_cat":[84],"product_tag":[],"class_list":{"0":"post-4122","1":"product","2":"type-product","3":"status-publish","4":"has-post-thumbnail","6":"product_cat-werkzeughalter","8":"first","9":"instock","10":"taxable","11":"shipping-taxable","12":"product-type-simple"},"aioseo_notices":[],"_links":{"self":[{"href":"https:\/\/www.horn-wzm.de\/es\/wp-json\/wp\/v2\/product\/4122","targetHints":{"allow":["GET"]}}],"collection":[{"href":"https:\/\/www.horn-wzm.de\/es\/wp-json\/wp\/v2\/product"}],"about":[{"href":"https:\/\/www.horn-wzm.de\/es\/wp-json\/wp\/v2\/types\/product"}],"version-history":[{"count":1,"href":"https:\/\/www.horn-wzm.de\/es\/wp-json\/wp\/v2\/product\/4122\/revisions"}],"predecessor-version":[{"id":4123,"href":"https:\/\/www.horn-wzm.de\/es\/wp-json\/wp\/v2\/product\/4122\/revisions\/4123"}],"wp:featuredmedia":[{"embeddable":true,"href":"https:\/\/www.horn-wzm.de\/es\/wp-json\/wp\/v2\/media\/4121"}],"wp:attachment":[{"href":"https:\/\/www.horn-wzm.de\/es\/wp-json\/wp\/v2\/media?parent=4122"}],"wp:term":[{"taxonomy":"product_brand","embeddable":true,"href":"https:\/\/www.horn-wzm.de\/es\/wp-json\/wp\/v2\/product_brand?post=4122"},{"taxonomy":"product_cat","embeddable":true,"href":"https:\/\/www.horn-wzm.de\/es\/wp-json\/wp\/v2\/product_cat?post=4122"},{"taxonomy":"product_tag","embeddable":true,"href":"https:\/\/www.horn-wzm.de\/es\/wp-json\/wp\/v2\/product_tag?post=4122"}],"curies":[{"name":"wp","href":"https:\/\/api.w.org\/{rel}","templated":true}]}}