{"id":7797,"date":"2026-04-01T12:08:57","date_gmt":"2026-04-01T10:08:57","guid":{"rendered":"https:\/\/www.horn-wzm.de\/shop\/unkategorisiert\/dmg-dmu-40-evo-linear-bj-2012-intnr231419\/"},"modified":"2026-04-01T12:08:58","modified_gmt":"2026-04-01T10:08:58","slug":"dmg-dmu-40-evo-linear-year-2012-intnr231419","status":"publish","type":"product","link":"https:\/\/www.horn-wzm.de\/en\/shop\/cnc-bearbeitungszentrum\/dmg-dmu-40-evo-linear-bj-2012-intnr231419\/","title":{"rendered":"DMG DMU 40 eVo linear year 2012, IntNo231419"},"content":{"rendered":"<p><b>Location:<\/b> Germany, Baden-W\u00fcrttemberg Southwest<\/p>\n<p><b>Zustand:<\/b> As good as new<\/p>\n<p><b>Hersteller:<\/b> DMG<\/p>\n<p><b>Modell:<\/b> DMG<\/p>\n<p><b>Year of construction:<\/b> 2012<\/p>\n<p><b>Operating hours:<\/b> 0<\/p>\n<p>reconditioned CNC 5-axis vertical machining centre DMG DMU 40 eVo linear, year 2012, IntNo231419<br \/>\nControl system<br \/>\nHEIDENHAIN brand<br \/>\nModel 530<\/p>\n<p>Main drive<br \/>\nSpindle speed range 14000<br \/>\nNumber of axles 5<\/p>\n<p>Travelling distances<br \/>\nTraverse path X-axis 400 mm<br \/>\nTraverse path Y-axis 400 mm<br \/>\nZ-axis travel 375 mm<\/p>\n<p>Included are:<br \/>\nTool change, 120 places Tool holder type SK 40<br \/>\nTable rotary feed-through for workpiece clamping<br \/>\nSide door for robot loading<br \/>\nRenishaw tool breakage control<br \/>\nHeidenhain measuring probe<br \/>\nIKZ system, with 600 litre tank<br \/>\nEmulsion cancellation<br \/>\nActive cooler for the spindle<br \/>\nX + Y-axis linear drives<br \/>\nGlass scales<\/p>\n<p>Die Maschine kann nach Terminvereinbarung Strom besichtigt werden.<br \/>\nChanges and errors in the technical data and information as well as prior sale reserved!<\/p>\n<p>completely overhauled CNC 5-axis vertical machining centre DMG DMU 40 eVo linear, built in 2012, IntNr231419<br \/>\nControl<br \/>\nBrand HEIDENHAIN<br \/>\nModel 530<\/p>\n<p>Main drive<br \/>\nSpindle speed range 14000<br \/>\nNumber of axes 5<\/p>\n<p>Travel distances<br \/>\nTravel distance X-axis 400 mm<br \/>\nTravel distance Y-axis 400 mm<br \/>\nTravel range Z-axis 375 mm<\/p>\n<p>Includes:<br \/>\nTool change, 120-position SK 40 tool holder<br \/>\nTable rotary feed for workpiece clamping<br \/>\nSide door for robot loading<br \/>\nRenishaw tool breakage control<br \/>\nHeidenhain measuring probe<br \/>\nIKZ system, with 600 l tank<br \/>\nEmulsion extraction system<br \/>\nActive cooler for the spindle<br \/>\nX + Y-axis linear drives<br \/>\nGlass scales<\/p>\n<p>The machine can be viewed by appointment.<br \/>\nSubject to changes and errors in the technical data and specifications, as well as prior sale!<\/p>","protected":false},"excerpt":{"rendered":"<p>Standort: Deutschland, Baden-W\u00fcrttemberg S\u00fcdwest Zustand: Neuwertig Hersteller: DMG Modell: DMG Baujahr: 2012 Betriebsstunden: 0 neuwertiges grund\u00fcberholtes CNC 5-Achs-Vertikales Bearbeitungszentrum DMG DMU 40 eVo linear, Bj. 2012, IntNr231419 Steuerung Marke HEIDENHAIN Modell 530 Hauptantrieb Spindeldrehzahlbereich 14000 Anzahl der Achsen 5 Verfahrwege Verfahrweg X-Achse 400 mm Verfahrweg Y-Achse 400 mm Verfahrweg Z-Achse 375 mm Beinhaltet sind: Werkzeugwechsel, [&hellip;]<\/p>\n","protected":false},"featured_media":7789,"template":"","meta":[],"product_brand":[],"product_cat":[88],"product_tag":[],"class_list":{"0":"post-7797","1":"product","2":"type-product","3":"status-publish","4":"has-post-thumbnail","6":"product_cat-cnc-bearbeitungszentrum","8":"first","9":"instock","10":"taxable","11":"shipping-taxable","12":"product-type-simple"},"aioseo_notices":[],"_links":{"self":[{"href":"https:\/\/www.horn-wzm.de\/en\/wp-json\/wp\/v2\/product\/7797","targetHints":{"allow":["GET"]}}],"collection":[{"href":"https:\/\/www.horn-wzm.de\/en\/wp-json\/wp\/v2\/product"}],"about":[{"href":"https:\/\/www.horn-wzm.de\/en\/wp-json\/wp\/v2\/types\/product"}],"version-history":[{"count":1,"href":"https:\/\/www.horn-wzm.de\/en\/wp-json\/wp\/v2\/product\/7797\/revisions"}],"predecessor-version":[{"id":7798,"href":"https:\/\/www.horn-wzm.de\/en\/wp-json\/wp\/v2\/product\/7797\/revisions\/7798"}],"wp:featuredmedia":[{"embeddable":true,"href":"https:\/\/www.horn-wzm.de\/en\/wp-json\/wp\/v2\/media\/7789"}],"wp:attachment":[{"href":"https:\/\/www.horn-wzm.de\/en\/wp-json\/wp\/v2\/media?parent=7797"}],"wp:term":[{"taxonomy":"product_brand","embeddable":true,"href":"https:\/\/www.horn-wzm.de\/en\/wp-json\/wp\/v2\/product_brand?post=7797"},{"taxonomy":"product_cat","embeddable":true,"href":"https:\/\/www.horn-wzm.de\/en\/wp-json\/wp\/v2\/product_cat?post=7797"},{"taxonomy":"product_tag","embeddable":true,"href":"https:\/\/www.horn-wzm.de\/en\/wp-json\/wp\/v2\/product_tag?post=7797"}],"curies":[{"name":"wp","href":"https:\/\/api.w.org\/{rel}","templated":true}]}}