{"id":6868,"date":"2025-10-31T17:40:10","date_gmt":"2025-10-31T16:40:10","guid":{"rendered":"https:\/\/www.horn-wzm.de\/shop\/unkategorisiert\/teilereinigungsanlage-pero-r1-414-ex_bj-2079_intnr231417\/"},"modified":"2025-10-31T17:40:10","modified_gmt":"2025-10-31T16:40:10","slug":"parts-cleaning-system-pero-r1-414-ex_bj-2079_intnr231417","status":"publish","type":"product","link":"https:\/\/www.horn-wzm.de\/en\/shop\/industrielle-reinigungsanlagen\/teilereinigungsanlage-pero-r1-414-ex_bj-2079_intnr231417\/","title":{"rendered":"Parts cleaning system PERO R1 \/ 414 EX_Bj. 2079_IntNr231417"},"content":{"rendered":"<p><b>Location:<\/b> Germany, Baden-W\u00fcrttemberg Southwest<\/p>\n<p><b>Zustand:<\/b> Used<\/p>\n<p><b>Hersteller:<\/b> Pero<\/p>\n<p><b>Modell:<\/b> Pero<\/p>\n<p><b>Year of construction:<\/b> 2017<\/p>\n<p>Technical description - PERO RO<br \/>\nManufacturer: PERO AG<br \/>\nModel: RO R1 \/ 414-EX<br \/>\nYear 2017 \/ 10<\/p>\n<p>Machine type: Cleaning system \/ degreasing system<br \/>\nProcess: Solvent cleaning (e.g. modified alcohols or hydrocarbons)<\/p>\n<p>Technical data (typical for this series):<\/p>\n<p>Cleaning system: closed circuit, fully automatic<\/p>\n<p>Working chamber size: approx. 530 \u00d7 320 \u00d7 200 mm<\/p>\n<p>Max. Batch weight: approx. 50 - 80 kg<\/p>\n<p>Solvent: modified alcohol (hydrocarbon-based)<\/p>\n<p>Drying: Vacuum drying<\/p>\n<p>Control: PLC control with touch panel<\/p>\n<p>Equipment: integrated distillation unit, filter system, oil separation<\/p>\n<p>Power consumption: approx. 10 - 15 kW<\/p>\n<p>Vacuum pump: integrated<\/p>\n<p>Condition: very good, well-kept condition - from current production<\/p>\n<p>Special features:<\/p>\n<p>Energy-saving cleaning system with closed solvent circuit<\/p>\n<p>High cleaning quality with minimum solvent consumption<\/p>\n<p>Ideal for precision engineering and machining operations<\/p>\n<p>Die Maschine kann nach Terminvereinbarung Strom besichtigt werden.<br \/>\nChanges and errors in the technical data and information as well as prior sale reserved!<\/p>\n<p>Manufacturer: PERO AG<br \/>\nModel: RO R1 \/ 414-EX<br \/>\nYear of manufacture: 10 \/ 2017<\/p>\n<p>Machine type: Cleaning system \/ Degreasing unit<br \/>\nProcess: Solvent cleaning (e.g. modified alcohols or hydrocarbons)<\/p>\n<p>Technical data (typical for this series):<\/p>\n<p>Cleaning system: Closed-loop system, fully automatic<\/p>\n<p>Working chamber dimensions: approx. 530 \u00d7 320 \u00d7 200 mm<\/p>\n<p>Maximum batch weight: approx. 50 - 80 kg<\/p>\n<p>Solvent: Modified alcohol (hydrocarbon-based)<\/p>\n<p>Drying: Vacuum drying<\/p>\n<p>Control system: PLC control with touch panel<\/p>\n<p>Equipment: Integrated distillation unit, filtration system, oil separator<\/p>\n<p>Power consumption: approx. 10 - 15 kW<\/p>\n<p>Vacuum pump: Integrated<\/p>\n<p>Condition: Very good, well-maintained condition - from ongoing production<\/p>\n<p>Special features:<\/p>\n<p>Energy-efficient cleaning system with closed solvent circuit<\/p>\n<p>Excellent cleaning quality with minimal solvent consumption<\/p>\n<p>Ideal for precision engineering and metal-cutting industries<\/p>\n<p>The machine can be inspected under power by prior appointment.<br \/>\nTechnical data and specifications are subject to change and errors. Prior sale reserved.<\/p>","protected":false},"excerpt":{"rendered":"<p>Standort: Deutschland, Baden-W\u00fcrttemberg S\u00fcdwest Zustand: Gebraucht Hersteller: Pero Modell: Pero Baujahr: 2017 Technische Beschreibung \u2013 PERO RO Hersteller: PERO AG Modell: RO R1 \/ 414-EX Bj. 2017 \/ 10 Maschinentyp: Reinigungsanlage \/ Entfettungsanlage Verfahren: L\u00f6semittelreinigung (z. B. modifizierte Alkohole oder Kohlenwasserstoffe) Technische Daten (typisch f\u00fcr diese Baureihe): Reinigungssystem: geschlossener Kreislauf, vollautomatisch Arbeitskammergr\u00f6\u00dfe: ca. 530 \u00d7 [&hellip;]<\/p>\n","protected":false},"featured_media":6864,"template":"","meta":[],"product_brand":[],"product_cat":[97],"product_tag":[],"class_list":{"0":"post-6868","1":"product","2":"type-product","3":"status-publish","4":"has-post-thumbnail","6":"product_cat-industrielle-reinigungsanlagen","8":"first","9":"instock","10":"taxable","11":"shipping-taxable","12":"product-type-simple"},"aioseo_notices":[],"_links":{"self":[{"href":"https:\/\/www.horn-wzm.de\/en\/wp-json\/wp\/v2\/product\/6868","targetHints":{"allow":["GET"]}}],"collection":[{"href":"https:\/\/www.horn-wzm.de\/en\/wp-json\/wp\/v2\/product"}],"about":[{"href":"https:\/\/www.horn-wzm.de\/en\/wp-json\/wp\/v2\/types\/product"}],"version-history":[{"count":1,"href":"https:\/\/www.horn-wzm.de\/en\/wp-json\/wp\/v2\/product\/6868\/revisions"}],"predecessor-version":[{"id":6869,"href":"https:\/\/www.horn-wzm.de\/en\/wp-json\/wp\/v2\/product\/6868\/revisions\/6869"}],"wp:featuredmedia":[{"embeddable":true,"href":"https:\/\/www.horn-wzm.de\/en\/wp-json\/wp\/v2\/media\/6864"}],"wp:attachment":[{"href":"https:\/\/www.horn-wzm.de\/en\/wp-json\/wp\/v2\/media?parent=6868"}],"wp:term":[{"taxonomy":"product_brand","embeddable":true,"href":"https:\/\/www.horn-wzm.de\/en\/wp-json\/wp\/v2\/product_brand?post=6868"},{"taxonomy":"product_cat","embeddable":true,"href":"https:\/\/www.horn-wzm.de\/en\/wp-json\/wp\/v2\/product_cat?post=6868"},{"taxonomy":"product_tag","embeddable":true,"href":"https:\/\/www.horn-wzm.de\/en\/wp-json\/wp\/v2\/product_tag?post=6868"}],"curies":[{"name":"wp","href":"https:\/\/api.w.org\/{rel}","templated":true}]}}